{"id":18374,"date":"2025-07-30T16:21:13","date_gmt":"2025-07-30T16:21:13","guid":{"rendered":"https:\/\/esquell.eu\/product\/schachtel-birnenform-64mm\/"},"modified":"2026-01-10T14:25:43","modified_gmt":"2026-01-10T14:25:43","slug":"schachtel-birnenform-64mm","status":"publish","type":"product","link":"https:\/\/esquell.eu\/de\/produkt\/schachtel-birnenform-64mm\/","title":{"rendered":"Schachtel Birnenform 6*4mm"},"content":{"rendered":"<p>Putty Birne 6*4 mm<\/p>\n<p>925 Silber<\/p>\n","protected":false},"excerpt":{"rendered":"<p>L\u00fcnette, birnenf\u00f6rmig, f\u00fcr Zirkoniumdioxid<\/p>\n","protected":false},"featured_media":18375,"comment_status":"closed","ping_status":"closed","template":"","meta":{"_acf_changed":false,"_seopress_robots_primary_cat":"","_seopress_titles_title":"","_seopress_titles_desc":"","_seopress_robots_index":""},"more":[],"product_brand":[6703],"product_cat":[11005],"product_tag":[],"class_list":{"0":"post-18374","1":"product","2":"type-product","3":"status-publish","4":"has-post-thumbnail","6":"product_brand-bm","7":"product_cat-siedlungen-und-chatons","9":"first","10":"instock","11":"taxable","12":"shipping-taxable","13":"purchasable","14":"product-type-simple"},"acf":[],"_links":{"self":[{"href":"https:\/\/esquell.eu\/de\/wp-json\/wp\/v2\/product\/18374","targetHints":{"allow":["GET"]}}],"collection":[{"href":"https:\/\/esquell.eu\/de\/wp-json\/wp\/v2\/product"}],"about":[{"href":"https:\/\/esquell.eu\/de\/wp-json\/wp\/v2\/types\/product"}],"replies":[{"embeddable":true,"href":"https:\/\/esquell.eu\/de\/wp-json\/wp\/v2\/comments?post=18374"}],"wp:featuredmedia":[{"embeddable":true,"href":"https:\/\/esquell.eu\/de\/wp-json\/wp\/v2\/media\/18375"}],"wp:attachment":[{"href":"https:\/\/esquell.eu\/de\/wp-json\/wp\/v2\/media?parent=18374"}],"wp:term":[{"taxonomy":"more","embeddable":true,"href":"https:\/\/esquell.eu\/de\/wp-json\/wp\/v2\/more?post=18374"},{"taxonomy":"product_brand","embeddable":true,"href":"https:\/\/esquell.eu\/de\/wp-json\/wp\/v2\/product_brand?post=18374"},{"taxonomy":"product_cat","embeddable":true,"href":"https:\/\/esquell.eu\/de\/wp-json\/wp\/v2\/product_cat?post=18374"},{"taxonomy":"product_tag","embeddable":true,"href":"https:\/\/esquell.eu\/de\/wp-json\/wp\/v2\/product_tag?post=18374"}],"curies":[{"name":"wp","href":"https:\/\/api.w.org\/{rel}","templated":true}]}}