{"id":18368,"date":"2025-08-22T18:48:16","date_gmt":"2025-08-22T18:48:16","guid":{"rendered":"https:\/\/esquell.eu\/product\/bronzedraht-dead-soft-extra-weich-verschiedene-dicken\/"},"modified":"2026-04-21T16:09:16","modified_gmt":"2026-04-21T16:09:16","slug":"bronzedraht-dead-soft-extra-weich-verschiedene-dicken","status":"publish","type":"product","link":"https:\/\/esquell.eu\/de\/produkt\/bronzedraht-dead-soft-extra-weich-verschiedene-dicken\/","title":{"rendered":"Bronzedraht Dead Soft Extra weich. Verschiedene Dicken"},"content":{"rendered":"<p>Dead Soft Bronzedraht ist eine echte Bronzelegierung aus Zinn und Kupfer.<br \/>\nDer meiste so genannte &#8220;Bronzedraht&#8221;, der verkauft wird, ist in Wirklichkeit eine Legierung aus Kupfer und Zink, was technisch gesehen Messing ist.<br \/>\nDiese Bronze l\u00e4sst sich hervorragend mit Metallton verarbeiten und kann mitgebrannt werden.<br \/>\nDa er etwas weniger Zinn als \u00fcblich enth\u00e4lt, ist dieser Draht formbarer und leichter zu bearbeiten.<\/p>\n<p>Durch die Weichheit des Materials eignet er sich auch sehr gut zum Drahtwickeln.<\/p>\n","protected":false},"excerpt":{"rendered":"<p>Dead Soft Bronzedraht ist eine echte Bronzelegierung aus Zinn und Kupfer. Der meiste so genannte &#8220;Bronzedraht&#8221;, der verkauft wird, ist in Wirklichkeit eine Legierung aus Kupfer und Zink, was technisch gesehen Messing ist. Diese Bronze l\u00e4sst sich hervorragend mit Metallton verarbeiten und kann mitgebrannt werden. Da er etwas weniger Zinn als \u00fcblich enth\u00e4lt, ist dieser&#8230;<\/p>\n","protected":false},"featured_media":8167,"comment_status":"closed","ping_status":"closed","template":"","meta":{"_acf_changed":false,"_seopress_robots_primary_cat":"none","_seopress_titles_title":"","_seopress_titles_desc":"","_seopress_robots_index":""},"more":[],"product_brand":[6595],"product_cat":[12713,12388,11955,11006],"product_tag":[16304,7387,6903,12738,16302,12744,8508,11181,7017,8227,12520,12588,7317,12742,11711,12745,6694,16303,16305,11180,16301],"class_list":{"0":"post-18368","1":"product","2":"type-product","3":"status-publish","4":"has-post-thumbnail","6":"product_brand-coole-tools","7":"product_cat-drahtwickeldraht-weich","8":"product_cat-kupfer-bronze-messing-rostfreier-stahl","9":"product_cat-neu","10":"product_cat-teile-die-fur-das-co-brennen-mit-metallton-geeignet-sind","11":"product_tag-auch","12":"product_tag-bronze","13":"product_tag-bronze-ton","14":"product_tag-bronzedraht","15":"product_tag-bronzewire","16":"product_tag-deadsoft","17":"product_tag-draht","18":"product_tag-drahtschmuck","19":"product_tag-fur","20":"product_tag-geeignet","21":"product_tag-mitbraten","22":"product_tag-naturstein-2","23":"product_tag-naturstein","24":"product_tag-soft-2","25":"product_tag-soft","26":"product_tag-tot","27":"product_tag-von","28":"product_tag-wickeln","29":"product_tag-wickelschmuck","30":"product_tag-wirewrapping","31":"product_tag-zu-2","32":"pa_diameter-03mm","33":"pa_diameter-05mm","34":"pa_diameter-08mm","35":"pa_diameter-1mm","36":"pa_diameter-25mm","38":"first","39":"instock","40":"taxable","41":"shipping-taxable","42":"purchasable","43":"product-type-variable"},"acf":[],"_links":{"self":[{"href":"https:\/\/esquell.eu\/de\/wp-json\/wp\/v2\/product\/18368","targetHints":{"allow":["GET"]}}],"collection":[{"href":"https:\/\/esquell.eu\/de\/wp-json\/wp\/v2\/product"}],"about":[{"href":"https:\/\/esquell.eu\/de\/wp-json\/wp\/v2\/types\/product"}],"replies":[{"embeddable":true,"href":"https:\/\/esquell.eu\/de\/wp-json\/wp\/v2\/comments?post=18368"}],"wp:featuredmedia":[{"embeddable":true,"href":"https:\/\/esquell.eu\/de\/wp-json\/wp\/v2\/media\/8167"}],"wp:attachment":[{"href":"https:\/\/esquell.eu\/de\/wp-json\/wp\/v2\/media?parent=18368"}],"wp:term":[{"taxonomy":"more","embeddable":true,"href":"https:\/\/esquell.eu\/de\/wp-json\/wp\/v2\/more?post=18368"},{"taxonomy":"product_brand","embeddable":true,"href":"https:\/\/esquell.eu\/de\/wp-json\/wp\/v2\/product_brand?post=18368"},{"taxonomy":"product_cat","embeddable":true,"href":"https:\/\/esquell.eu\/de\/wp-json\/wp\/v2\/product_cat?post=18368"},{"taxonomy":"product_tag","embeddable":true,"href":"https:\/\/esquell.eu\/de\/wp-json\/wp\/v2\/product_tag?post=18368"}],"curies":[{"name":"wp","href":"https:\/\/api.w.org\/{rel}","templated":true}]}}