{"id":18206,"date":"2025-09-05T20:34:13","date_gmt":"2025-09-05T20:34:13","guid":{"rendered":"https:\/\/esquell.eu\/product\/silikonform-mit-verschiedenen-herzen-mit-anhaengender-oese\/"},"modified":"2025-09-05T20:34:13","modified_gmt":"2025-09-05T20:34:13","slug":"silikonform-mit-verschiedenen-herzen-mit-anhaengender-oese","status":"publish","type":"product","link":"https:\/\/esquell.eu\/de\/produkt\/silikonform-mit-verschiedenen-herzen-mit-anhaengender-oese\/","title":{"rendered":"Silikonform mit verschiedenen Herzen mit anh\u00e4ngender \u00d6se"},"content":{"rendered":"<p>Silikonform mit verschiedenen Herzen mit anh\u00e4ngender \u00d6se<\/p>\n<p>Gr\u00f6\u00dfen siehe Fotos<\/p>\n<p>Bei Verwendung mit Metallton:<\/p>\n<p>Spr\u00fchen Sie vor dem Gebrauch immer mit der Coolslip Anti-Haft-Formel. Dies verhindert, dass der Ton an den Formen klebt. <\/p>\n","protected":false},"excerpt":{"rendered":"<p>Silikonform mit verschiedenen Herzen mit anh\u00e4ngender \u00d6se Gr\u00f6\u00dfen siehe Fotos Bei Verwendung mit Metallton: Spr\u00fchen Sie vor dem Gebrauch immer mit der Coolslip Anti-Haft-Formel. Dies verhindert, dass der Ton an den Formen klebt.<\/p>\n","protected":false},"featured_media":8884,"comment_status":"closed","ping_status":"closed","template":"","meta":{"_acf_changed":false,"_seopress_robots_primary_cat":"none","_seopress_titles_title":"","_seopress_titles_desc":"","_seopress_robots_index":""},"more":[],"product_brand":[6365],"product_cat":[11955,15620],"product_tag":[8259,6684,6924,14337,10342,6921,7076,16269,6494,16276,15083,7017,7074,9609,9865,16274,16270,15761,6421,7686,6682,12314,7674,6777,10284,10578,6779,6558,6490,14707,15040,16272,7511,16278,16266],"class_list":{"0":"post-18206","1":"product","2":"type-product","3":"status-publish","4":"has-post-thumbnail","6":"product_brand-l1","7":"product_cat-neu","8":"product_cat-schimmelpilze","9":"product_tag-acryl","10":"product_tag-anhanger","11":"product_tag-anhanger-2","12":"product_tag-anhanger-5","13":"product_tag-beehrt","14":"product_tag-charme","15":"product_tag-charme-2","16":"product_tag-charme-5","17":"product_tag-diy","18":"product_tag-do-it-yourself","19":"product_tag-formen-2","20":"product_tag-fur","21":"product_tag-gedenkschmuck","22":"product_tag-harz","23":"product_tag-harz-2","24":"product_tag-harz-schmuck","25":"product_tag-herz-anhanger","26":"product_tag-herzen","27":"product_tag-machen","28":"product_tag-mulleimer","29":"product_tag-ohrringe","30":"product_tag-pendelauge","31":"product_tag-polymer-clay","32":"product_tag-ringe","33":"product_tag-schimmelpilz-2","34":"product_tag-schimmelpilz-3","35":"product_tag-selbstgemacht","36":"product_tag-sie-selbst","37":"product_tag-silberton","38":"product_tag-silikon","39":"product_tag-tone","40":"product_tag-tonformen-3","41":"product_tag-tonschmuck","42":"product_tag-tun-2","43":"product_tag-vorlagen-3","45":"first","46":"instock","47":"taxable","48":"shipping-taxable","49":"purchasable","50":"product-type-simple"},"acf":[],"_links":{"self":[{"href":"https:\/\/esquell.eu\/de\/wp-json\/wp\/v2\/product\/18206","targetHints":{"allow":["GET"]}}],"collection":[{"href":"https:\/\/esquell.eu\/de\/wp-json\/wp\/v2\/product"}],"about":[{"href":"https:\/\/esquell.eu\/de\/wp-json\/wp\/v2\/types\/product"}],"replies":[{"embeddable":true,"href":"https:\/\/esquell.eu\/de\/wp-json\/wp\/v2\/comments?post=18206"}],"wp:featuredmedia":[{"embeddable":true,"href":"https:\/\/esquell.eu\/de\/wp-json\/wp\/v2\/media\/8884"}],"wp:attachment":[{"href":"https:\/\/esquell.eu\/de\/wp-json\/wp\/v2\/media?parent=18206"}],"wp:term":[{"taxonomy":"more","embeddable":true,"href":"https:\/\/esquell.eu\/de\/wp-json\/wp\/v2\/more?post=18206"},{"taxonomy":"product_brand","embeddable":true,"href":"https:\/\/esquell.eu\/de\/wp-json\/wp\/v2\/product_brand?post=18206"},{"taxonomy":"product_cat","embeddable":true,"href":"https:\/\/esquell.eu\/de\/wp-json\/wp\/v2\/product_cat?post=18206"},{"taxonomy":"product_tag","embeddable":true,"href":"https:\/\/esquell.eu\/de\/wp-json\/wp\/v2\/product_tag?post=18206"}],"curies":[{"name":"wp","href":"https:\/\/api.w.org\/{rel}","templated":true}]}}