{"id":18205,"date":"2025-09-05T21:18:49","date_gmt":"2025-09-05T21:18:49","guid":{"rendered":"https:\/\/esquell.eu\/product\/set-alphabetische-stanzen-buchstaben\/"},"modified":"2025-09-05T21:18:49","modified_gmt":"2025-09-05T21:18:49","slug":"set-alphabetische-stanzen-buchstaben","status":"publish","type":"product","link":"https:\/\/esquell.eu\/de\/produkt\/set-alphabetische-stanzen-buchstaben\/","title":{"rendered":"Set, Alphabetische Stanzen. Buchstaben."},"content":{"rendered":"<p>Set mit 26 Ausstechern, Ausstechformen f\u00fcr die Schmuckherstellung.<\/p>\n<p>H\u00f6he des Buchstabens ca. 2cm<\/p>\n<p>Geeignet f\u00fcr alle Arten von Ton.<\/p>\n<p>Mit den<strong><a href=\"https:\/\/esquell.eu\/?s=schroefoogje\"> vorgefertigten Anh\u00e4nger\u00f6sen<\/a><\/strong> k\u00f6nnen Sie ganz einfach niedliche Buchstaben-Anh\u00e4nger aus Metallton herstellen<\/p>\n","protected":false},"excerpt":{"rendered":"<p>Set mit 26 Ausstechern, Ausstechformen f\u00fcr die Schmuckherstellung. H\u00f6he des Buchstabens ca. 2cm Geeignet f\u00fcr alle Arten von Ton. Mit den vorgefertigten Anh\u00e4nger\u00f6sen k\u00f6nnen Sie ganz einfach niedliche Buchstaben-Anh\u00e4nger aus Metallton herstellen<\/p>\n","protected":false},"featured_media":8927,"comment_status":"closed","ping_status":"closed","template":"","meta":{"_acf_changed":false,"_seopress_robots_primary_cat":"none","_seopress_titles_title":"","_seopress_titles_desc":"","_seopress_robots_index":""},"more":[],"product_brand":[6365],"product_cat":[6811,11955],"product_tag":[16267,7058,6492,6438,16277,8752,16280,6458,16271,16281,16144,16279,6921,7076,8942,16284,7682,7017,16286,7019,16288,6441,16268,16282,6455,8022,6490,16273,16275,6435,6556,7698,7511,9367,16157,7748,6818],"class_list":{"0":"post-18205","1":"product","2":"type-product","3":"status-publish","4":"has-post-thumbnail","6":"product_brand-l1","7":"product_cat-ausstecher-fur-ton","8":"product_cat-neu","9":"product_tag-alphabet","10":"product_tag-anhanger-3","11":"product_tag-artclay","12":"product_tag-artclaysilver","13":"product_tag-ausgeschnittene-buchstaben","14":"product_tag-ausschnitte-aus-silberton","15":"product_tag-ausstechformen-aus-ton","16":"product_tag-belgien","17":"product_tag-brief","18":"product_tag-briefanhanger","19":"product_tag-briefe","20":"product_tag-buchstaben-anhanger","21":"product_tag-charme","22":"product_tag-charme-2","23":"product_tag-charme-3","24":"product_tag-drucken-5","25":"product_tag-formen-schneiden","26":"product_tag-fur","27":"product_tag-kapital","28":"product_tag-liefert","29":"product_tag-matalclay","30":"product_tag-metallton","31":"product_tag-namensanhanger","32":"product_tag-namenszauber","33":"product_tag-niederlande","34":"product_tag-silberlehm","35":"product_tag-silberton","36":"product_tag-stanze-2","37":"product_tag-stanzt","38":"product_tag-ton","39":"product_tag-ton-3","40":"product_tag-tonformen","41":"product_tag-tonschmuck","42":"product_tag-tonschneider-2","43":"product_tag-tonschneider-5","44":"product_tag-tonwerkzeuge","45":"product_tag-werkzeuge-2","47":"first","48":"instock","49":"taxable","50":"shipping-taxable","51":"purchasable","52":"product-type-simple"},"acf":[],"_links":{"self":[{"href":"https:\/\/esquell.eu\/de\/wp-json\/wp\/v2\/product\/18205","targetHints":{"allow":["GET"]}}],"collection":[{"href":"https:\/\/esquell.eu\/de\/wp-json\/wp\/v2\/product"}],"about":[{"href":"https:\/\/esquell.eu\/de\/wp-json\/wp\/v2\/types\/product"}],"replies":[{"embeddable":true,"href":"https:\/\/esquell.eu\/de\/wp-json\/wp\/v2\/comments?post=18205"}],"wp:featuredmedia":[{"embeddable":true,"href":"https:\/\/esquell.eu\/de\/wp-json\/wp\/v2\/media\/8927"}],"wp:attachment":[{"href":"https:\/\/esquell.eu\/de\/wp-json\/wp\/v2\/media?parent=18205"}],"wp:term":[{"taxonomy":"more","embeddable":true,"href":"https:\/\/esquell.eu\/de\/wp-json\/wp\/v2\/more?post=18205"},{"taxonomy":"product_brand","embeddable":true,"href":"https:\/\/esquell.eu\/de\/wp-json\/wp\/v2\/product_brand?post=18205"},{"taxonomy":"product_cat","embeddable":true,"href":"https:\/\/esquell.eu\/de\/wp-json\/wp\/v2\/product_cat?post=18205"},{"taxonomy":"product_tag","embeddable":true,"href":"https:\/\/esquell.eu\/de\/wp-json\/wp\/v2\/product_tag?post=18205"}],"curies":[{"name":"wp","href":"https:\/\/api.w.org\/{rel}","templated":true}]}}