{"id":18195,"date":"2025-09-05T20:57:46","date_gmt":"2025-09-05T20:57:46","guid":{"rendered":"https:\/\/esquell.eu\/product\/stanzformen-fuer-ton-set-mit-6-langen-herzen\/"},"modified":"2025-09-05T20:57:46","modified_gmt":"2025-09-05T20:57:46","slug":"stanzformen-fuer-ton-set-mit-6-langen-herzen","status":"publish","type":"product","link":"https:\/\/esquell.eu\/de\/produkt\/stanzformen-fuer-ton-set-mit-6-langen-herzen\/","title":{"rendered":"Stanzformen f\u00fcr Ton Set mit 6 langen Herzen"},"content":{"rendered":"<p>Satz mit 6 St\u00fcck<\/p>\n<p>Kleinste 1,2 cm<\/p>\n<p>Gr\u00f6\u00dfte 3,8 cm<\/p>\n<p>Kreieren Sie m\u00fchelos einzigartige und moderne Formen aus Ton mit diesem hochwertigen Set von organisch geformten Tonausstechern. Ideal f\u00fcr Silber-, Kupfer- und Bronzeton und andere Arten von Ton. Auch f\u00fcr Keramik und Polymer Clay geeignet. <\/p>\n<p>Sie variieren in der Gr\u00f6\u00dfe von klein bis gro\u00df und eignen sich perfekt f\u00fcr Ohrringe, Anh\u00e4nger, Glieder und dekorative Elemente.<\/p>\n<p>F\u00fcr den h\u00e4ufigen Gebrauch. Hergestellt aus hochwertigem Kunststoff. Beh\u00e4lt seine Form  <\/p>\n<p>Der Vorteil gegen\u00fcber dem Nadelstift ist, dass Sie damit enge Schnittkanten erhalten, ohne auszufransen. Und genau zu duplizieren, was z.B. f\u00fcr Ohrringe praktisch ist. <\/p>\n<p>Kombinieren Sie die Formen miteinander, mit anderen Formen aus anderen Ausschneideb\u00f6gen.<\/p>\n<p>Kombinieren Sie mit Strukturmatten und Stempeln f\u00fcr Muster, Textur und Relief.<\/p>\n","protected":false},"excerpt":{"rendered":"<p>Satz mit 6 St\u00fcck Kleinste 1,2 cm Gr\u00f6\u00dfte 3,8 cm Kreieren Sie m\u00fchelos einzigartige und moderne Formen aus Ton mit diesem hochwertigen Set von organisch geformten Tonausstechern. Ideal f\u00fcr Silber-, Kupfer- und Bronzeton und andere Arten von Ton. Auch f\u00fcr Keramik und Polymer Clay geeignet. Sie variieren in der Gr\u00f6\u00dfe von klein bis gro\u00df und&#8230;<\/p>\n","protected":false},"featured_media":18197,"comment_status":"closed","ping_status":"closed","template":"","meta":{"_acf_changed":false,"_seopress_robots_primary_cat":"none","_seopress_titles_title":"","_seopress_titles_desc":"","_seopress_robots_index":""},"more":[],"product_brand":[6365],"product_cat":[6811,11955],"product_tag":[6494,7682,7680,7017,7688,15759,15784,15761,7678,7744,15703,6421,6419,16257,6556,16157,6694],"class_list":{"0":"post-18195","1":"product","2":"type-product","3":"status-publish","4":"has-post-thumbnail","6":"product_brand-l1","7":"product_cat-ausstecher-fur-ton","8":"product_cat-neu","9":"product_tag-diy","10":"product_tag-formen-schneiden","11":"product_tag-formulare","12":"product_tag-fur","13":"product_tag-herausragen","14":"product_tag-herz","15":"product_tag-herz-2","16":"product_tag-herzen","17":"product_tag-kutter","18":"product_tag-kutter-2","19":"product_tag-langlich","20":"product_tag-machen","21":"product_tag-schmuck","22":"product_tag-spielerisch","23":"product_tag-ton-3","24":"product_tag-tonschneider-5","25":"product_tag-von","27":"first","28":"instock","29":"taxable","30":"shipping-taxable","31":"purchasable","32":"product-type-simple"},"acf":[],"_links":{"self":[{"href":"https:\/\/esquell.eu\/de\/wp-json\/wp\/v2\/product\/18195","targetHints":{"allow":["GET"]}}],"collection":[{"href":"https:\/\/esquell.eu\/de\/wp-json\/wp\/v2\/product"}],"about":[{"href":"https:\/\/esquell.eu\/de\/wp-json\/wp\/v2\/types\/product"}],"replies":[{"embeddable":true,"href":"https:\/\/esquell.eu\/de\/wp-json\/wp\/v2\/comments?post=18195"}],"wp:featuredmedia":[{"embeddable":true,"href":"https:\/\/esquell.eu\/de\/wp-json\/wp\/v2\/media\/18197"}],"wp:attachment":[{"href":"https:\/\/esquell.eu\/de\/wp-json\/wp\/v2\/media?parent=18195"}],"wp:term":[{"taxonomy":"more","embeddable":true,"href":"https:\/\/esquell.eu\/de\/wp-json\/wp\/v2\/more?post=18195"},{"taxonomy":"product_brand","embeddable":true,"href":"https:\/\/esquell.eu\/de\/wp-json\/wp\/v2\/product_brand?post=18195"},{"taxonomy":"product_cat","embeddable":true,"href":"https:\/\/esquell.eu\/de\/wp-json\/wp\/v2\/product_cat?post=18195"},{"taxonomy":"product_tag","embeddable":true,"href":"https:\/\/esquell.eu\/de\/wp-json\/wp\/v2\/product_tag?post=18195"}],"curies":[{"name":"wp","href":"https:\/\/api.w.org\/{rel}","templated":true}]}}