{"id":18176,"date":"2025-09-05T20:24:44","date_gmt":"2025-09-05T20:24:44","guid":{"rendered":"https:\/\/esquell.eu\/product\/multifunktionaler-tabletthalter-kompakt-und-uebersichtlich\/"},"modified":"2025-09-05T20:24:44","modified_gmt":"2025-09-05T20:24:44","slug":"multifunktionaler-tabletthalter-kompakt-und-uebersichtlich","status":"publish","type":"product","link":"https:\/\/esquell.eu\/de\/produkt\/multifunktionaler-tabletthalter-kompakt-und-uebersichtlich\/","title":{"rendered":"Multifunktionaler Tabletthalter, kompakt und \u00fcbersichtlich"},"content":{"rendered":"<p>Bewahren Sie all Ihre kleinen Werkzeuge und Zubeh\u00f6rteile ordentlich auf mit diesem cleveren, abgestuften Werkzeughalter. Dank der mehreren Lochreihen k\u00f6nnen Sie Bohrer, Schleifsteine, B\u00fcrsten und andere Pr\u00e4zisionswerkzeuge problemlos aufbewahren. <\/p>\n<p>Ideal f\u00fcr Schmuckhersteller, Modellbauer und Bastler.<\/p>\n<p>116 kleine Aussparungen f\u00fcr kleine Werkzeuge wie z.B. Teile f\u00fcr Dremel oder \u00e4hnliche Werkzeuge<\/p>\n<p>In der Mitte eine Aussparung f\u00fcr gr\u00f6\u00dfere Werkzeuge wie Stifte, Pinzetten, Zangen, Feilen, etc.<\/p>\n","protected":false},"excerpt":{"rendered":"<p>Bewahren Sie all Ihre kleinen Werkzeuge und Zubeh\u00f6rteile ordentlich auf mit diesem cleveren, abgestuften Werkzeughalter. Dank der mehreren Lochreihen k\u00f6nnen Sie Bohrer, Schleifsteine, B\u00fcrsten und andere Pr\u00e4zisionswerkzeuge problemlos aufbewahren. Ideal f\u00fcr Schmuckhersteller, Modellbauer und Bastler. 116 kleine Aussparungen f\u00fcr kleine Werkzeuge wie z.B. Teile f\u00fcr Dremel oder \u00e4hnliche Werkzeuge In der Mitte eine Aussparung f\u00fcr&#8230;<\/p>\n","protected":false},"featured_media":8872,"comment_status":"closed","ping_status":"closed","template":"","meta":{"_acf_changed":false,"_seopress_robots_primary_cat":"","_seopress_titles_title":"","_seopress_titles_desc":"","_seopress_robots_index":""},"more":[],"product_brand":[6365],"product_cat":[6596,7361,7434],"product_tag":[13627,10633,14478,16056,8017,16238,10053,6713,16236,7441,16237],"class_list":{"0":"post-18176","1":"product","2":"type-product","3":"status-publish","4":"has-post-thumbnail","6":"product_brand-l1","7":"product_cat-grundlegende-werkzeuge","8":"product_cat-schleifen-feilen-und-polieren","9":"product_cat-zange-und-pinzette","10":"product_tag-asseccoires","11":"product_tag-drehbar","12":"product_tag-dremel","13":"product_tag-halter","14":"product_tag-handlich","15":"product_tag-kompakt","16":"product_tag-multitool","17":"product_tag-prazision","18":"product_tag-veranstalter","19":"product_tag-werkzeug-2","20":"product_tag-werkzeughalter","22":"first","23":"instock","24":"taxable","25":"shipping-taxable","26":"purchasable","27":"product-type-simple"},"acf":[],"_links":{"self":[{"href":"https:\/\/esquell.eu\/de\/wp-json\/wp\/v2\/product\/18176","targetHints":{"allow":["GET"]}}],"collection":[{"href":"https:\/\/esquell.eu\/de\/wp-json\/wp\/v2\/product"}],"about":[{"href":"https:\/\/esquell.eu\/de\/wp-json\/wp\/v2\/types\/product"}],"replies":[{"embeddable":true,"href":"https:\/\/esquell.eu\/de\/wp-json\/wp\/v2\/comments?post=18176"}],"wp:featuredmedia":[{"embeddable":true,"href":"https:\/\/esquell.eu\/de\/wp-json\/wp\/v2\/media\/8872"}],"wp:attachment":[{"href":"https:\/\/esquell.eu\/de\/wp-json\/wp\/v2\/media?parent=18176"}],"wp:term":[{"taxonomy":"more","embeddable":true,"href":"https:\/\/esquell.eu\/de\/wp-json\/wp\/v2\/more?post=18176"},{"taxonomy":"product_brand","embeddable":true,"href":"https:\/\/esquell.eu\/de\/wp-json\/wp\/v2\/product_brand?post=18176"},{"taxonomy":"product_cat","embeddable":true,"href":"https:\/\/esquell.eu\/de\/wp-json\/wp\/v2\/product_cat?post=18176"},{"taxonomy":"product_tag","embeddable":true,"href":"https:\/\/esquell.eu\/de\/wp-json\/wp\/v2\/product_tag?post=18176"}],"curies":[{"name":"wp","href":"https:\/\/api.w.org\/{rel}","templated":true}]}}