{"id":18142,"date":"2025-09-07T10:37:04","date_gmt":"2025-09-07T10:37:04","guid":{"rendered":"https:\/\/esquell.eu\/product\/glimmer-fuer-plique-a-jour-emaillearbeiten-ca-1010\/"},"modified":"2025-11-08T07:52:21","modified_gmt":"2025-11-08T07:52:21","slug":"glimmer-fuer-plique-a-jour-emaillearbeiten-ca-1010","status":"publish","type":"product","link":"https:\/\/esquell.eu\/de\/produkt\/glimmer-fuer-plique-a-jour-emaillearbeiten-ca-1010\/","title":{"rendered":"Glimmer f\u00fcr Plique-a-Jour-Emaillearbeiten ca. 10*10"},"content":{"rendered":"<p>Dieses nat\u00fcrliche Mineral hat eine Gr\u00f6\u00dfe von etwa 10 x 10 cm.<br \/>\nEmaille kann auf Glimmer gebrannt werden, um kleine Glaskugeln herzustellen<\/p>\n<p>Glimmer kann auch als Untergrund f\u00fcr flache Plique-\u00e0-jour-Arbeiten verwendet werden.<\/p>\n<p>Es erleichtert die Arbeit mit Plique-\u00e0-jour erheblich.<\/p>\n<p>Legen Sie den Glimmer unter das Plique-a-Jour-Werk und f\u00fcllen Sie es mit Emaille. Legen Sie das Werk zusammen mit dem Glimmer in den Brennofen. Die Emaille wird nicht am Glimmer haften.  <\/p>\n","protected":false},"excerpt":{"rendered":"<p>Dieses nat\u00fcrliche Mineral hat eine Gr\u00f6\u00dfe von etwa 10 x 10 cm. Emaille kann auf Glimmer gebrannt werden, um kleine Glaskugeln herzustellen Glimmer kann auch als Untergrund f\u00fcr flache Plique-\u00e0-jour-Arbeiten verwendet werden. Es erleichtert die Arbeit mit Plique-\u00e0-jour erheblich. Legen Sie den Glimmer unter das Plique-a-Jour-Werk und f\u00fcllen Sie es mit Emaille. Legen Sie das&#8230;<\/p>\n","protected":false},"featured_media":18143,"comment_status":"closed","ping_status":"closed","template":"","meta":{"_acf_changed":false,"_seopress_robots_primary_cat":"none","_seopress_titles_title":"","_seopress_titles_desc":"","_seopress_robots_index":""},"more":[],"product_brand":[],"product_cat":[7505,11955],"product_tag":[],"class_list":{"0":"post-18142","1":"product","2":"type-product","3":"status-publish","4":"has-post-thumbnail","6":"product_cat-emaillierwerkzeuge-und-zubehor","7":"product_cat-neu","9":"first","10":"instock","11":"taxable","12":"shipping-taxable","13":"product-type-simple"},"acf":[],"_links":{"self":[{"href":"https:\/\/esquell.eu\/de\/wp-json\/wp\/v2\/product\/18142","targetHints":{"allow":["GET"]}}],"collection":[{"href":"https:\/\/esquell.eu\/de\/wp-json\/wp\/v2\/product"}],"about":[{"href":"https:\/\/esquell.eu\/de\/wp-json\/wp\/v2\/types\/product"}],"replies":[{"embeddable":true,"href":"https:\/\/esquell.eu\/de\/wp-json\/wp\/v2\/comments?post=18142"}],"wp:featuredmedia":[{"embeddable":true,"href":"https:\/\/esquell.eu\/de\/wp-json\/wp\/v2\/media\/18143"}],"wp:attachment":[{"href":"https:\/\/esquell.eu\/de\/wp-json\/wp\/v2\/media?parent=18142"}],"wp:term":[{"taxonomy":"more","embeddable":true,"href":"https:\/\/esquell.eu\/de\/wp-json\/wp\/v2\/more?post=18142"},{"taxonomy":"product_brand","embeddable":true,"href":"https:\/\/esquell.eu\/de\/wp-json\/wp\/v2\/product_brand?post=18142"},{"taxonomy":"product_cat","embeddable":true,"href":"https:\/\/esquell.eu\/de\/wp-json\/wp\/v2\/product_cat?post=18142"},{"taxonomy":"product_tag","embeddable":true,"href":"https:\/\/esquell.eu\/de\/wp-json\/wp\/v2\/product_tag?post=18142"}],"curies":[{"name":"wp","href":"https:\/\/api.w.org\/{rel}","templated":true}]}}