{"id":18055,"date":"2025-09-05T20:51:21","date_gmt":"2025-09-05T20:51:21","guid":{"rendered":"https:\/\/esquell.eu\/product\/silikonform-elefanten-mit-anhaengendem-auge\/"},"modified":"2025-09-05T20:51:21","modified_gmt":"2025-09-05T20:51:21","slug":"silikonform-elefanten-mit-anhaengendem-auge","status":"publish","type":"product","link":"https:\/\/esquell.eu\/de\/produkt\/silikonform-elefanten-mit-anhaengendem-auge\/","title":{"rendered":"Silikonform Elefanten mit anh\u00e4ngendem Auge"},"content":{"rendered":"<p>Silikonform verschiedene Elefanten, Elefant, Elefant mit H\u00e4ngeaugen zur Herstellung von Anh\u00e4ngern aus Ton.<\/p>\n<p>Gr\u00f6\u00dfe\/L\u00e4nge der Bl\u00e4tter ohne Stiel ca. 5 cm , 4 cm und 2,5 cm<\/p>\n<p>Zur Verwendung mit Metal Clay, Silber Clay, Bronze Clay, Kupfer Clay, Fimo, Polymer Clay, Cernit usw.<\/p>\n<p>Bespr\u00fchen Sie Metallton vor dem Gebrauch mit der Antihaft-Formel von Coolslip. Dies verhindert, dass der Ton an den Formen klebt. <\/p>\n","protected":false},"excerpt":{"rendered":"<p>Silikonform verschiedene Elefanten, Elefant, Elefant mit H\u00e4ngeaugen zur Herstellung von Anh\u00e4ngern aus Ton. Gr\u00f6\u00dfe\/L\u00e4nge der Bl\u00e4tter ohne Stiel ca. 5 cm , 4 cm und 2,5 cm Zur Verwendung mit Metal Clay, Silber Clay, Bronze Clay, Kupfer Clay, Fimo, Polymer Clay, Cernit usw. Bespr\u00fchen Sie Metallton vor dem Gebrauch mit der Antihaft-Formel von Coolslip. Dies&#8230;<\/p>\n","protected":false},"featured_media":8902,"comment_status":"closed","ping_status":"closed","template":"","meta":{"_acf_changed":false,"_seopress_robots_primary_cat":"","_seopress_titles_title":"","_seopress_titles_desc":"","_seopress_robots_index":""},"more":[],"product_brand":[6365],"product_cat":[11955,15620],"product_tag":[],"class_list":{"0":"post-18055","1":"product","2":"type-product","3":"status-publish","4":"has-post-thumbnail","6":"product_brand-l1","7":"product_cat-neu","8":"product_cat-schimmelpilze","10":"first","11":"instock","12":"taxable","13":"shipping-taxable","14":"purchasable","15":"product-type-simple"},"acf":[],"_links":{"self":[{"href":"https:\/\/esquell.eu\/de\/wp-json\/wp\/v2\/product\/18055","targetHints":{"allow":["GET"]}}],"collection":[{"href":"https:\/\/esquell.eu\/de\/wp-json\/wp\/v2\/product"}],"about":[{"href":"https:\/\/esquell.eu\/de\/wp-json\/wp\/v2\/types\/product"}],"replies":[{"embeddable":true,"href":"https:\/\/esquell.eu\/de\/wp-json\/wp\/v2\/comments?post=18055"}],"wp:featuredmedia":[{"embeddable":true,"href":"https:\/\/esquell.eu\/de\/wp-json\/wp\/v2\/media\/8902"}],"wp:attachment":[{"href":"https:\/\/esquell.eu\/de\/wp-json\/wp\/v2\/media?parent=18055"}],"wp:term":[{"taxonomy":"more","embeddable":true,"href":"https:\/\/esquell.eu\/de\/wp-json\/wp\/v2\/more?post=18055"},{"taxonomy":"product_brand","embeddable":true,"href":"https:\/\/esquell.eu\/de\/wp-json\/wp\/v2\/product_brand?post=18055"},{"taxonomy":"product_cat","embeddable":true,"href":"https:\/\/esquell.eu\/de\/wp-json\/wp\/v2\/product_cat?post=18055"},{"taxonomy":"product_tag","embeddable":true,"href":"https:\/\/esquell.eu\/de\/wp-json\/wp\/v2\/product_tag?post=18055"}],"curies":[{"name":"wp","href":"https:\/\/api.w.org\/{rel}","templated":true}]}}