{"id":18029,"date":"2025-09-05T20:43:07","date_gmt":"2025-09-05T20:43:07","guid":{"rendered":"https:\/\/esquell.eu\/product\/silikonform-kleine-ballons-luftballon\/"},"modified":"2025-09-05T20:43:07","modified_gmt":"2025-09-05T20:43:07","slug":"silikonform-kleine-ballons-luftballon","status":"publish","type":"product","link":"https:\/\/esquell.eu\/de\/produkt\/silikonform-kleine-ballons-luftballon\/","title":{"rendered":"Silikonform kleine Ballons, Luftballon"},"content":{"rendered":"<p>Silikonform Luftballons<\/p>\n<p>Gr\u00f6\u00dfen siehe Fotos<\/p>\n<p>Geeignet f\u00fcr Silberknete, Metallknete, Ton, UV-Harz, Harz, Acryl, Epoxid usw.<\/p>\n","protected":false},"excerpt":{"rendered":"<p>Silikonform Luftballons Gr\u00f6\u00dfen siehe Fotos Geeignet f\u00fcr Silberknete, Metallknete, Ton, UV-Harz, Harz, Acryl, Epoxid usw.<\/p>\n","protected":false},"featured_media":8891,"comment_status":"closed","ping_status":"closed","template":"","meta":{"_acf_changed":false,"_seopress_robots_primary_cat":"none","_seopress_titles_title":"","_seopress_titles_desc":"","_seopress_robots_index":""},"more":[],"product_brand":[6365],"product_cat":[11955,15620],"product_tag":[10393,6817,6684,7058,6458,15083,7017,9609,9865,8504,16162,16163,6679,6421,6441,6373,6455,7674,13191,13464,10284,10578,6419,6490,14707,6556,7511,15628,11703],"class_list":{"0":"post-18029","1":"product","2":"type-product","3":"status-publish","4":"has-post-thumbnail","6":"product_brand-l1","7":"product_cat-neu","8":"product_cat-schimmelpilze","9":"product_tag-acrylharz","10":"product_tag-amsterdam","11":"product_tag-anhanger","12":"product_tag-anhanger-3","13":"product_tag-belgien","14":"product_tag-formen-2","15":"product_tag-fur","16":"product_tag-harz","17":"product_tag-harz-2","18":"product_tag-lager","19":"product_tag-luftballon","20":"product_tag-luftballons","21":"product_tag-luxemburg","22":"product_tag-machen","23":"product_tag-metallton","24":"product_tag-mini","25":"product_tag-niederlande","26":"product_tag-polymer-clay","27":"product_tag-resistent","28":"product_tag-resistent-2","29":"product_tag-schimmelpilz-2","30":"product_tag-schimmelpilz-3","31":"product_tag-schmuck","32":"product_tag-silberton","33":"product_tag-silikon","34":"product_tag-ton-3","35":"product_tag-tonschmuck","36":"product_tag-vorlage-2","37":"product_tag-warme-2","39":"first","40":"instock","41":"taxable","42":"shipping-taxable","43":"purchasable","44":"product-type-simple"},"acf":[],"_links":{"self":[{"href":"https:\/\/esquell.eu\/de\/wp-json\/wp\/v2\/product\/18029","targetHints":{"allow":["GET"]}}],"collection":[{"href":"https:\/\/esquell.eu\/de\/wp-json\/wp\/v2\/product"}],"about":[{"href":"https:\/\/esquell.eu\/de\/wp-json\/wp\/v2\/types\/product"}],"replies":[{"embeddable":true,"href":"https:\/\/esquell.eu\/de\/wp-json\/wp\/v2\/comments?post=18029"}],"wp:featuredmedia":[{"embeddable":true,"href":"https:\/\/esquell.eu\/de\/wp-json\/wp\/v2\/media\/8891"}],"wp:attachment":[{"href":"https:\/\/esquell.eu\/de\/wp-json\/wp\/v2\/media?parent=18029"}],"wp:term":[{"taxonomy":"more","embeddable":true,"href":"https:\/\/esquell.eu\/de\/wp-json\/wp\/v2\/more?post=18029"},{"taxonomy":"product_brand","embeddable":true,"href":"https:\/\/esquell.eu\/de\/wp-json\/wp\/v2\/product_brand?post=18029"},{"taxonomy":"product_cat","embeddable":true,"href":"https:\/\/esquell.eu\/de\/wp-json\/wp\/v2\/product_cat?post=18029"},{"taxonomy":"product_tag","embeddable":true,"href":"https:\/\/esquell.eu\/de\/wp-json\/wp\/v2\/product_tag?post=18029"}],"curies":[{"name":"wp","href":"https:\/\/api.w.org\/{rel}","templated":true}]}}