{"id":17982,"date":"2025-09-03T11:34:48","date_gmt":"2025-09-03T11:34:48","guid":{"rendered":"https:\/\/esquell.eu\/product\/silikonform-mit-buchstaben\/"},"modified":"2025-09-03T11:34:48","modified_gmt":"2025-09-03T11:34:48","slug":"silikonform-mit-buchstaben","status":"publish","type":"product","link":"https:\/\/esquell.eu\/de\/produkt\/silikonform-mit-buchstaben\/","title":{"rendered":"Silikonform mit Buchstaben"},"content":{"rendered":"<div class=\"product-addition-content\">\n<p>Gussform mit Buchstaben, Gro\u00dfbuchstaben.<\/p>\n<p>Gr\u00f6\u00dfen siehe Fotos<\/p>\n<p>Mini 3D-Silikonschablonen zur Herstellung kleiner Ornamente. F\u00fcr die Herstellung und Dekoration von Schmuck. <\/p>\n<p>Geeignet f\u00fcr Silver Clay, Bronze Clay, Kupfer Clay, Resin, UV Resin, Fimo, Polymer Clay, Fondant, etc.<\/p>\n<\/div>\n","protected":false},"excerpt":{"rendered":"<p>Gussform mit Buchstaben, Gro\u00dfbuchstaben. Gr\u00f6\u00dfen siehe Fotos Mini 3D-Silikonschablonen zur Herstellung kleiner Ornamente. F\u00fcr die Herstellung und Dekoration von Schmuck. Geeignet f\u00fcr Silver Clay, Bronze Clay, Kupfer Clay, Resin, UV Resin, Fimo, Polymer Clay, Fondant, etc.<\/p>\n","protected":false},"featured_media":8856,"comment_status":"closed","ping_status":"closed","template":"","meta":{"_acf_changed":false,"_seopress_robots_primary_cat":"none","_seopress_titles_title":"","_seopress_titles_desc":"","_seopress_robots_index":""},"more":[],"product_brand":[6365],"product_cat":[15620],"product_tag":[16144,6903,7676,6494,7672,15083,7017,6769,16145,16146,6905,16147,6421,6441,7674,7342,10284,6419,6490,8128,14707,7340,6556,7511,9468],"class_list":{"0":"post-17982","1":"product","2":"type-product","3":"status-publish","4":"has-post-thumbnail","6":"product_brand-l1","7":"product_cat-schimmelpilze","8":"product_tag-briefe","9":"product_tag-bronze-ton","10":"product_tag-cernit","11":"product_tag-diy","12":"product_tag-fimo","13":"product_tag-formen-2","14":"product_tag-fur","15":"product_tag-goldton","16":"product_tag-grosbuchstaben","17":"product_tag-ingeverbruggen","18":"product_tag-kupferton","19":"product_tag-maaike","20":"product_tag-machen","21":"product_tag-metallton","22":"product_tag-polymer-clay","23":"product_tag-sandsturm","24":"product_tag-schimmelpilz-2","25":"product_tag-schmuck","26":"product_tag-silberton","27":"product_tag-silberwarengeschaft","28":"product_tag-silikon","29":"product_tag-silverclay-co-uk","30":"product_tag-ton-3","31":"product_tag-tonschmuck","32":"product_tag-typen","34":"first","35":"instock","36":"taxable","37":"shipping-taxable","38":"purchasable","39":"product-type-simple"},"acf":[],"_links":{"self":[{"href":"https:\/\/esquell.eu\/de\/wp-json\/wp\/v2\/product\/17982","targetHints":{"allow":["GET"]}}],"collection":[{"href":"https:\/\/esquell.eu\/de\/wp-json\/wp\/v2\/product"}],"about":[{"href":"https:\/\/esquell.eu\/de\/wp-json\/wp\/v2\/types\/product"}],"replies":[{"embeddable":true,"href":"https:\/\/esquell.eu\/de\/wp-json\/wp\/v2\/comments?post=17982"}],"wp:featuredmedia":[{"embeddable":true,"href":"https:\/\/esquell.eu\/de\/wp-json\/wp\/v2\/media\/8856"}],"wp:attachment":[{"href":"https:\/\/esquell.eu\/de\/wp-json\/wp\/v2\/media?parent=17982"}],"wp:term":[{"taxonomy":"more","embeddable":true,"href":"https:\/\/esquell.eu\/de\/wp-json\/wp\/v2\/more?post=17982"},{"taxonomy":"product_brand","embeddable":true,"href":"https:\/\/esquell.eu\/de\/wp-json\/wp\/v2\/product_brand?post=17982"},{"taxonomy":"product_cat","embeddable":true,"href":"https:\/\/esquell.eu\/de\/wp-json\/wp\/v2\/product_cat?post=17982"},{"taxonomy":"product_tag","embeddable":true,"href":"https:\/\/esquell.eu\/de\/wp-json\/wp\/v2\/product_tag?post=17982"}],"curies":[{"name":"wp","href":"https:\/\/api.w.org\/{rel}","templated":true}]}}