{"id":17965,"date":"2025-08-31T08:58:29","date_gmt":"2025-08-31T08:58:29","guid":{"rendered":"https:\/\/esquell.eu\/product\/naturstein-cabochon-oval-onyx-verschiedene-groessen\/"},"modified":"2025-11-09T09:59:20","modified_gmt":"2025-11-09T09:59:20","slug":"naturstein-cabochon-oval-onyx-verschiedene-groessen","status":"publish","type":"product","link":"https:\/\/esquell.eu\/de\/produkt\/naturstein-cabochon-oval-onyx-verschiedene-groessen\/","title":{"rendered":"Naturstein Cabochon Oval Onyx Verschiedene Gr\u00f6\u00dfen."},"content":{"rendered":"<p>Naturstein-Cabochon verschiedene Gr\u00f6\u00dfen<\/p>\n<p>Oval. Flacher Boden <\/p>\n<p><strong>*Da es sich um einen Naturstein handelt, unterscheiden sich alle Cabochons in Farbe und Motiv.  <\/strong><\/p>\n<p>Im Shop finden Sie passende Fasstabletts und Fassungsboxen aus 925 Sterling Silber, 999 Feinsilber und anderen Metallen,<\/p>\n<p>Auch Fassungsdraht in Silber, Bronze und Kupfer ist f\u00fcr die Herstellung eigener Fassungen erh\u00e4ltlich.<\/p>\n<p>Ein Fassungsstahl wird verwendet, um die Steine sch\u00f6n und fest in die Fassungen zu setzen.<\/p>\n<p>Bei Verwendung in Kombination mit Metallton:<\/p>\n<p>Den Stein nachr\u00fcsten.<\/p>\n<p>Brennen Sie Natursteine nicht zusammen mit Metallton. Naturstein ist im Allgemeinen nicht best\u00e4ndig gegen die Brenntemperatur von Metallton. <\/p>\n<p>M\u00f6chten Sie eine organische Silberton-Fassung? Dann verwenden Sie das Anti Shrinkage Compound <\/p>\n<p>Der Schutz von Naturstein vor hohen Temperaturen, z.B. beim L\u00f6ten, kann mit Technoflux<\/p>\n<p>Sehen Sie hier nach geeigneten Klebern zum Kleben von Cabochons<\/p>\n","protected":false},"excerpt":{"rendered":"<p>Naturstein-Cabochon verschiedene Gr\u00f6\u00dfen<\/p>\n<p>Oval. Flacher Boden <\/p>\n<p><strong>*Da es sich um einen Naturstein handelt, unterscheiden sich alle Cabochons in Farbe und Motiv.  <\/strong><\/p>\n<p>F\u00fcr die Schmuckherstellung<\/p>\n<p>Rosa<\/p>\n","protected":false},"featured_media":8776,"comment_status":"closed","ping_status":"closed","template":"","meta":{"_acf_changed":false,"_seopress_robots_primary_cat":"none","_seopress_titles_title":"","_seopress_titles_desc":"","_seopress_robots_index":""},"more":[],"product_brand":[6365,12223],"product_cat":[12330],"product_tag":[12355,12353,8618,12349,12306,12305,6721,12343,10754,12352,7463,7957,12351,7883,12356,6494,7320,8359,12339,11478,12341,6628,7461,12296,8535,12307,7349,12335,11144,12348,7453,12333,12345,10074,6421,12303,12344,7317,12361,12357,12362,12905,12360,11179,12359,16142,6419,10470,9417,6514,9790,7086,12301,11010,12337,12331,7449,7447,12358],"class_list":{"0":"post-17965","1":"product","2":"type-product","3":"status-publish","4":"has-post-thumbnail","6":"product_brand-l1","7":"product_brand-mtn","8":"product_cat-cabochons-oval","9":"product_tag-23-schmuck","10":"product_tag-achat-steine","11":"product_tag-artclay-silber-2","12":"product_tag-bedeutung","13":"product_tag-bijou-modern","14":"product_tag-bijoumodern","15":"product_tag-blau","16":"product_tag-blau-3","17":"product_tag-braun","18":"product_tag-braun-2","19":"product_tag-bruhgruppe","20":"product_tag-cabochon","21":"product_tag-cabochon-kleber","22":"product_tag-cabochons","23":"product_tag-crownsetting","24":"product_tag-diy","25":"product_tag-edelstein","26":"product_tag-edelsteine","27":"product_tag-edelsteine-3","28":"product_tag-edelsteinkleber","29":"product_tag-eigenschaften","30":"product_tag-einfugen","31":"product_tag-einstellbox","32":"product_tag-einstelldraht","33":"product_tag-einstellung-2","34":"product_tag-giethoorn","35":"product_tag-goldschmied","36":"product_tag-halbedelstein","37":"product_tag-halbedelsteine","38":"product_tag-heilung","39":"product_tag-kralleneinstellung","40":"product_tag-lapis","41":"product_tag-lazuli","42":"product_tag-leim","43":"product_tag-machen","44":"product_tag-meine-damen-und-herren","45":"product_tag-mtn","46":"product_tag-naturstein","47":"product_tag-naturstein-anhanger","48":"product_tag-naturstein-cabochon-2","49":"product_tag-naturstein-ohrringe","50":"product_tag-naturstein-ohrringe-2","51":"product_tag-naturstein-ring","52":"product_tag-naturstein-schmuck","53":"product_tag-naturstein-schmuck-2","54":"product_tag-onyx","55":"product_tag-schmuck","56":"product_tag-schmuckherstellung-2","57":"product_tag-selbstgemachter-schmuck","58":"product_tag-setzkasten","59":"product_tag-silberschmied-2","60":"product_tag-silberschmiede","61":"product_tag-stellen-sie-ihren-eigenen-schmuck-her","62":"product_tag-strassstein-2","63":"product_tag-strasssteine-3","64":"product_tag-tigerauge","65":"product_tag-zackenfassung","66":"product_tag-zinken","67":"product_tag-zinken-2","68":"pa_afmeting-1014-mm","69":"pa_afmeting-1318-mm","70":"pa_afmeting-1520mm","71":"pa_afmeting-1825-mm","72":"pa_afmeting-2030-mm","73":"pa_afmeting-2230mm","74":"pa_afmeting-3040mm","75":"pa_afmeting-46-mm","76":"pa_afmeting-57mm","77":"pa_afmeting-68-mm","78":"pa_afmeting-79-mm","79":"pa_afmeting-810-mm","81":"first","82":"instock","83":"taxable","84":"shipping-taxable","85":"purchasable","86":"product-type-variable"},"acf":[],"_links":{"self":[{"href":"https:\/\/esquell.eu\/de\/wp-json\/wp\/v2\/product\/17965","targetHints":{"allow":["GET"]}}],"collection":[{"href":"https:\/\/esquell.eu\/de\/wp-json\/wp\/v2\/product"}],"about":[{"href":"https:\/\/esquell.eu\/de\/wp-json\/wp\/v2\/types\/product"}],"replies":[{"embeddable":true,"href":"https:\/\/esquell.eu\/de\/wp-json\/wp\/v2\/comments?post=17965"}],"wp:featuredmedia":[{"embeddable":true,"href":"https:\/\/esquell.eu\/de\/wp-json\/wp\/v2\/media\/8776"}],"wp:attachment":[{"href":"https:\/\/esquell.eu\/de\/wp-json\/wp\/v2\/media?parent=17965"}],"wp:term":[{"taxonomy":"more","embeddable":true,"href":"https:\/\/esquell.eu\/de\/wp-json\/wp\/v2\/more?post=17965"},{"taxonomy":"product_brand","embeddable":true,"href":"https:\/\/esquell.eu\/de\/wp-json\/wp\/v2\/product_brand?post=17965"},{"taxonomy":"product_cat","embeddable":true,"href":"https:\/\/esquell.eu\/de\/wp-json\/wp\/v2\/product_cat?post=17965"},{"taxonomy":"product_tag","embeddable":true,"href":"https:\/\/esquell.eu\/de\/wp-json\/wp\/v2\/product_tag?post=17965"}],"curies":[{"name":"wp","href":"https:\/\/api.w.org\/{rel}","templated":true}]}}