{"id":17960,"date":"2025-09-08T08:54:43","date_gmt":"2025-09-08T08:54:43","guid":{"rendered":"https:\/\/esquell.eu\/product\/stanzmatte-silikonblaetter-federn-und-schmetterling-groesse-gesamte-matte-1116-cm\/"},"modified":"2025-09-08T08:54:43","modified_gmt":"2025-09-08T08:54:43","slug":"stanzmatte-silikonblaetter-federn-und-schmetterling-groesse-gesamte-matte-1116-cm","status":"publish","type":"product","link":"https:\/\/esquell.eu\/de\/produkt\/stanzmatte-silikonblaetter-federn-und-schmetterling-groesse-gesamte-matte-1116-cm\/","title":{"rendered":"Stanzmatte Silikonbl\u00e4tter, Federn und Schmetterling Gr\u00f6\u00dfe gesamte Matte 11*16 cm"},"content":{"rendered":"<p>Mit dieser strukturierten Matte k\u00f6nnen Sie Strukturen auf Ton auftragen.<\/p>\n<p>Silikon-Stempelmatte. Motiv Deko <\/p>\n<p>Bei der Verwendung mit Silber-, Kupfer-, Bronze- und Goldton spr\u00fchen Sie die strukturierten Matten zun\u00e4chst mit der Antihaft-Formel von Coolslip ein oder reiben Sie sie mit Oliven\u00f6l ein.<\/p>\n<p>Wenn Sie mit Fimo, Cernit, Premo, Sculpy usw. arbeiten, verwenden Sie z.B. Talkumpuder, um ein Verkleben zu verhindern.<\/p>\n","protected":false},"excerpt":{"rendered":"<p>Mit dieser strukturierten Matte k\u00f6nnen Sie Strukturen auf Ton auftragen.<\/p>\n<p>Silikon-Stempelmatte. Motiv Deko <\/p>\n<p>Bei der Verwendung mit Silber-, Kupfer-, Bronze- und Goldton spr\u00fchen Sie die strukturierten Matten zun\u00e4chst mit der Antihaft-Formel von Coolslip ein oder reiben Sie sie mit Oliven\u00f6l ein.<\/p>\n<p>Wenn Sie mit Fimo, Cernit, Premo, Sculpy usw. arbeiten, verwenden Sie z.B. Talkumpuder, um ein Verkleben zu verhindern.<\/p>\n","protected":false},"featured_media":9044,"comment_status":"closed","ping_status":"closed","template":"","meta":{"_acf_changed":false,"_seopress_robots_primary_cat":"none","_seopress_titles_title":"","_seopress_titles_desc":"","_seopress_robots_index":""},"more":[],"product_brand":[6365],"product_cat":[11955,12225],"product_tag":[6458,7669,11405,6624,7547,7017,16139,6455,15624,6490,14707,6626,15219,6556,7511],"class_list":{"0":"post-17960","1":"product","2":"type-product","3":"status-publish","4":"has-post-thumbnail","6":"product_brand-l1","7":"product_cat-neu","8":"product_cat-texturen-und-stempel","9":"product_tag-belgien","10":"product_tag-blatter","11":"product_tag-briefmarke","12":"product_tag-briefmarken","13":"product_tag-frankreich-2","14":"product_tag-fur","15":"product_tag-ireland","16":"product_tag-niederlande","17":"product_tag-schmetterling","18":"product_tag-silberton","19":"product_tag-silikon","20":"product_tag-stanzen","21":"product_tag-stanzmatte","22":"product_tag-ton-3","23":"product_tag-tonschmuck","25":"first","26":"instock","27":"taxable","28":"shipping-taxable","29":"purchasable","30":"product-type-simple"},"acf":[],"_links":{"self":[{"href":"https:\/\/esquell.eu\/de\/wp-json\/wp\/v2\/product\/17960","targetHints":{"allow":["GET"]}}],"collection":[{"href":"https:\/\/esquell.eu\/de\/wp-json\/wp\/v2\/product"}],"about":[{"href":"https:\/\/esquell.eu\/de\/wp-json\/wp\/v2\/types\/product"}],"replies":[{"embeddable":true,"href":"https:\/\/esquell.eu\/de\/wp-json\/wp\/v2\/comments?post=17960"}],"wp:featuredmedia":[{"embeddable":true,"href":"https:\/\/esquell.eu\/de\/wp-json\/wp\/v2\/media\/9044"}],"wp:attachment":[{"href":"https:\/\/esquell.eu\/de\/wp-json\/wp\/v2\/media?parent=17960"}],"wp:term":[{"taxonomy":"more","embeddable":true,"href":"https:\/\/esquell.eu\/de\/wp-json\/wp\/v2\/more?post=17960"},{"taxonomy":"product_brand","embeddable":true,"href":"https:\/\/esquell.eu\/de\/wp-json\/wp\/v2\/product_brand?post=17960"},{"taxonomy":"product_cat","embeddable":true,"href":"https:\/\/esquell.eu\/de\/wp-json\/wp\/v2\/product_cat?post=17960"},{"taxonomy":"product_tag","embeddable":true,"href":"https:\/\/esquell.eu\/de\/wp-json\/wp\/v2\/product_tag?post=17960"}],"curies":[{"name":"wp","href":"https:\/\/api.w.org\/{rel}","templated":true}]}}