{"id":17940,"date":"2025-09-07T11:20:48","date_gmt":"2025-09-07T11:20:48","guid":{"rendered":"https:\/\/esquell.eu\/product\/stempelmatte-silikon-mandela-1-groesse-der-gesamten-matte-1116-cm\/"},"modified":"2025-09-07T11:20:48","modified_gmt":"2025-09-07T11:20:48","slug":"stempelmatte-silikon-mandela-1-groesse-der-gesamten-matte-1116-cm","status":"publish","type":"product","link":"https:\/\/esquell.eu\/de\/produkt\/stempelmatte-silikon-mandela-1-groesse-der-gesamten-matte-1116-cm\/","title":{"rendered":"Stempelmatte Silikon Mandela 1 Gr\u00f6\u00dfe der gesamten Matte 11*16 cm"},"content":{"rendered":"<p>Mit dieser strukturierten Matte k\u00f6nnen Sie Strukturen auf Ton auftragen.<\/p>\n<p>Silikon-Stempelmatte.<\/p>\n<p>Bei der Verwendung mit Silber-, Kupfer-, Bronze- und Goldton bespr\u00fchen Sie die strukturierten Matten zun\u00e4chst mit der Anti-Haft-Formel coolslip oder reiben Sie sie mit Oliven\u00f6l ein<\/p>\n<p>Bei der Verwendung mit Fimo, Cernit, Premo, Sculpy usw. verwenden Sie dann z.B. Talkumpuder, um ein Anhaften zu verhindern.<\/p>\n","protected":false},"excerpt":{"rendered":"<p>Mit dieser strukturierten Matte k\u00f6nnen Sie Strukturen auf Ton auftragen.<\/p>\n<p>Silikon-Stempelmatte. Motiv Mandelas <\/p>\n<p>Bei der Verwendung mit Silber-, Kupfer-, Bronze- und Goldton spr\u00fchen Sie die strukturierten Matten zun\u00e4chst mit der Antihaft-Formel von Coolslip ein oder reiben Sie sie mit Oliven\u00f6l ein.<\/p>\n<p>Wenn Sie mit Fimo, Cernit, Premo, Sculpy usw. arbeiten, verwenden Sie z.B. Talkumpuder, um ein Verkleben zu verhindern.<\/p>\n","protected":false},"featured_media":9015,"comment_status":"closed","ping_status":"closed","template":"","meta":{"_acf_changed":false,"_seopress_robots_primary_cat":"none","_seopress_titles_title":"","_seopress_titles_desc":"","_seopress_robots_index":""},"more":[],"product_brand":[6365],"product_cat":[11955,12225],"product_tag":[6446,11405,6624,16021,6494,8646,8691,6909,16022,6907,6673,16023,6421,16032,6444,6441,8922,8643,7674,6419,6779,6889,6490,14707,6626,16019,15219,6556,7511,6814],"class_list":{"0":"post-17940","1":"product","2":"type-product","3":"status-publish","4":"has-post-thumbnail","6":"product_brand-l1","7":"product_cat-neu","8":"product_cat-texturen-und-stempel","9":"product_tag-aida","10":"product_tag-briefmarke","11":"product_tag-briefmarken","12":"product_tag-briefmarkenbogen","13":"product_tag-diy","14":"product_tag-drucken","15":"product_tag-etsy","16":"product_tag-facebook","17":"product_tag-flikr","18":"product_tag-instagram","19":"product_tag-japan","20":"product_tag-kreise","21":"product_tag-machen","22":"product_tag-mandela","23":"product_tag-metalclay","24":"product_tag-metallton","25":"product_tag-muscheln","26":"product_tag-pinterest","27":"product_tag-polymer-clay","28":"product_tag-schmuck","29":"product_tag-selbstgemacht","30":"product_tag-shop","31":"product_tag-silberton","32":"product_tag-silikon","33":"product_tag-stanzen","34":"product_tag-stanzen-4","35":"product_tag-stanzmatte","36":"product_tag-ton-3","37":"product_tag-tonschmuck","38":"product_tag-webshop","39":"product_shipping_class-standard","41":"first","42":"instock","43":"taxable","44":"shipping-taxable","45":"purchasable","46":"product-type-simple"},"acf":[],"_links":{"self":[{"href":"https:\/\/esquell.eu\/de\/wp-json\/wp\/v2\/product\/17940","targetHints":{"allow":["GET"]}}],"collection":[{"href":"https:\/\/esquell.eu\/de\/wp-json\/wp\/v2\/product"}],"about":[{"href":"https:\/\/esquell.eu\/de\/wp-json\/wp\/v2\/types\/product"}],"replies":[{"embeddable":true,"href":"https:\/\/esquell.eu\/de\/wp-json\/wp\/v2\/comments?post=17940"}],"wp:featuredmedia":[{"embeddable":true,"href":"https:\/\/esquell.eu\/de\/wp-json\/wp\/v2\/media\/9015"}],"wp:attachment":[{"href":"https:\/\/esquell.eu\/de\/wp-json\/wp\/v2\/media?parent=17940"}],"wp:term":[{"taxonomy":"more","embeddable":true,"href":"https:\/\/esquell.eu\/de\/wp-json\/wp\/v2\/more?post=17940"},{"taxonomy":"product_brand","embeddable":true,"href":"https:\/\/esquell.eu\/de\/wp-json\/wp\/v2\/product_brand?post=17940"},{"taxonomy":"product_cat","embeddable":true,"href":"https:\/\/esquell.eu\/de\/wp-json\/wp\/v2\/product_cat?post=17940"},{"taxonomy":"product_tag","embeddable":true,"href":"https:\/\/esquell.eu\/de\/wp-json\/wp\/v2\/product_tag?post=17940"}],"curies":[{"name":"wp","href":"https:\/\/api.w.org\/{rel}","templated":true}]}}