{"id":17933,"date":"2025-09-08T09:02:18","date_gmt":"2025-09-08T09:02:18","guid":{"rendered":"https:\/\/esquell.eu\/product\/silberanhaenger-oese-buegel-snap-on-925-silber-72-4-mm\/"},"modified":"2025-09-08T09:02:18","modified_gmt":"2025-09-08T09:02:18","slug":"silberanhaenger-oese-buegel-snap-on-925-silber-72-4-mm","status":"publish","type":"product","link":"https:\/\/esquell.eu\/de\/produkt\/silberanhaenger-oese-buegel-snap-on-925-silber-72-4-mm\/","title":{"rendered":"Silberanh\u00e4nger \u00d6se, B\u00fcgel, Snap on 925 Silber 7*2.4 mm"},"content":{"rendered":"<p>Snap on<br \/>\nSilber Anh\u00e4nger \u00d6se, B\u00fcgel, 925 Silber<\/p>\n<p>7.2 x 2.4mm<\/p>\n","protected":false},"excerpt":{"rendered":"<p>Snap on<br \/>\nSilber Anh\u00e4nger \u00d6se, B\u00fcgel, 925 Silber<\/p>\n<p>7.2 x 2.4mm<\/p>\n","protected":false},"featured_media":9054,"comment_status":"closed","ping_status":"closed","template":"","meta":{"_acf_changed":false,"_seopress_robots_primary_cat":"none","_seopress_titles_title":"","_seopress_titles_desc":"","_seopress_robots_index":""},"more":[],"product_brand":[8480],"product_cat":[12313],"product_tag":[6488,6924,15811,6494,10516,7017,6693,6998,9379,12316,6691,7019,6421,12314,6432,6424,6926,6419,15799,10470,15813,12795,6417,6671,6812,15808,15805,6920,6781,6694,6429],"class_list":{"0":"post-17933","1":"product","2":"type-product","3":"status-publish","4":"has-post-thumbnail","6":"product_brand-925-handwerk","7":"product_cat-anhangerosen-bugel-und-schraubosen","8":"product_tag-6488","9":"product_tag-anhanger-2","10":"product_tag-auf-2","11":"product_tag-diy","12":"product_tag-finishing","13":"product_tag-fur","14":"product_tag-halskette","15":"product_tag-halskette-2","16":"product_tag-halskette-3","17":"product_tag-kaution","18":"product_tag-kette","19":"product_tag-liefert","20":"product_tag-machen","21":"product_tag-pendelauge","22":"product_tag-real","23":"product_tag-rein","24":"product_tag-rein-2","25":"product_tag-schmuck","26":"product_tag-schmuck-kurzwaren-3","27":"product_tag-schmuckherstellung-2","28":"product_tag-schmuckherstellung-4","29":"product_tag-schmuckzubehor-5","30":"product_tag-silber","31":"product_tag-silber-2","32":"product_tag-silber-3","33":"product_tag-snap","34":"product_tag-snapon","35":"product_tag-sterling","36":"product_tag-teile","37":"product_tag-von","38":"product_tag-wirklich","40":"first","41":"instock","42":"taxable","43":"shipping-taxable","44":"purchasable","45":"product-type-simple"},"acf":[],"_links":{"self":[{"href":"https:\/\/esquell.eu\/de\/wp-json\/wp\/v2\/product\/17933","targetHints":{"allow":["GET"]}}],"collection":[{"href":"https:\/\/esquell.eu\/de\/wp-json\/wp\/v2\/product"}],"about":[{"href":"https:\/\/esquell.eu\/de\/wp-json\/wp\/v2\/types\/product"}],"replies":[{"embeddable":true,"href":"https:\/\/esquell.eu\/de\/wp-json\/wp\/v2\/comments?post=17933"}],"wp:featuredmedia":[{"embeddable":true,"href":"https:\/\/esquell.eu\/de\/wp-json\/wp\/v2\/media\/9054"}],"wp:attachment":[{"href":"https:\/\/esquell.eu\/de\/wp-json\/wp\/v2\/media?parent=17933"}],"wp:term":[{"taxonomy":"more","embeddable":true,"href":"https:\/\/esquell.eu\/de\/wp-json\/wp\/v2\/more?post=17933"},{"taxonomy":"product_brand","embeddable":true,"href":"https:\/\/esquell.eu\/de\/wp-json\/wp\/v2\/product_brand?post=17933"},{"taxonomy":"product_cat","embeddable":true,"href":"https:\/\/esquell.eu\/de\/wp-json\/wp\/v2\/product_cat?post=17933"},{"taxonomy":"product_tag","embeddable":true,"href":"https:\/\/esquell.eu\/de\/wp-json\/wp\/v2\/product_tag?post=17933"}],"curies":[{"name":"wp","href":"https:\/\/api.w.org\/{rel}","templated":true}]}}