{"id":17904,"date":"2025-09-07T11:42:52","date_gmt":"2025-09-07T11:42:52","guid":{"rendered":"https:\/\/esquell.eu\/product\/inlak-baelle-verschiedene-groessen-925-sterling-silber\/"},"modified":"2025-09-07T11:42:52","modified_gmt":"2025-09-07T11:42:52","slug":"inlak-baelle-verschiedene-groessen-925-sterling-silber","status":"publish","type":"product","link":"https:\/\/esquell.eu\/de\/produkt\/inlak-baelle-verschiedene-groessen-925-sterling-silber\/","title":{"rendered":"Inlak-B\u00e4lle. Verschiedene Gr\u00f6\u00dfen. 925 Sterling Silber"},"content":{"rendered":"<p>Verwendung:<\/p>\n<ul>\n<li>Halten Sie Ihre Kordel mit Knoten bereit. Machen Sie am Ende ein paar Knoten \u00fcbereinander, um einen besonders dicken Knoten zu erhalten, der dennoch leicht in die Einlegekugel passt. <\/li>\n<li>Geben Sie etwas 2-Komponenten-Epoxidkleber in die Kugel<\/li>\n<li>Dr\u00fccken Sie den Knoten Ihrer Kordel sanft in die Einlegekugel, solange der Kleber noch weich ist.<\/li>\n<li>Lassen Sie den Kleber aush\u00e4rten. Entfernen Sie \u00fcbersch\u00fcssigen Kleber schnell, bevor er aush\u00e4rtet <\/li>\n<\/ul>\n<p>Kann nat\u00fcrlich auch mit herk\u00f6mmlichem Schellack verwendet werden.<\/p>\n","protected":false},"excerpt":{"rendered":"<p>Kugeln aus 925er Sterlingsilber zum Veredeln von Halsketten, Colliers, Ketten,<\/p>\n","protected":false},"featured_media":9031,"comment_status":"closed","ping_status":"closed","template":"","meta":{"_acf_changed":false,"_seopress_robots_primary_cat":"none","_seopress_titles_title":"","_seopress_titles_desc":"","_seopress_robots_index":""},"more":[],"product_brand":[6703],"product_cat":[14167,11955],"product_tag":[6488,6494,16125,21661,7017,6693,9379,14329,16123,16122,6691,7019,6421,6891,16124,7524,16126,6432,6424,6926,7023,6419,10470,6417,6671,6812,7086,16127,6781,6814,6429],"class_list":{"0":"post-17904","1":"product","2":"type-product","3":"status-publish","4":"has-post-thumbnail","6":"product_brand-bm","7":"product_cat-925-sterling-silber","8":"product_cat-neu","9":"product_tag-6488","10":"product_tag-diy","11":"product_tag-eines","12":"product_tag-finition","13":"product_tag-fur","14":"product_tag-halskette","15":"product_tag-halskette-3","16":"product_tag-halsketten","17":"product_tag-inlak","18":"product_tag-kallotje","19":"product_tag-kette","20":"product_tag-liefert","21":"product_tag-machen","22":"product_tag-online-shop","23":"product_tag-paintball","24":"product_tag-perlen-2","25":"product_tag-perlenkette","26":"product_tag-real","27":"product_tag-rein","28":"product_tag-rein-2","29":"product_tag-rein-3","30":"product_tag-schmuck","31":"product_tag-schmuckherstellung-2","32":"product_tag-silber","33":"product_tag-silber-2","34":"product_tag-silber-3","35":"product_tag-silberschmiede","36":"product_tag-sterlinng","37":"product_tag-teile","38":"product_tag-webshop","39":"product_tag-wirklich","40":"pa_afmeting-35mm-2","41":"pa_afmeting-3mm","42":"pa_afmeting-4mm","43":"pa_afmeting-5mm","45":"first","46":"instock","47":"taxable","48":"shipping-taxable","49":"purchasable","50":"product-type-variable"},"acf":[],"_links":{"self":[{"href":"https:\/\/esquell.eu\/de\/wp-json\/wp\/v2\/product\/17904","targetHints":{"allow":["GET"]}}],"collection":[{"href":"https:\/\/esquell.eu\/de\/wp-json\/wp\/v2\/product"}],"about":[{"href":"https:\/\/esquell.eu\/de\/wp-json\/wp\/v2\/types\/product"}],"replies":[{"embeddable":true,"href":"https:\/\/esquell.eu\/de\/wp-json\/wp\/v2\/comments?post=17904"}],"wp:featuredmedia":[{"embeddable":true,"href":"https:\/\/esquell.eu\/de\/wp-json\/wp\/v2\/media\/9031"}],"wp:attachment":[{"href":"https:\/\/esquell.eu\/de\/wp-json\/wp\/v2\/media?parent=17904"}],"wp:term":[{"taxonomy":"more","embeddable":true,"href":"https:\/\/esquell.eu\/de\/wp-json\/wp\/v2\/more?post=17904"},{"taxonomy":"product_brand","embeddable":true,"href":"https:\/\/esquell.eu\/de\/wp-json\/wp\/v2\/product_brand?post=17904"},{"taxonomy":"product_cat","embeddable":true,"href":"https:\/\/esquell.eu\/de\/wp-json\/wp\/v2\/product_cat?post=17904"},{"taxonomy":"product_tag","embeddable":true,"href":"https:\/\/esquell.eu\/de\/wp-json\/wp\/v2\/product_tag?post=17904"}],"curies":[{"name":"wp","href":"https:\/\/api.w.org\/{rel}","templated":true}]}}