{"id":17788,"date":"2025-09-07T11:10:45","date_gmt":"2025-09-07T11:10:45","guid":{"rendered":"https:\/\/esquell.eu\/product\/abalone-muschelchips-fuer-einlegearbeiten-muschel-perle-5-gramm-verschiedene-farben\/"},"modified":"2025-09-07T11:10:45","modified_gmt":"2025-09-07T11:10:45","slug":"abalone-muschelchips-fuer-einlegearbeiten-muschel-perle-5-gramm-verschiedene-farben","status":"publish","type":"product","link":"https:\/\/esquell.eu\/de\/produkt\/abalone-muschelchips-fuer-einlegearbeiten-muschel-perle-5-gramm-verschiedene-farben\/","title":{"rendered":"Abalone, Muschelchips f\u00fcr Einlegearbeiten. Muschel. Perle. 5 Gramm Verschiedene Farben"},"content":{"rendered":"<p>Abalone, Muschelchips,<\/p>\n<p>Nat\u00fcrliche Muschel<\/p>\n<p>Muschel. f\u00fcr Einlage <\/p>\n<p>Inhalt 5 g.<\/p>\n<p>Verleihen Sie Ihrem Schmuck mit Abalone einen luxuri\u00f6sen, nat\u00fcrlichen Glanz und Farbe.<\/p>\n<p>Die Muscheln sind in verschiedenen Farben erh\u00e4ltlich und haben einen brillanten Perlmuttglanz.<\/p>\n<p>Ideal f\u00fcr die Herstellung von Intarsien in Schmuck<\/p>\n<p>Verwenden Sie diese Muschelteile in Kombination mit UV-Led-Harz<\/p>\n<p>Die St\u00fccke lassen sich leicht zuschneiden oder br\u00fcnieren.<\/p>\n<p>Vergewissern Sie sich, dass in Ihrem Schmuckst\u00fcck gen\u00fcgend Platz f\u00fcr die Einlage vorhanden ist.<\/p>\n<p>Vervollst\u00e4ndigen Sie das Ornament und stellen Sie es wie gewohnt fertig.<\/p>\n<p>F\u00fcllen Sie die Zwischenr\u00e4ume mit geschreddertem Inlay<\/p>\n<p>Zuerst wird eine d\u00fcnne Schicht UV\/LED-Harz aufgetragen.<\/p>\n<p>Und auch mit einer Schicht Harz abschlie\u00dfen.<\/p>\n<p>Die Farben k\u00f6nnen einzeln verwendet, aber auch gemischt oder in 1 Schmuckst\u00fcck kombiniert werden.<\/p>\n","protected":false},"excerpt":{"rendered":"<p>Abalone, Muschelchips, Nat\u00fcrliche Muschel Muschel. f\u00fcr Einlage Inhalt 5 g. Verleihen Sie Ihrem Schmuck mit Abalone einen luxuri\u00f6sen, nat\u00fcrlichen Glanz und Farbe. Die Muscheln sind in verschiedenen Farben erh\u00e4ltlich und haben einen brillanten Perlmuttglanz. Ideal f\u00fcr die Herstellung von Intarsien in Schmuck Verwenden Sie diese Muschelteile in Kombination mit UV-Led-Harz Die St\u00fccke lassen sich leicht&#8230;<\/p>\n","protected":false},"featured_media":8989,"comment_status":"closed","ping_status":"closed","template":"","meta":{"_acf_changed":false,"_seopress_robots_primary_cat":"none","_seopress_titles_title":"","_seopress_titles_desc":"","_seopress_robots_index":""},"more":[],"product_brand":[6365],"product_cat":[6367,9913],"product_tag":[16061,16063,16069,12343,7206,7017,12893,15619,6421,16073,11526,6419,16065,15578,10951,6694,6555,16071,16067],"class_list":{"0":"post-17788","1":"product","2":"type-product","3":"status-publish","4":"has-post-thumbnail","6":"product_brand-l1","7":"product_cat-erganzende-materialien","8":"product_cat-led-und-uv-harz","9":"product_tag-abalone","10":"product_tag-abalone-chips","11":"product_tag-aus","12":"product_tag-blau-3","13":"product_tag-farben","14":"product_tag-fur","15":"product_tag-lila-2","16":"product_tag-lila-3","17":"product_tag-machen","18":"product_tag-muschelstucke","19":"product_tag-rosa-2","20":"product_tag-schmuck","21":"product_tag-schreddert","22":"product_tag-shell","23":"product_tag-stucke","24":"product_tag-von","25":"product_tag-weis","26":"product_tag-whit","27":"product_tag-wollweis","28":"pa_kleur-blau","29":"pa_kleur-grun","30":"pa_kleur-lila","31":"pa_kleur-rosa","32":"pa_kleur-wollweis","34":"first","35":"instock","36":"taxable","37":"shipping-taxable","38":"purchasable","39":"product-type-variable"},"acf":[],"_links":{"self":[{"href":"https:\/\/esquell.eu\/de\/wp-json\/wp\/v2\/product\/17788","targetHints":{"allow":["GET"]}}],"collection":[{"href":"https:\/\/esquell.eu\/de\/wp-json\/wp\/v2\/product"}],"about":[{"href":"https:\/\/esquell.eu\/de\/wp-json\/wp\/v2\/types\/product"}],"replies":[{"embeddable":true,"href":"https:\/\/esquell.eu\/de\/wp-json\/wp\/v2\/comments?post=17788"}],"wp:featuredmedia":[{"embeddable":true,"href":"https:\/\/esquell.eu\/de\/wp-json\/wp\/v2\/media\/8989"}],"wp:attachment":[{"href":"https:\/\/esquell.eu\/de\/wp-json\/wp\/v2\/media?parent=17788"}],"wp:term":[{"taxonomy":"more","embeddable":true,"href":"https:\/\/esquell.eu\/de\/wp-json\/wp\/v2\/more?post=17788"},{"taxonomy":"product_brand","embeddable":true,"href":"https:\/\/esquell.eu\/de\/wp-json\/wp\/v2\/product_brand?post=17788"},{"taxonomy":"product_cat","embeddable":true,"href":"https:\/\/esquell.eu\/de\/wp-json\/wp\/v2\/product_cat?post=17788"},{"taxonomy":"product_tag","embeddable":true,"href":"https:\/\/esquell.eu\/de\/wp-json\/wp\/v2\/product_tag?post=17788"}],"curies":[{"name":"wp","href":"https:\/\/api.w.org\/{rel}","templated":true}]}}