{"id":17787,"date":"2025-09-07T10:51:13","date_gmt":"2025-09-07T10:51:13","guid":{"rendered":"https:\/\/esquell.eu\/product\/halter-fuer-emaillierung\/"},"modified":"2025-09-07T10:51:13","modified_gmt":"2025-09-07T10:51:13","slug":"halter-fuer-emaillierung","status":"publish","type":"product","link":"https:\/\/esquell.eu\/de\/produkt\/halter-fuer-emaillierung\/","title":{"rendered":"Halter f\u00fcr Emaillierung"},"content":{"rendered":"<p>Strapazierf\u00e4higer Halter f\u00fcr Brenner-Emaillierung und Ofen-Emaillierung. Dieser Halter verhindert, dass St\u00fccke verrutschen und herunterfallen. Aufgrund des minimalen Kontakts zwischen dem emaillierten St\u00fcck und dem Halter f\u00e4llt wenig oder gar keine Reinigungsarbeit an. Zum Emaillieren mit dem Brenner: Stellen Sie den Halter in das <strong>Stativ <\/strong>, um mit einem Brenner von unten zu brennen   <\/p>\n","protected":false},"excerpt":{"rendered":"<p>Klyr-Fire Fixiermittel ist ideal, um Emaillepulver zu fixieren, w\u00e4hrend Sie gestalten. Tragen Sie die Fl\u00fcssigkeit einfach auf Ihre Oberfl\u00e4che auf, bevor Sie Emaille auftragen. Verwenden Sie das Mittel unverd\u00fcnnt f\u00fcr Emaillepulver oder um Cloisonn\u00e9-Draht zu fixieren. Um ein spr\u00fchbares Fixiermittel herzustellen, mischen Sie dieses Mittel auf Wasserbasis mit gleichen Teilen Wasser und geben es in eine Spr\u00fchflasche, Spr\u00fchflasche   <\/p>\n<p>Auch f\u00fcr das Fusing von Glas geeignet. Mit Klyr Fire werden die Glasst\u00fccke, Fritten usw. an ihrem Platz gehalten. <\/p>\n","protected":false},"featured_media":8984,"comment_status":"closed","ping_status":"closed","template":"","meta":{"_acf_changed":false,"_seopress_robots_primary_cat":"none","_seopress_titles_title":"","_seopress_titles_desc":"","_seopress_robots_index":""},"more":[],"product_brand":[6595],"product_cat":[7505,11955],"product_tag":[8559,7197,16064,9752,16072,7200,16066,7017,16075,16056,16062,10074,16074,10720,16070,16068],"class_list":{"0":"post-17787","1":"product","2":"type-product","3":"status-publish","4":"has-post-thumbnail","6":"product_brand-coole-tools","7":"product_cat-emaillierwerkzeuge-und-zubehor","8":"product_cat-neu","9":"product_tag-cooltools","10":"product_tag-emaille","11":"product_tag-emaille-zubehor","12":"product_tag-emaillepulver-2","13":"product_tag-emaillepulver-3","14":"product_tag-emaillieren","15":"product_tag-fixiermittel","16":"product_tag-fur","17":"product_tag-glaspulver","18":"product_tag-halter","19":"product_tag-klyr-feuer","20":"product_tag-leim","21":"product_tag-puder","22":"product_tag-trivert","23":"product_tag-vorubergehend","24":"product_tag-vvor","26":"first","27":"instock","28":"taxable","29":"shipping-taxable","30":"purchasable","31":"product-type-simple"},"acf":[],"_links":{"self":[{"href":"https:\/\/esquell.eu\/de\/wp-json\/wp\/v2\/product\/17787","targetHints":{"allow":["GET"]}}],"collection":[{"href":"https:\/\/esquell.eu\/de\/wp-json\/wp\/v2\/product"}],"about":[{"href":"https:\/\/esquell.eu\/de\/wp-json\/wp\/v2\/types\/product"}],"replies":[{"embeddable":true,"href":"https:\/\/esquell.eu\/de\/wp-json\/wp\/v2\/comments?post=17787"}],"wp:featuredmedia":[{"embeddable":true,"href":"https:\/\/esquell.eu\/de\/wp-json\/wp\/v2\/media\/8984"}],"wp:attachment":[{"href":"https:\/\/esquell.eu\/de\/wp-json\/wp\/v2\/media?parent=17787"}],"wp:term":[{"taxonomy":"more","embeddable":true,"href":"https:\/\/esquell.eu\/de\/wp-json\/wp\/v2\/more?post=17787"},{"taxonomy":"product_brand","embeddable":true,"href":"https:\/\/esquell.eu\/de\/wp-json\/wp\/v2\/product_brand?post=17787"},{"taxonomy":"product_cat","embeddable":true,"href":"https:\/\/esquell.eu\/de\/wp-json\/wp\/v2\/product_cat?post=17787"},{"taxonomy":"product_tag","embeddable":true,"href":"https:\/\/esquell.eu\/de\/wp-json\/wp\/v2\/product_tag?post=17787"}],"curies":[{"name":"wp","href":"https:\/\/api.w.org\/{rel}","templated":true}]}}