{"id":17774,"date":"2025-09-07T10:44:23","date_gmt":"2025-09-07T10:44:23","guid":{"rendered":"https:\/\/esquell.eu\/product\/starterset-mit-farben-fuer-emaillierung-glas-und-keramik\/"},"modified":"2025-09-07T10:44:23","modified_gmt":"2025-09-07T10:44:23","slug":"starterset-mit-farben-fuer-emaillierung-glas-und-keramik","status":"publish","type":"product","link":"https:\/\/esquell.eu\/de\/produkt\/starterset-mit-farben-fuer-emaillierung-glas-und-keramik\/","title":{"rendered":"Starterset mit Farben f\u00fcr Emaillierung, Glas und Keramik."},"content":{"rendered":"<p>Grundlegendes Farbset zum Emaillieren, f\u00fcr Glas und Keramik.<\/p>\n<p>Mit dieser Farbe in verschiedenen Farben k\u00f6nnen Sie \u00fcber Ihre emaillierten Oberfl\u00e4chen, Ihre Glasst\u00fccke oder glasierte Keramik zeichnen\/malen und sie dann erneut brennen<\/p>\n<p>Bake off (bei 670C-720C), um einzigartige Designs zu kreieren.<br \/>\nEnth\u00e4lt; 12 deckende Farben (insgesamt ca. 90 Gramm)<br \/>\n1x 30 ml Flasche Medium auf Wasserbasis<br \/>\n1x 20 ml Flasche Medium auf L\u00f6sungsmittelbasis<\/p>\n<p>In praktischer Aufbewahrungsbox<\/p>\n","protected":false},"excerpt":{"rendered":"<p>Grundlegendes Farbset zum Emaillieren, f\u00fcr Glas und Keramik. Mit dieser Farbe in verschiedenen Farben k\u00f6nnen Sie \u00fcber Ihre emaillierten Oberfl\u00e4chen, Ihre Glasst\u00fccke oder glasierte Keramik zeichnen\/malen und sie dann erneut brennen Bake off (bei 670C-720C), um einzigartige Designs zu kreieren. Enth\u00e4lt; 12 deckende Farben (insgesamt ca. 90 Gramm) 1x 30 ml Flasche Medium auf Wasserbasis&#8230;<\/p>\n","protected":false},"featured_media":8976,"comment_status":"closed","ping_status":"closed","template":"","meta":{"_acf_changed":false,"_seopress_robots_primary_cat":"none","_seopress_titles_title":"","_seopress_titles_desc":"","_seopress_robots_index":""},"more":[],"product_brand":[6518],"product_cat":[7505,11955],"product_tag":[],"class_list":{"0":"post-17774","1":"product","2":"type-product","3":"status-publish","4":"has-post-thumbnail","6":"product_brand-prometheus","7":"product_cat-emaillierwerkzeuge-und-zubehor","8":"product_cat-neu","10":"first","11":"instock","12":"taxable","13":"shipping-taxable","14":"purchasable","15":"product-type-simple"},"acf":[],"_links":{"self":[{"href":"https:\/\/esquell.eu\/de\/wp-json\/wp\/v2\/product\/17774","targetHints":{"allow":["GET"]}}],"collection":[{"href":"https:\/\/esquell.eu\/de\/wp-json\/wp\/v2\/product"}],"about":[{"href":"https:\/\/esquell.eu\/de\/wp-json\/wp\/v2\/types\/product"}],"replies":[{"embeddable":true,"href":"https:\/\/esquell.eu\/de\/wp-json\/wp\/v2\/comments?post=17774"}],"wp:featuredmedia":[{"embeddable":true,"href":"https:\/\/esquell.eu\/de\/wp-json\/wp\/v2\/media\/8976"}],"wp:attachment":[{"href":"https:\/\/esquell.eu\/de\/wp-json\/wp\/v2\/media?parent=17774"}],"wp:term":[{"taxonomy":"more","embeddable":true,"href":"https:\/\/esquell.eu\/de\/wp-json\/wp\/v2\/more?post=17774"},{"taxonomy":"product_brand","embeddable":true,"href":"https:\/\/esquell.eu\/de\/wp-json\/wp\/v2\/product_brand?post=17774"},{"taxonomy":"product_cat","embeddable":true,"href":"https:\/\/esquell.eu\/de\/wp-json\/wp\/v2\/product_cat?post=17774"},{"taxonomy":"product_tag","embeddable":true,"href":"https:\/\/esquell.eu\/de\/wp-json\/wp\/v2\/product_tag?post=17774"}],"curies":[{"name":"wp","href":"https:\/\/api.w.org\/{rel}","templated":true}]}}