{"id":17685,"date":"2025-09-08T09:48:03","date_gmt":"2025-09-08T09:48:03","guid":{"rendered":"https:\/\/esquell.eu\/product\/steinpresswerkzeug-mit-7-aufsaetzen-in-verschiedenen-groessen\/"},"modified":"2025-09-08T09:48:03","modified_gmt":"2025-09-08T09:48:03","slug":"steinpresswerkzeug-mit-7-aufsaetzen-in-verschiedenen-groessen","status":"publish","type":"product","link":"https:\/\/esquell.eu\/de\/produkt\/steinpresswerkzeug-mit-7-aufsaetzen-in-verschiedenen-groessen\/","title":{"rendered":"Steinpresswerkzeug. mit 7 Aufs\u00e4tzen in verschiedenen Gr\u00f6\u00dfen"},"content":{"rendered":"<p>Werkzeug zum Pressen von Steinen. F\u00fcr 7 verschiedene Steingr\u00f6\u00dfen. <\/p>\n","protected":false},"excerpt":{"rendered":"<p>Werkzeug zum Pressen von Steinen. F\u00fcr 7 verschiedene Steingr\u00f6\u00dfen.<\/p>\n","protected":false},"featured_media":0,"comment_status":"closed","ping_status":"closed","template":"","meta":{"_acf_changed":false,"_seopress_robots_primary_cat":"none","_seopress_titles_title":"","_seopress_titles_desc":"","_seopress_robots_index":""},"more":[],"product_brand":[6703],"product_cat":[6367,7434],"product_tag":[6684,7387,16002,7953,8535,7017,15999,6767,7349,7131,15998,6421,6682,16000,6926,6777,11619,7435,6417,6671,7354,7086,6464,7439,16001,7441],"class_list":{"0":"post-17685","1":"product","2":"type-product","3":"status-publish","5":"product_brand-bm","6":"product_cat-erganzende-materialien","7":"product_cat-zange-und-pinzette","8":"product_tag-anhanger","9":"product_tag-bronze","10":"product_tag-druckwerkzeug","11":"product_tag-einstellung","12":"product_tag-einstellung-2","13":"product_tag-fur","14":"product_tag-fur-schmuck","15":"product_tag-gold","16":"product_tag-goldschmied","17":"product_tag-kupfer","18":"product_tag-liefert-2","19":"product_tag-machen","20":"product_tag-ohrringe","21":"product_tag-presse","22":"product_tag-rein-2","23":"product_tag-ringe","24":"product_tag-schmuckherstellung-3","25":"product_tag-setzen","26":"product_tag-silber","27":"product_tag-silber-2","28":"product_tag-silberschmied","29":"product_tag-silberschmiede","30":"product_tag-stein","31":"product_tag-stein-3","32":"product_tag-verschiedene-marken","33":"product_tag-werkzeug-2","35":"first","36":"outofstock","37":"taxable","38":"shipping-taxable","39":"purchasable","40":"product-type-simple"},"acf":[],"_links":{"self":[{"href":"https:\/\/esquell.eu\/de\/wp-json\/wp\/v2\/product\/17685","targetHints":{"allow":["GET"]}}],"collection":[{"href":"https:\/\/esquell.eu\/de\/wp-json\/wp\/v2\/product"}],"about":[{"href":"https:\/\/esquell.eu\/de\/wp-json\/wp\/v2\/types\/product"}],"replies":[{"embeddable":true,"href":"https:\/\/esquell.eu\/de\/wp-json\/wp\/v2\/comments?post=17685"}],"wp:attachment":[{"href":"https:\/\/esquell.eu\/de\/wp-json\/wp\/v2\/media?parent=17685"}],"wp:term":[{"taxonomy":"more","embeddable":true,"href":"https:\/\/esquell.eu\/de\/wp-json\/wp\/v2\/more?post=17685"},{"taxonomy":"product_brand","embeddable":true,"href":"https:\/\/esquell.eu\/de\/wp-json\/wp\/v2\/product_brand?post=17685"},{"taxonomy":"product_cat","embeddable":true,"href":"https:\/\/esquell.eu\/de\/wp-json\/wp\/v2\/product_cat?post=17685"},{"taxonomy":"product_tag","embeddable":true,"href":"https:\/\/esquell.eu\/de\/wp-json\/wp\/v2\/product_tag?post=17685"}],"curies":[{"name":"wp","href":"https:\/\/api.w.org\/{rel}","templated":true}]}}