{"id":17586,"date":"2025-09-08T17:32:56","date_gmt":"2025-09-08T17:32:56","guid":{"rendered":"https:\/\/esquell.eu\/product\/anhaenger-oese-buegel-feinsilber-antik\/"},"modified":"2025-09-08T17:32:56","modified_gmt":"2025-09-08T17:32:56","slug":"anhaenger-oese-buegel-feinsilber-antik","status":"publish","type":"product","link":"https:\/\/esquell.eu\/de\/produkt\/anhaenger-oese-buegel-feinsilber-antik\/","title":{"rendered":"Anh\u00e4nger \u00d6se \/ B\u00fcgel Feinsilber. Antik."},"content":{"rendered":"<p>Feinsilberne runde B\u00fcgel-\/Anh\u00e4nger\u00f6se<\/p>\n<p>Gesamte \u00d6se \u00d810mm, balinesischer Stil,<\/p>\n<p>Bohrung \u00d86mm<\/p>\n<p>Innendurchmesser kleine \u00d6se \u00d82.5mm<\/p>\n<p>Antik<\/p>\n","protected":false},"excerpt":{"rendered":"<p>Snap on<br \/>\nSilber Anh\u00e4nger \u00d6se, B\u00fcgel, 925 Silber<\/p>\n<p>7.2 x 2.4mm<\/p>\n","protected":false},"featured_media":9136,"comment_status":"closed","ping_status":"closed","template":"","meta":{"_acf_changed":false,"_seopress_robots_primary_cat":"none","_seopress_titles_title":"","_seopress_titles_desc":"","_seopress_robots_index":""},"more":[],"product_brand":[6992],"product_cat":[12313,11955],"product_tag":[6488,6924,15811,6494,10516,7017,6693,6998,9379,12316,6691,7019,6421,12314,6432,6424,6926,6419,15799,10470,15813,12795,6417,6671,6812,15808,15805,6920,6781,6694,6429],"class_list":{"0":"post-17586","1":"product","2":"type-product","3":"status-publish","4":"has-post-thumbnail","6":"product_brand-ayu","7":"product_cat-anhangerosen-bugel-und-schraubosen","8":"product_cat-neu","9":"product_tag-6488","10":"product_tag-anhanger-2","11":"product_tag-auf-2","12":"product_tag-diy","13":"product_tag-finishing","14":"product_tag-fur","15":"product_tag-halskette","16":"product_tag-halskette-2","17":"product_tag-halskette-3","18":"product_tag-kaution","19":"product_tag-kette","20":"product_tag-liefert","21":"product_tag-machen","22":"product_tag-pendelauge","23":"product_tag-real","24":"product_tag-rein","25":"product_tag-rein-2","26":"product_tag-schmuck","27":"product_tag-schmuck-kurzwaren-3","28":"product_tag-schmuckherstellung-2","29":"product_tag-schmuckherstellung-4","30":"product_tag-schmuckzubehor-5","31":"product_tag-silber","32":"product_tag-silber-2","33":"product_tag-silber-3","34":"product_tag-snap","35":"product_tag-snapon","36":"product_tag-sterling","37":"product_tag-teile","38":"product_tag-von","39":"product_tag-wirklich","41":"first","42":"instock","43":"taxable","44":"shipping-taxable","45":"purchasable","46":"product-type-simple"},"acf":[],"_links":{"self":[{"href":"https:\/\/esquell.eu\/de\/wp-json\/wp\/v2\/product\/17586","targetHints":{"allow":["GET"]}}],"collection":[{"href":"https:\/\/esquell.eu\/de\/wp-json\/wp\/v2\/product"}],"about":[{"href":"https:\/\/esquell.eu\/de\/wp-json\/wp\/v2\/types\/product"}],"replies":[{"embeddable":true,"href":"https:\/\/esquell.eu\/de\/wp-json\/wp\/v2\/comments?post=17586"}],"wp:featuredmedia":[{"embeddable":true,"href":"https:\/\/esquell.eu\/de\/wp-json\/wp\/v2\/media\/9136"}],"wp:attachment":[{"href":"https:\/\/esquell.eu\/de\/wp-json\/wp\/v2\/media?parent=17586"}],"wp:term":[{"taxonomy":"more","embeddable":true,"href":"https:\/\/esquell.eu\/de\/wp-json\/wp\/v2\/more?post=17586"},{"taxonomy":"product_brand","embeddable":true,"href":"https:\/\/esquell.eu\/de\/wp-json\/wp\/v2\/product_brand?post=17586"},{"taxonomy":"product_cat","embeddable":true,"href":"https:\/\/esquell.eu\/de\/wp-json\/wp\/v2\/product_cat?post=17586"},{"taxonomy":"product_tag","embeddable":true,"href":"https:\/\/esquell.eu\/de\/wp-json\/wp\/v2\/product_tag?post=17586"}],"curies":[{"name":"wp","href":"https:\/\/api.w.org\/{rel}","templated":true}]}}