{"id":17560,"date":"2025-09-08T11:46:19","date_gmt":"2025-09-08T11:46:19","guid":{"rendered":"https:\/\/esquell.eu\/product\/perlenperle-barock-natuerliche-perle-9-10-mm-white-off-pro-strang\/"},"modified":"2025-11-09T04:29:37","modified_gmt":"2025-11-09T04:29:37","slug":"perlenperle-barock-natuerliche-perle-9-10-mm-white-off-pro-strang","status":"publish","type":"product","link":"https:\/\/esquell.eu\/de\/produkt\/perlenperle-barock-natuerliche-perle-9-10-mm-white-off-pro-strang\/","title":{"rendered":"Perlenperle, Barock Nat\u00fcrliche Perle 9-10 mm, white-off; pro Strang"},"content":{"rendered":"<p>Form: Unregelm\u00e4\u00dfig, skurriler Barock<\/p>\n<p>Perle. Vollst\u00e4ndig durchbohrt.<br \/>\nGr\u00f6\u00dfe: 9-10 mm<br \/>\nFarbe: wei\u00df-off <\/p>\n<p>Nat\u00fcrliche Zuchtperlen<\/p>\n<p>Packung pro Strang<\/p>\n<p>Strangl\u00e4nge ca. 34 cm<\/p>\n<p>Anzahl der Perlen pro Strang ca. 35<\/p>\n<p>&nbsp;<\/p>\n","protected":false},"excerpt":{"rendered":"<p>Perle Halbgebohrt. Nat\u00fcrliche Zuchtperlen.<br \/>\nrosa <\/p>\n<p>Perle halb gebohrt.<br \/>\nNat\u00fcrliche Perle.<br \/>\nGez\u00fcchtete, kultivierte Perle.<\/p>\n<p><strong>Verarbeitung von Perlen in Silver Clay \/ Art Clay Silver.<\/strong><\/p>\n","protected":false},"featured_media":9127,"comment_status":"closed","ping_status":"closed","template":"","meta":{"_acf_changed":false,"_seopress_robots_primary_cat":"none","_seopress_titles_title":"","_seopress_titles_desc":"","_seopress_robots_index":""},"more":[],"product_brand":[6365],"product_cat":[14250,11955],"product_tag":[9197,15900,15918,15920,6817,6802,6689,6492,9208,15910,8330,6415,6721,6840,7387,6903,7957,6603,8559,6494,6826,13902,15922,15924,7320,8907,9193,6842,7680,6824,7017,11518,11569,6830,6767,6769,6822,15902,7330,6692,8763,6836,9184,6786,13750,15896,6498,7131,6905,6775,15890,15894,6844,6421,6444,7557,8137,6441,10628,8922,7955,15912,7317,8392,6832,8395,8770,9199,6682,8946,9200,9302,6788,6828,7070,15898,15940,15908,15906,15904,15928,15932,15926,15930,8001,14444,8092,6777,9202,6419,6820,8767,11192,15888,6889,9195,6558,6490,7507,7923,7334,6834,8608,15892,15916,13076,9204,6435,6500,6556,6784,6795,8121,9206,7072,6814,6690,7441,6605,6818,8658,6783,7064,6838,15914,15945],"class_list":{"0":"post-17560","1":"product","2":"type-product","3":"status-publish","4":"has-post-thumbnail","6":"product_brand-l1","7":"product_cat-naturliche-perlen","8":"product_cat-neu","9":"product_tag-9197","10":"product_tag-hier-ist","11":"product_tag-akoya","12":"product_tag-akoya-perlen","13":"product_tag-amsterdam","14":"product_tag-angebot","15":"product_tag-armband","16":"product_tag-artclay","17":"product_tag-assecoires","18":"product_tag-austern","19":"product_tag-biegsames-silber-2","20":"product_tag-billig","21":"product_tag-blau","22":"product_tag-brabant","23":"product_tag-bronze","24":"product_tag-bronze-ton","25":"product_tag-cabochon","26":"product_tag-cool","27":"product_tag-cooltools","28":"product_tag-diy","29":"product_tag-drenthe","30":"product_tag-dunkel","31":"product_tag-dunkel-2","32":"product_tag-dunkle-perlen","33":"product_tag-edelstein","34":"product_tag-einsteigerpakete","35":"product_tag-einsteigerpakete-2","36":"product_tag-flevoland","37":"product_tag-formulare","38":"product_tag-friesland","39":"product_tag-fur","40":"product_tag-gebohrt","41":"product_tag-gebohrt-3","42":"product_tag-gelderland","43":"product_tag-gold","44":"product_tag-goldton","45":"product_tag-groningen","46":"product_tag-gucultivated","47":"product_tag-halb","48":"product_tag-handbuch","49":"product_tag-handbucher","50":"product_tag-holland","51":"product_tag-internet","52":"product_tag-kaufen","53":"product_tag-kitt","54":"product_tag-kultiviert","55":"product_tag-kunst","56":"product_tag-kupfer","57":"product_tag-kupferton","58":"product_tag-kurzwarengeschaft","59":"product_tag-lapiz","60":"product_tag-lasuli","61":"product_tag-limburg","62":"product_tag-machen","63":"product_tag-metalclay","64":"product_tag-metall","65":"product_tag-metall-3","66":"product_tag-metallton","67":"product_tag-mm","68":"product_tag-muscheln","69":"product_tag-naturlich","70":"product_tag-naturliche-perlen","71":"product_tag-naturstein","72":"product_tag-nop","73":"product_tag-norden","74":"product_tag-nordholland","75":"product_tag-ohrring","76":"product_tag-ohrring-2","77":"product_tag-ohrringe","78":"product_tag-ohrstecker-2","79":"product_tag-ohrstecker-3","80":"product_tag-ohrstecker-5","81":"product_tag-online","82":"product_tag-overijssel","83":"product_tag-perlen","84":"product_tag-perlen-7","85":"product_tag-perlen-8","86":"product_tag-perlenfadeln","87":"product_tag-perlenohrring","88":"product_tag-perlenring","89":"product_tag-pfauen","90":"product_tag-pfauenfeder-2","91":"product_tag-pfauenperle","92":"product_tag-pfauenperlen","93":"product_tag-pmc","94":"product_tag-real-2","95":"product_tag-ring","96":"product_tag-ringe","97":"product_tag-schleifen-2","98":"product_tag-schmuck","99":"product_tag-schmuck-2","100":"product_tag-schmuck-5","101":"product_tag-schwarz-2","102":"product_tag-schwarz-3","103":"product_tag-shop","104":"product_tag-shop-2","105":"product_tag-sie-selbst","106":"product_tag-silberton","107":"product_tag-starterset","108":"product_tag-starterset-2","109":"product_tag-stein-2","110":"product_tag-sud","111":"product_tag-sudholland","112":"product_tag-suswasser","113":"product_tag-suswasserperlen","114":"product_tag-synthetisch-2","115":"product_tag-textur","116":"product_tag-ton","117":"product_tag-ton-2","118":"product_tag-ton-3","119":"product_tag-unter-2","120":"product_tag-utrecht","121":"product_tag-von-2","122":"product_tag-vorlagen","123":"product_tag-wattenmeer","124":"product_tag-webshop","125":"product_tag-werkstatten","126":"product_tag-werkzeug-2","127":"product_tag-werkzeuge","128":"product_tag-werkzeuge-2","129":"product_tag-wissensbasis","130":"product_tag-wobei","131":"product_tag-workshop","132":"product_tag-zeeland","133":"product_tag-zuchtperlen","134":"product_tag-zuchtperlen-2","135":"product_shipping_class-standard","136":"pa_afmeting-11-12mm","137":"pa_afmeting-2-3mm","138":"pa_afmeting-3-4mm","139":"pa_afmeting-4-5mm","140":"pa_afmeting-5-6mm","141":"pa_afmeting-6-7mm","142":"pa_afmeting-7-8mm","143":"pa_afmeting-8-9mm","144":"pa_afmeting-9-10mm","146":"first","147":"instock","148":"taxable","149":"shipping-taxable","150":"purchasable","151":"product-type-simple"},"acf":[],"_links":{"self":[{"href":"https:\/\/esquell.eu\/de\/wp-json\/wp\/v2\/product\/17560","targetHints":{"allow":["GET"]}}],"collection":[{"href":"https:\/\/esquell.eu\/de\/wp-json\/wp\/v2\/product"}],"about":[{"href":"https:\/\/esquell.eu\/de\/wp-json\/wp\/v2\/types\/product"}],"replies":[{"embeddable":true,"href":"https:\/\/esquell.eu\/de\/wp-json\/wp\/v2\/comments?post=17560"}],"wp:featuredmedia":[{"embeddable":true,"href":"https:\/\/esquell.eu\/de\/wp-json\/wp\/v2\/media\/9127"}],"wp:attachment":[{"href":"https:\/\/esquell.eu\/de\/wp-json\/wp\/v2\/media?parent=17560"}],"wp:term":[{"taxonomy":"more","embeddable":true,"href":"https:\/\/esquell.eu\/de\/wp-json\/wp\/v2\/more?post=17560"},{"taxonomy":"product_brand","embeddable":true,"href":"https:\/\/esquell.eu\/de\/wp-json\/wp\/v2\/product_brand?post=17560"},{"taxonomy":"product_cat","embeddable":true,"href":"https:\/\/esquell.eu\/de\/wp-json\/wp\/v2\/product_cat?post=17560"},{"taxonomy":"product_tag","embeddable":true,"href":"https:\/\/esquell.eu\/de\/wp-json\/wp\/v2\/product_tag?post=17560"}],"curies":[{"name":"wp","href":"https:\/\/api.w.org\/{rel}","templated":true}]}}