{"id":17422,"date":"2025-09-10T17:18:50","date_gmt":"2025-09-10T17:18:50","guid":{"rendered":"https:\/\/esquell.eu\/product\/schmuckschablone-zur-herstellung-von-armbaendern-aus-metall-ton\/"},"modified":"2025-09-10T17:18:50","modified_gmt":"2025-09-10T17:18:50","slug":"schmuckschablone-zur-herstellung-von-armbaendern-aus-metall-ton","status":"publish","type":"product","link":"https:\/\/esquell.eu\/de\/produkt\/schmuckschablone-zur-herstellung-von-armbaendern-aus-metall-ton\/","title":{"rendered":"Schmuckschablone zur Herstellung von Armb\u00e4ndern aus (Metall-)Ton."},"content":{"rendered":"<p>3 Formen in verschiedenen Gr\u00f6\u00dfen.<\/p>\n<p>Das halbtransparente Design macht es einfach, die Schablone zu positionieren.<\/p>\n","protected":false},"excerpt":{"rendered":"<p>Um die Schablone auf Polymer-, Metall- oder Keramikton zu verwenden, legen Sie ein glattes oder strukturiertes St\u00fcck Ton auf eine Arbeitsmatte und schneiden Sie die Form mit einem Nadelstift aus. Beginnen Sie an den \u00e4u\u00dferen Ecken und schneiden Sie zu den inneren Ecken hin, um die sch\u00f6nsten Schnitte zu erzielen. Nehmen Sie die Schablone ab und entfernen Sie den \u00fcbersch\u00fcssigen Ton.  <\/p>\n<p>Diese Schablone ist auch als Schablone f\u00fcr die Herstellung von Befestigungselementen aus Blech geeignet.<\/p>\n<p>&nbsp;<\/p>\n<p>&nbsp;<\/p>\n","protected":false},"featured_media":9314,"comment_status":"closed","ping_status":"closed","template":"","meta":{"_acf_changed":false,"_seopress_robots_primary_cat":"none","_seopress_titles_title":"","_seopress_titles_desc":"","_seopress_robots_index":""},"more":[],"product_brand":[6595],"product_cat":[11398],"product_tag":[6446,11978,6802,6492,6438,6458,6677,6790,6415,7250,15339,7463,7676,7451,13111,13109,6675,10107,13082,6793,7461,7953,12298,7206,7672,7680,6680,7017,7237,13084,10814,13068,6452,7259,6673,6786,11016,13160,6704,9501,6510,6679,7545,6421,6444,6441,13157,6455,6788,6891,14475,13080,13155,8786,13066,13070,9506,11512,13102,15336,8587,13106,15346,6490,13072,13148,6556,7511,15342,7240,15327,6784,12539,6449,13108,9206,15332,6814,6783,13104,8004],"class_list":{"0":"post-17422","1":"product","2":"type-product","3":"status-publish","4":"has-post-thumbnail","6":"product_brand-coole-tools","7":"product_cat-schablonen-fur-die-schmuckherstellung","8":"product_tag-aida","9":"product_tag-amber","10":"product_tag-angebot","11":"product_tag-artclay","12":"product_tag-artclaysilver","13":"product_tag-belgien","14":"product_tag-belgien-2","15":"product_tag-bestellung","16":"product_tag-billig","17":"product_tag-blau-2","18":"product_tag-blech","19":"product_tag-bruhgruppe","20":"product_tag-cernit","21":"product_tag-chaton","22":"product_tag-collor","23":"product_tag-collors","24":"product_tag-craftlines","25":"product_tag-daimond","26":"product_tag-die-2","27":"product_tag-einkaufen","28":"product_tag-einstellbox","29":"product_tag-einstellung","30":"product_tag-farbe","31":"product_tag-farben","32":"product_tag-fimo","33":"product_tag-formulare","34":"product_tag-frankreich","35":"product_tag-fur","36":"product_tag-gelb-2","37":"product_tag-gem","38":"product_tag-glas-2","39":"product_tag-grosartig-2","40":"product_tag-groshandel","41":"product_tag-grun-2","42":"product_tag-japan","43":"product_tag-kaufen","44":"product_tag-kubisch","45":"product_tag-kubisch-3","46":"product_tag-loschen","47":"product_tag-loschen-2","48":"product_tag-lunette","49":"product_tag-luxemburg","50":"product_tag-luxemburg-2","51":"product_tag-machen","52":"product_tag-metalclay","53":"product_tag-metallton","54":"product_tag-mulit","55":"product_tag-niederlande","56":"product_tag-online","57":"product_tag-online-shop","58":"product_tag-paris","59":"product_tag-pyramide","60":"product_tag-pyramide-2","61":"product_tag-reichweite","62":"product_tag-rio","63":"product_tag-riogrande","64":"product_tag-rot-2","65":"product_tag-rund-2","66":"product_tag-saphir","67":"product_tag-schaltet-um","68":"product_tag-schneiden","69":"product_tag-schneiden-2","70":"product_tag-schrager-tropfen","71":"product_tag-silberton","72":"product_tag-steine","73":"product_tag-synthetisch-3","74":"product_tag-ton-3","75":"product_tag-tonschmuck","76":"product_tag-tonvorlage","77":"product_tag-transparent","78":"product_tag-umschalten","79":"product_tag-unter-2","80":"product_tag-verschluss","81":"product_tag-verteiler","82":"product_tag-viel","83":"product_tag-vorlagen","84":"product_tag-vorlagen-2","85":"product_tag-webshop","86":"product_tag-wobei","87":"product_tag-zirkon","88":"product_tag-zirkoniumdioxid-2","89":"product_shipping_class-standard","91":"first","92":"instock","93":"taxable","94":"shipping-taxable","95":"purchasable","96":"product-type-simple"},"acf":[],"_links":{"self":[{"href":"https:\/\/esquell.eu\/de\/wp-json\/wp\/v2\/product\/17422","targetHints":{"allow":["GET"]}}],"collection":[{"href":"https:\/\/esquell.eu\/de\/wp-json\/wp\/v2\/product"}],"about":[{"href":"https:\/\/esquell.eu\/de\/wp-json\/wp\/v2\/types\/product"}],"replies":[{"embeddable":true,"href":"https:\/\/esquell.eu\/de\/wp-json\/wp\/v2\/comments?post=17422"}],"wp:featuredmedia":[{"embeddable":true,"href":"https:\/\/esquell.eu\/de\/wp-json\/wp\/v2\/media\/9314"}],"wp:attachment":[{"href":"https:\/\/esquell.eu\/de\/wp-json\/wp\/v2\/media?parent=17422"}],"wp:term":[{"taxonomy":"more","embeddable":true,"href":"https:\/\/esquell.eu\/de\/wp-json\/wp\/v2\/more?post=17422"},{"taxonomy":"product_brand","embeddable":true,"href":"https:\/\/esquell.eu\/de\/wp-json\/wp\/v2\/product_brand?post=17422"},{"taxonomy":"product_cat","embeddable":true,"href":"https:\/\/esquell.eu\/de\/wp-json\/wp\/v2\/product_cat?post=17422"},{"taxonomy":"product_tag","embeddable":true,"href":"https:\/\/esquell.eu\/de\/wp-json\/wp\/v2\/product_tag?post=17422"}],"curies":[{"name":"wp","href":"https:\/\/api.w.org\/{rel}","templated":true}]}}