{"id":17249,"date":"2025-09-10T17:22:09","date_gmt":"2025-09-10T17:22:09","guid":{"rendered":"https:\/\/esquell.eu\/product\/buegel-groesse-1175mm-925-sterling-silber-925\/"},"modified":"2025-09-10T17:22:09","modified_gmt":"2025-09-10T17:22:09","slug":"buegel-groesse-1175mm-925-sterling-silber-925","status":"publish","type":"product","link":"https:\/\/esquell.eu\/de\/produkt\/buegel-groesse-1175mm-925-sterling-silber-925\/","title":{"rendered":"B\u00fcgel, Gr\u00f6\u00dfe 11*7,5mm 925 Sterling Silber. 925"},"content":{"rendered":"<p>Muschel-Motiv.<strong><br \/>\n<\/strong><\/p>\n<p>B\u00fcgel, Gr\u00f6\u00dfe 11*7,5 mm<\/p>\n<p>Der Innendurchmesser der \u00d6se betr\u00e4gt 2,5 mm<\/p>\n<p>Gewicht 0,56 Gramm<\/p>\n<p>Offener Haken zur Befestigung<br \/>\nVerarbeitung gl\u00e4nzend<\/p>\n<p>925 Silber<\/p>\n","protected":false},"excerpt":{"rendered":"<p>Snap on<br \/>\nSilber Anh\u00e4nger \u00d6se, B\u00fcgel, 925 Silber<\/p>\n<p>7.2 x 2.4mm<\/p>\n","protected":false},"featured_media":9316,"comment_status":"closed","ping_status":"closed","template":"","meta":{"_acf_changed":false,"_seopress_robots_primary_cat":"none","_seopress_titles_title":"","_seopress_titles_desc":"","_seopress_robots_index":""},"more":[],"product_brand":[8480],"product_cat":[12313,11955],"product_tag":[6488,6924,15811,6494,10516,7017,15802,6693,6998,9379,12316,14327,14359,7884,6691,7019,6421,12314,12518,6432,6424,6926,6419,15799,10470,15813,12795,6417,6671,6812,15808,15805,6920,6781,6694,6429],"class_list":{"0":"post-17249","1":"product","2":"type-product","3":"status-publish","4":"has-post-thumbnail","6":"product_brand-925-handwerk","7":"product_cat-anhangerosen-bugel-und-schraubosen","8":"product_cat-neu","9":"product_tag-6488","10":"product_tag-anhanger-2","11":"product_tag-auf-2","12":"product_tag-diy","13":"product_tag-finishing","14":"product_tag-fur","15":"product_tag-glasbugel","16":"product_tag-halskette","17":"product_tag-halskette-2","18":"product_tag-halskette-3","19":"product_tag-kaution","20":"product_tag-kaution-2","21":"product_tag-kaution-3","22":"product_tag-kaution-diy","23":"product_tag-kette","24":"product_tag-liefert","25":"product_tag-machen","26":"product_tag-pendelauge","27":"product_tag-pendelauge-2","28":"product_tag-real","29":"product_tag-rein","30":"product_tag-rein-2","31":"product_tag-schmuck","32":"product_tag-schmuck-kurzwaren-3","33":"product_tag-schmuckherstellung-2","34":"product_tag-schmuckherstellung-4","35":"product_tag-schmuckzubehor-5","36":"product_tag-silber","37":"product_tag-silber-2","38":"product_tag-silber-3","39":"product_tag-snap","40":"product_tag-snapon","41":"product_tag-sterling","42":"product_tag-teile","43":"product_tag-von","44":"product_tag-wirklich","46":"first","47":"instock","48":"taxable","49":"shipping-taxable","50":"purchasable","51":"product-type-simple"},"acf":[],"_links":{"self":[{"href":"https:\/\/esquell.eu\/de\/wp-json\/wp\/v2\/product\/17249","targetHints":{"allow":["GET"]}}],"collection":[{"href":"https:\/\/esquell.eu\/de\/wp-json\/wp\/v2\/product"}],"about":[{"href":"https:\/\/esquell.eu\/de\/wp-json\/wp\/v2\/types\/product"}],"replies":[{"embeddable":true,"href":"https:\/\/esquell.eu\/de\/wp-json\/wp\/v2\/comments?post=17249"}],"wp:featuredmedia":[{"embeddable":true,"href":"https:\/\/esquell.eu\/de\/wp-json\/wp\/v2\/media\/9316"}],"wp:attachment":[{"href":"https:\/\/esquell.eu\/de\/wp-json\/wp\/v2\/media?parent=17249"}],"wp:term":[{"taxonomy":"more","embeddable":true,"href":"https:\/\/esquell.eu\/de\/wp-json\/wp\/v2\/more?post=17249"},{"taxonomy":"product_brand","embeddable":true,"href":"https:\/\/esquell.eu\/de\/wp-json\/wp\/v2\/product_brand?post=17249"},{"taxonomy":"product_cat","embeddable":true,"href":"https:\/\/esquell.eu\/de\/wp-json\/wp\/v2\/product_cat?post=17249"},{"taxonomy":"product_tag","embeddable":true,"href":"https:\/\/esquell.eu\/de\/wp-json\/wp\/v2\/product_tag?post=17249"}],"curies":[{"name":"wp","href":"https:\/\/api.w.org\/{rel}","templated":true}]}}