{"id":17236,"date":"2025-09-10T17:44:46","date_gmt":"2025-09-10T17:44:46","guid":{"rendered":"https:\/\/esquell.eu\/product\/tontaubenpistole-tontaubenpistole-21-stueck\/"},"modified":"2025-09-10T17:44:46","modified_gmt":"2025-09-10T17:44:46","slug":"tontaubenpistole-tontaubenpistole-21-stueck","status":"publish","type":"product","link":"https:\/\/esquell.eu\/de\/produkt\/tontaubenpistole-tontaubenpistole-21-stueck\/","title":{"rendered":"Tontaubenpistole Tontaubenpistole 21 St\u00fcck"},"content":{"rendered":"<p>Queue-Pistole mit 20 verschiedenen D\u00fcsen<\/p>\n<p>Kreieren Sie einzigartigen Schmuck aus Ton mit dieser Tonpistole.<\/p>\n<p>Diese Tonpistole ist perfekt f\u00fcr alle, die gerne kreativ sind und sch\u00f6nen Schmuck aus Ton herstellen m\u00f6chten. Diese Pistole wird mit nicht weniger als 19 verschiedenen D\u00fcsen geliefert, mit denen Sie endlos Formen und Gr\u00f6\u00dfen variieren k\u00f6nnen. <\/p>\n<p>Die Pistole ist sehr einfach zu bedienen und sorgt daf\u00fcr, dass der Ton gleichm\u00e4\u00dfig verteilt wird.<\/p>\n<p>Die Knetpistole ist nicht nur praktisch in der Anwendung, sondern auch sehr langlebig. Aus hochwertigem und leichtem Aluminium gefertigt, ist die Pistole sehr langlebig. Au\u00dferdem ist die Knetpistole leicht zu reinigen, so dass Sie sie immer wieder verwenden k\u00f6nnen.  <\/p>\n","protected":false},"excerpt":{"rendered":"<p>Silikonform mit verschiedenen spitzenartigen Schmetterlingen<\/p>\n<p>Ma\u00dfe ganze Form ca. 11*9 cm<\/p>\n<p>Zur Verwendung mit Metal Clay, Silber Clay, Bronze Clay, Kupfer Clay, Fimo, Polymer Clay, Cernit usw.<\/p>\n<p>Spr\u00fchen Sie vor dem Gebrauch immer mit der Coolslip Anti-Haft-Formel. Dies verhindert, dass der Ton an den Formen klebt. <\/p>\n","protected":false},"featured_media":9333,"comment_status":"closed","ping_status":"closed","template":"","meta":{"_acf_changed":false,"_seopress_robots_primary_cat":"none","_seopress_titles_title":"","_seopress_titles_desc":"","_seopress_robots_index":""},"more":[],"product_brand":[6365],"product_cat":[6596,8215],"product_tag":[9197,8259,10393,6942,6948,6817,6802,6924,7058,6773,6799,6689,7919,6797,15635,6944,8543,7812,6458,6415,15751,6840,8955,7084,7387,6903,7392,7123,6936,7676,7076,9029,15792,7810,7804,6494,6826,8502,7799,8477,10034,15621,15775,15773,15777,7672,6842,15634,15083,6824,6830,6934,7095,6822,6693,9609,9865,6946,15759,15784,15761,8544,6836,6696,15767,15786,6786,6691,8105,8394,7137,8504,6932,10074,6950,6844,6421,11057,8491,6444,7557,6441,7800,6373,15763,15788,15781,6455,6832,15779,8770,6682,6938,6828,14421,15638,15640,8001,7674,15783,6806,8786,8092,12509,15757,6777,15755,6928,15631,10284,10578,15624,15753,15771,15769,6419,6558,6417,6812,14707,15633,7340,15765,6834,8580,6500,6556,15636,15790,7511,6784,6795,10391,7575,11693,6694,15628,6783,6838,7796],"class_list":{"0":"post-17236","1":"product","2":"type-product","3":"status-publish","4":"has-post-thumbnail","6":"product_brand-l1","7":"product_cat-grundlegende-werkzeuge","8":"product_cat-lehm","9":"product_tag-9197","10":"product_tag-acryl","11":"product_tag-acrylharz","12":"product_tag-alkmaar","13":"product_tag-almere","14":"product_tag-amsterdam","15":"product_tag-angebot","16":"product_tag-anhanger-2","17":"product_tag-anhanger-3","18":"product_tag-antwerpen","19":"product_tag-apeldoorn","20":"product_tag-armband","21":"product_tag-armbander-2","22":"product_tag-arnheim","23":"product_tag-artclaysilver-co-uk-cooltools","24":"product_tag-assen","25":"product_tag-aussie","26":"product_tag-beilen","27":"product_tag-belgien","28":"product_tag-billig","29":"product_tag-blute","30":"product_tag-brabant","31":"product_tag-brachelet","32":"product_tag-breda","33":"product_tag-bronze","34":"product_tag-bronze-ton","35":"product_tag-bronzeclay","36":"product_tag-brucke","37":"product_tag-brussel","38":"product_tag-cernit","39":"product_tag-charme-2","40":"product_tag-charme-4","41":"product_tag-claygun","42":"product_tag-coevorden","43":"product_tag-delft","44":"product_tag-diy","45":"product_tag-drenthe","46":"product_tag-dronten","47":"product_tag-eindhoven","48":"product_tag-emmen","49":"product_tag-epoxid","50":"product_tag-epoxidharz","51":"product_tag-erdbeerblute","52":"product_tag-erdbeere-2","53":"product_tag-erdbeeren","54":"product_tag-fimo","55":"product_tag-flevoland","56":"product_tag-formbarem-zivlver","57":"product_tag-formen-2","58":"product_tag-friesland","59":"product_tag-gelderland","60":"product_tag-gent","61":"product_tag-gold-2","62":"product_tag-groningen","63":"product_tag-halskette","64":"product_tag-harz","65":"product_tag-harz-2","66":"product_tag-heerenveen","67":"product_tag-herz","68":"product_tag-herz-2","69":"product_tag-herzen","70":"product_tag-hobby","71":"product_tag-holland","72":"product_tag-ideen","73":"product_tag-kanten","74":"product_tag-kanten-2","75":"product_tag-kaufen","76":"product_tag-kette","77":"product_tag-kreativ","78":"product_tag-kupfer-3","79":"product_tag-kupferton-2","80":"product_tag-lager","81":"product_tag-leeuwarden","82":"product_tag-leim","83":"product_tag-lelystad","84":"product_tag-limburg","85":"product_tag-machen","86":"product_tag-materialien","87":"product_tag-meppel","88":"product_tag-metalclay","89":"product_tag-metall","90":"product_tag-metallton","91":"product_tag-middelburg","92":"product_tag-mini","93":"product_tag-mohn","94":"product_tag-mohn-2","95":"product_tag-mohnblumen","96":"product_tag-niederlande","97":"product_tag-norden","98":"product_tag-ohrfeige","99":"product_tag-ohrring","100":"product_tag-ohrringe","101":"product_tag-ostende","102":"product_tag-overijssel","103":"product_tag-perlendraht","104":"product_tag-pfau","105":"product_tag-pfauenfeder","106":"product_tag-pmc","107":"product_tag-polymer-clay","108":"product_tag-poppys","109":"product_tag-rabatt","110":"product_tag-reichweite","111":"product_tag-ring","112":"product_tag-ringbuch","113":"product_tag-ringbuchordner","114":"product_tag-ringe","115":"product_tag-rosen","116":"product_tag-rotterdam","117":"product_tag-schimmel-schimmel","118":"product_tag-schimmelpilz-2","119":"product_tag-schimmelpilz-3","120":"product_tag-schmetterling","121":"product_tag-schmetterling-2","122":"product_tag-schmetterling-anhanger","123":"product_tag-schmetterlingsring","124":"product_tag-schmuck","125":"product_tag-sie-selbst","126":"product_tag-silber","127":"product_tag-silber-3","128":"product_tag-silikon","129":"product_tag-silikon-2","130":"product_tag-silverclay-co-uk","131":"product_tag-spitze","132":"product_tag-sud","133":"product_tag-tipps","134":"product_tag-ton-2","135":"product_tag-ton-3","136":"product_tag-tone-2","137":"product_tag-tonkanone","138":"product_tag-tonschmuck","139":"product_tag-unter-2","140":"product_tag-utrecht","141":"product_tag-uv","142":"product_tag-uv-harz","143":"product_tag-uvresin","144":"product_tag-von","145":"product_tag-vorlage-2","146":"product_tag-wobei","147":"product_tag-zeeland","148":"product_tag-zwolle","149":"product_shipping_class-standard","151":"first","152":"instock","153":"taxable","154":"shipping-taxable","155":"purchasable","156":"product-type-simple"},"acf":[],"_links":{"self":[{"href":"https:\/\/esquell.eu\/de\/wp-json\/wp\/v2\/product\/17236","targetHints":{"allow":["GET"]}}],"collection":[{"href":"https:\/\/esquell.eu\/de\/wp-json\/wp\/v2\/product"}],"about":[{"href":"https:\/\/esquell.eu\/de\/wp-json\/wp\/v2\/types\/product"}],"replies":[{"embeddable":true,"href":"https:\/\/esquell.eu\/de\/wp-json\/wp\/v2\/comments?post=17236"}],"wp:featuredmedia":[{"embeddable":true,"href":"https:\/\/esquell.eu\/de\/wp-json\/wp\/v2\/media\/9333"}],"wp:attachment":[{"href":"https:\/\/esquell.eu\/de\/wp-json\/wp\/v2\/media?parent=17236"}],"wp:term":[{"taxonomy":"more","embeddable":true,"href":"https:\/\/esquell.eu\/de\/wp-json\/wp\/v2\/more?post=17236"},{"taxonomy":"product_brand","embeddable":true,"href":"https:\/\/esquell.eu\/de\/wp-json\/wp\/v2\/product_brand?post=17236"},{"taxonomy":"product_cat","embeddable":true,"href":"https:\/\/esquell.eu\/de\/wp-json\/wp\/v2\/product_cat?post=17236"},{"taxonomy":"product_tag","embeddable":true,"href":"https:\/\/esquell.eu\/de\/wp-json\/wp\/v2\/product_tag?post=17236"}],"curies":[{"name":"wp","href":"https:\/\/api.w.org\/{rel}","templated":true}]}}