{"id":17195,"date":"2025-09-10T17:37:59","date_gmt":"2025-09-10T17:37:59","guid":{"rendered":"https:\/\/esquell.eu\/product\/silikonform-mit-perlendraht-ringbaendern-baendern-fuer-fassungen-etc\/"},"modified":"2025-11-09T04:25:16","modified_gmt":"2025-11-09T04:25:16","slug":"silikonform-mit-perlendraht-ringbaendern-baendern-fuer-fassungen-etc","status":"publish","type":"product","link":"https:\/\/esquell.eu\/de\/produkt\/silikonform-mit-perlendraht-ringbaendern-baendern-fuer-fassungen-etc\/","title":{"rendered":"Silikonform mit Perlendraht\/Ringb\u00e4ndern\/B\u00e4ndern f\u00fcr Fassungen etc."},"content":{"rendered":"<p>Gr\u00f6\u00dfe der ganzen Form ca. 5,5 * 12 cm<\/p>\n<p>Kann mit Metallton, Silberton, Bronzeton, Kupferton, Fimo, Polymerton, Cernit usw. verwendet werden.<\/p>\n<p>Spr\u00fchen Sie vor dem Gebrauch immer mit der <a href=\"https:\/\/esquell.eu\/de\/produkt\/coolslip-antihaft-formel\/\">coolslip Anti-Haft-Formel.<\/a> Dies verhindert, dass die Knete an den Formen kleben bleibt.<\/p>\n","protected":false},"excerpt":{"rendered":"<p>Silikonform mit verschiedenen spitzenartigen Schmetterlingen<\/p>\n<p>Ma\u00dfe ganze Form ca. 11*9 cm<\/p>\n<p>Zur Verwendung mit Metal Clay, Silber Clay, Bronze Clay, Kupfer Clay, Fimo, Polymer Clay, Cernit usw.<\/p>\n<p>Spr\u00fchen Sie vor dem Gebrauch immer mit der Coolslip Anti-Haft-Formel. Dies verhindert, dass der Ton an den Formen klebt. <\/p>\n","protected":false},"featured_media":9324,"comment_status":"closed","ping_status":"closed","template":"","meta":{"_acf_changed":false,"_seopress_robots_primary_cat":"none","_seopress_titles_title":"","_seopress_titles_desc":"","_seopress_robots_index":""},"more":[],"product_brand":[6365],"product_cat":[15620],"product_tag":[9197,8259,10393,6942,6948,6817,6802,6924,7058,6773,6799,6689,7919,6797,15635,6944,8543,7812,6458,6415,15751,6840,8955,7084,7387,6903,7392,7123,6936,7676,7076,9029,7810,7804,6494,6826,8502,7799,8477,10034,15621,15775,15773,15777,7672,6842,15634,15083,6824,6830,6934,7095,6822,6693,9609,9865,6946,15759,15784,15761,8544,6836,6696,15767,15786,6786,6691,8105,8394,7137,8504,6932,10074,6950,6844,6421,11057,8491,6444,7557,6441,7800,6373,15763,15788,15781,6455,6832,15779,8770,6682,6938,6828,14421,15638,15640,8001,7674,15783,6806,8786,8092,12509,15757,6777,15755,6928,15631,10284,10578,15624,15753,15771,15769,6419,6558,6417,6812,14707,15633,7340,15765,6834,8580,6500,6556,15636,7511,6784,6795,10391,7575,11693,6694,15628,6783,6838,7796],"class_list":{"0":"post-17195","1":"product","2":"type-product","3":"status-publish","4":"has-post-thumbnail","6":"product_brand-l1","7":"product_cat-schimmelpilze","8":"product_tag-9197","9":"product_tag-acryl","10":"product_tag-acrylharz","11":"product_tag-alkmaar","12":"product_tag-almere","13":"product_tag-amsterdam","14":"product_tag-angebot","15":"product_tag-anhanger-2","16":"product_tag-anhanger-3","17":"product_tag-antwerpen","18":"product_tag-apeldoorn","19":"product_tag-armband","20":"product_tag-armbander-2","21":"product_tag-arnheim","22":"product_tag-artclaysilver-co-uk-cooltools","23":"product_tag-assen","24":"product_tag-aussie","25":"product_tag-beilen","26":"product_tag-belgien","27":"product_tag-billig","28":"product_tag-blute","29":"product_tag-brabant","30":"product_tag-brachelet","31":"product_tag-breda","32":"product_tag-bronze","33":"product_tag-bronze-ton","34":"product_tag-bronzeclay","35":"product_tag-brucke","36":"product_tag-brussel","37":"product_tag-cernit","38":"product_tag-charme-2","39":"product_tag-charme-4","40":"product_tag-coevorden","41":"product_tag-delft","42":"product_tag-diy","43":"product_tag-drenthe","44":"product_tag-dronten","45":"product_tag-eindhoven","46":"product_tag-emmen","47":"product_tag-epoxid","48":"product_tag-epoxidharz","49":"product_tag-erdbeerblute","50":"product_tag-erdbeere-2","51":"product_tag-erdbeeren","52":"product_tag-fimo","53":"product_tag-flevoland","54":"product_tag-formbarem-zivlver","55":"product_tag-formen-2","56":"product_tag-friesland","57":"product_tag-gelderland","58":"product_tag-gent","59":"product_tag-gold-2","60":"product_tag-groningen","61":"product_tag-halskette","62":"product_tag-harz","63":"product_tag-harz-2","64":"product_tag-heerenveen","65":"product_tag-herz","66":"product_tag-herz-2","67":"product_tag-herzen","68":"product_tag-hobby","69":"product_tag-holland","70":"product_tag-ideen","71":"product_tag-kanten","72":"product_tag-kanten-2","73":"product_tag-kaufen","74":"product_tag-kette","75":"product_tag-kreativ","76":"product_tag-kupfer-3","77":"product_tag-kupferton-2","78":"product_tag-lager","79":"product_tag-leeuwarden","80":"product_tag-leim","81":"product_tag-lelystad","82":"product_tag-limburg","83":"product_tag-machen","84":"product_tag-materialien","85":"product_tag-meppel","86":"product_tag-metalclay","87":"product_tag-metall","88":"product_tag-metallton","89":"product_tag-middelburg","90":"product_tag-mini","91":"product_tag-mohn","92":"product_tag-mohn-2","93":"product_tag-mohnblumen","94":"product_tag-niederlande","95":"product_tag-norden","96":"product_tag-ohrfeige","97":"product_tag-ohrring","98":"product_tag-ohrringe","99":"product_tag-ostende","100":"product_tag-overijssel","101":"product_tag-perlendraht","102":"product_tag-pfau","103":"product_tag-pfauenfeder","104":"product_tag-pmc","105":"product_tag-polymer-clay","106":"product_tag-poppys","107":"product_tag-rabatt","108":"product_tag-reichweite","109":"product_tag-ring","110":"product_tag-ringbuch","111":"product_tag-ringbuchordner","112":"product_tag-ringe","113":"product_tag-rosen","114":"product_tag-rotterdam","115":"product_tag-schimmel-schimmel","116":"product_tag-schimmelpilz-2","117":"product_tag-schimmelpilz-3","118":"product_tag-schmetterling","119":"product_tag-schmetterling-2","120":"product_tag-schmetterling-anhanger","121":"product_tag-schmetterlingsring","122":"product_tag-schmuck","123":"product_tag-sie-selbst","124":"product_tag-silber","125":"product_tag-silber-3","126":"product_tag-silikon","127":"product_tag-silikon-2","128":"product_tag-silverclay-co-uk","129":"product_tag-spitze","130":"product_tag-sud","131":"product_tag-tipps","132":"product_tag-ton-2","133":"product_tag-ton-3","134":"product_tag-tone-2","135":"product_tag-tonschmuck","136":"product_tag-unter-2","137":"product_tag-utrecht","138":"product_tag-uv","139":"product_tag-uv-harz","140":"product_tag-uvresin","141":"product_tag-von","142":"product_tag-vorlage-2","143":"product_tag-wobei","144":"product_tag-zeeland","145":"product_tag-zwolle","146":"product_shipping_class-standard","148":"first","149":"instock","150":"taxable","151":"shipping-taxable","152":"purchasable","153":"product-type-simple"},"acf":[],"_links":{"self":[{"href":"https:\/\/esquell.eu\/de\/wp-json\/wp\/v2\/product\/17195","targetHints":{"allow":["GET"]}}],"collection":[{"href":"https:\/\/esquell.eu\/de\/wp-json\/wp\/v2\/product"}],"about":[{"href":"https:\/\/esquell.eu\/de\/wp-json\/wp\/v2\/types\/product"}],"replies":[{"embeddable":true,"href":"https:\/\/esquell.eu\/de\/wp-json\/wp\/v2\/comments?post=17195"}],"wp:featuredmedia":[{"embeddable":true,"href":"https:\/\/esquell.eu\/de\/wp-json\/wp\/v2\/media\/9324"}],"wp:attachment":[{"href":"https:\/\/esquell.eu\/de\/wp-json\/wp\/v2\/media?parent=17195"}],"wp:term":[{"taxonomy":"more","embeddable":true,"href":"https:\/\/esquell.eu\/de\/wp-json\/wp\/v2\/more?post=17195"},{"taxonomy":"product_brand","embeddable":true,"href":"https:\/\/esquell.eu\/de\/wp-json\/wp\/v2\/product_brand?post=17195"},{"taxonomy":"product_cat","embeddable":true,"href":"https:\/\/esquell.eu\/de\/wp-json\/wp\/v2\/product_cat?post=17195"},{"taxonomy":"product_tag","embeddable":true,"href":"https:\/\/esquell.eu\/de\/wp-json\/wp\/v2\/product_tag?post=17195"}],"curies":[{"name":"wp","href":"https:\/\/api.w.org\/{rel}","templated":true}]}}