{"id":17110,"date":"2025-09-10T21:29:17","date_gmt":"2025-09-10T21:29:17","guid":{"rendered":"https:\/\/esquell.eu\/product\/paua-shell-muschel-cabochon-oval-laenglich-1423-mm\/"},"modified":"2025-11-09T10:05:58","modified_gmt":"2025-11-09T10:05:58","slug":"paua-shell-muschel-cabochon-oval-laenglich-1423-mm","status":"publish","type":"product","link":"https:\/\/esquell.eu\/de\/produkt\/paua-shell-muschel-cabochon-oval-laenglich-1423-mm\/","title":{"rendered":"Paua Shell \/ Muschel-Cabochon Oval. L\u00e4nglich 14*23 mm"},"content":{"rendered":"<p>Naturstein-Cabochon Oval<\/p>\n<p>Flacher Boden<\/p>\n<p>Steinplatte<\/p>\n<p>*Da es sich um einen Naturstein handelt, sind alle Cabochons unterschiedlich.<\/p>\n<p><a href=\"https:\/\/esquell.eu\/de\/produktkategorie\/schmuckteile\/siedlungen-und-chatons\/\"><u>Suchen Sie hier nach passenden silbernen Gedecken und Schr\u00e4nken.<\/u><\/a><\/p>\n<p>Setzk\u00e4sten selbst herstellen?<\/p>\n<p><a href=\"https:\/\/esquell.eu\/?s=zetdraad\"><u>Schauen Sie hier nach Setzdraht<\/u><\/a><\/p>\n<p><u><a href=\"https:\/\/esquell.eu\/de\/produkt\/anti-schrumpf-compound-fuer-metallton-silberton-verschiedene-inhalte\/\">Suchen Sie hier nach Antischrumpfmittel f\u00fcr<\/a><a href=\"https:\/\/esquell.eu\/de\/produkt\/anti-schrumpf-compound-fuer-metallton-silberton-verschiedene-inhalte\/\"> Metallkl<\/a><a href=\"https:\/\/esquell.eu\/de\/produkt\/anti-schrumpf-compound-fuer-metallton-silberton-verschiedene-inhalte\/\">ei<\/a><a href=\"https:\/\/esquell.eu\/de\/produkt\/anti-schrumpf-compound-fuer-metallton-silberton-verschiedene-inhalte\/\"> \/ Silberton<\/a><strong><br \/>\n<\/strong><\/u><\/p>\n<p><a href=\"https:\/\/esquell.eu\/?s=sieradenlijm\">Schmuckkleber<\/a><\/p>\n<p><a href=\"https:\/\/esquell.eu\/?s=zetstaa\"><u>Setzstahl<\/u><\/a><\/p>\n","protected":false},"excerpt":{"rendered":"<p>Paua Muschel-Cabochon, rund, oval, verschiedene Gr\u00f6\u00dfen, blau, blau-gr\u00fcn, gr\u00fcn, Perlmutt, Plaksteen, f\u00fcr die Schmuckherstellung<\/p>\n","protected":false},"featured_media":17111,"comment_status":"closed","ping_status":"closed","template":"","meta":{"_acf_changed":false,"_seopress_robots_primary_cat":"none","_seopress_titles_title":"","_seopress_titles_desc":"","_seopress_robots_index":""},"more":[],"product_brand":[12223],"product_cat":[12330],"product_tag":[9298,15705,11978,11975,15702,6721,12909,7957,7883,15582,15586,15706,6494,7320,7953,7752,7680,7017,12307,10520,15584,7208,12335,9609,15512,15574,15704,15703,15572,15623,6707,6421,6444,6441,12911,12344,15576,15594,7955,7317,11985,11007,15580,15588,15590,11108,6419,10470,11957,7435,15592,15578,7086,6464,7885,11010,15253,6781,11968,11959],"class_list":{"0":"post-17110","1":"product","2":"type-product","3":"status-publish","4":"has-post-thumbnail","6":"product_brand-mtn","7":"product_cat-cabochons-oval","8":"product_tag-achat","9":"product_tag-alte-erde","10":"product_tag-amber","11":"product_tag-bernstein","12":"product_tag-bijoumodern-2","13":"product_tag-blau","14":"product_tag-blau-grun","15":"product_tag-cabochon","16":"product_tag-cabochons","17":"product_tag-chalcedon","18":"product_tag-chalsedoon","19":"product_tag-dekorativer-stein","20":"product_tag-diy","21":"product_tag-edelstein","22":"product_tag-einstellung","23":"product_tag-formular","24":"product_tag-formulare","25":"product_tag-fur","26":"product_tag-giethoorn","27":"product_tag-glanz","28":"product_tag-glanzend-3","29":"product_tag-grun","30":"product_tag-halbedelstein","31":"product_tag-harz","32":"product_tag-hellblau","33":"product_tag-hellblau-2","34":"product_tag-lang-schmal","35":"product_tag-langlich","36":"product_tag-leopardenfell","37":"product_tag-leopardenfell-2","38":"product_tag-licht","39":"product_tag-machen","40":"product_tag-metalclay","41":"product_tag-metallton","42":"product_tag-mineralien","43":"product_tag-mtn","44":"product_tag-muschel","45":"product_tag-muschel-cabochon","46":"product_tag-naturlich","47":"product_tag-naturstein","48":"product_tag-naturstein-cabochon","49":"product_tag-oval","50":"product_tag-paua","51":"product_tag-pauamuschel","52":"product_tag-pauashell","53":"product_tag-platz-2","54":"product_tag-schmuck","55":"product_tag-schmuckherstellung-2","56":"product_tag-schmuckzubehor-4","57":"product_tag-setzen","58":"product_tag-shel","59":"product_tag-shell","60":"product_tag-silberschmiede","61":"product_tag-stein","62":"product_tag-steinsetzung","63":"product_tag-strassstein-2","64":"product_tag-streifen","65":"product_tag-teile","66":"product_tag-unten","67":"product_tag-wohnung-2","68":"pa_afmeting-1014mm","69":"pa_afmeting-10mm","70":"pa_afmeting-12mm","71":"pa_afmeting-1318-mm","72":"pa_afmeting-1525mm","73":"pa_afmeting-1825-mm","74":"pa_afmeting-20mm","75":"pa_afmeting-2230mm","76":"pa_afmeting-3040mm","77":"pa_afmeting-4mm","78":"pa_afmeting-68-mm","79":"pa_afmeting-6mm","80":"pa_afmeting-810-mm","81":"pa_afmeting-8mm","83":"first","84":"instock","85":"taxable","86":"shipping-taxable","87":"purchasable","88":"product-type-simple"},"acf":[],"_links":{"self":[{"href":"https:\/\/esquell.eu\/de\/wp-json\/wp\/v2\/product\/17110","targetHints":{"allow":["GET"]}}],"collection":[{"href":"https:\/\/esquell.eu\/de\/wp-json\/wp\/v2\/product"}],"about":[{"href":"https:\/\/esquell.eu\/de\/wp-json\/wp\/v2\/types\/product"}],"replies":[{"embeddable":true,"href":"https:\/\/esquell.eu\/de\/wp-json\/wp\/v2\/comments?post=17110"}],"wp:featuredmedia":[{"embeddable":true,"href":"https:\/\/esquell.eu\/de\/wp-json\/wp\/v2\/media\/17111"}],"wp:attachment":[{"href":"https:\/\/esquell.eu\/de\/wp-json\/wp\/v2\/media?parent=17110"}],"wp:term":[{"taxonomy":"more","embeddable":true,"href":"https:\/\/esquell.eu\/de\/wp-json\/wp\/v2\/more?post=17110"},{"taxonomy":"product_brand","embeddable":true,"href":"https:\/\/esquell.eu\/de\/wp-json\/wp\/v2\/product_brand?post=17110"},{"taxonomy":"product_cat","embeddable":true,"href":"https:\/\/esquell.eu\/de\/wp-json\/wp\/v2\/product_cat?post=17110"},{"taxonomy":"product_tag","embeddable":true,"href":"https:\/\/esquell.eu\/de\/wp-json\/wp\/v2\/product_tag?post=17110"}],"curies":[{"name":"wp","href":"https:\/\/api.w.org\/{rel}","templated":true}]}}