{"id":16755,"date":"2025-09-11T21:27:18","date_gmt":"2025-09-11T21:27:18","guid":{"rendered":"https:\/\/esquell.eu\/product\/silikonform-verschiedene-schildkroeten-und-seesterne-mit-anhaenger-auge\/"},"modified":"2025-09-11T21:27:18","modified_gmt":"2025-09-11T21:27:18","slug":"silikonform-verschiedene-schildkroeten-und-seesterne-mit-anhaenger-auge","status":"publish","type":"product","link":"https:\/\/esquell.eu\/de\/produkt\/silikonform-verschiedene-schildkroeten-und-seesterne-mit-anhaenger-auge\/","title":{"rendered":"Silikonform verschiedene Schildkr\u00f6ten und Seesterne mit Anh\u00e4nger Auge"},"content":{"rendered":"<p>Silikonform mit verschiedenen Schildkr\u00f6ten, Schildkr\u00f6te, Schildkr\u00f6te und einem Seestern mit Anh\u00e4ngerauge.<\/p>\n<p>Zum Herstellen von Anh\u00e4ngern aus Ton.<\/p>\n<p>Geeignet f\u00fcr alle Arten von Ton wie Silberton, Metallton, Bronzeton, Kupferton, Polymerton, Fimo, Cernit usw.<\/p>\n<p>Spr\u00fchen Sie bei der Verwendung mit Metallton vor dem Gebrauch die <a href=\"https:\/\/esquell.eu\/de\/produkt\/coolslip-antihaft-formel\/\">coolslip Antihaftformel auf. <\/a>Dies verhindert, dass der Ton an den Formen kleben bleibt.<\/p>\n","protected":false},"excerpt":{"rendered":"<p>Silikonform mit Zibbebkieneb<\/p>\n<p>Gr\u00f6\u00dfe der gesamten Form ca. 14*9 cm<\/p>\n<p>Geeignet f\u00fcr Silberton, Metallton, Ton, UV-Harz, Harz, Acryl, Epoxid usw.<\/p>\n<p>* Die Farbe der Form kann variieren.<\/p>\n","protected":false},"featured_media":9518,"comment_status":"closed","ping_status":"closed","template":"","meta":{"_acf_changed":false,"_seopress_robots_primary_cat":"none","_seopress_titles_title":"","_seopress_titles_desc":"","_seopress_robots_index":""},"more":[],"product_brand":[6365],"product_cat":[11955,15620],"product_tag":[9197,8259,10393,6942,6948,6817,6802,6924,7058,6773,6799,6689,7919,6797,15635,6944,8543,7812,6458,6415,6840,8955,7084,7387,6903,7392,7123,6936,7676,7076,9029,7810,7804,6494,6826,8502,7799,8477,10034,15621,7672,6842,15634,6824,6830,6934,7095,6822,6693,9609,9865,6946,8544,6836,6696,6786,6691,8105,8394,7137,8504,6932,10074,6950,6844,6421,11057,8491,6444,7557,6441,7800,6455,6832,8770,6682,6938,6828,15638,15640,8001,7674,6806,8786,8092,6777,6928,15631,10284,10578,6419,6558,6417,6812,14707,15633,7340,15641,15642,6834,8580,6500,6556,15636,6784,6795,10391,7575,11693,15628,6783,6838,7796],"class_list":{"0":"post-16755","1":"product","2":"type-product","3":"status-publish","4":"has-post-thumbnail","6":"product_brand-l1","7":"product_cat-neu","8":"product_cat-schimmelpilze","9":"product_tag-9197","10":"product_tag-acryl","11":"product_tag-acrylharz","12":"product_tag-alkmaar","13":"product_tag-almere","14":"product_tag-amsterdam","15":"product_tag-angebot","16":"product_tag-anhanger-2","17":"product_tag-anhanger-3","18":"product_tag-antwerpen","19":"product_tag-apeldoorn","20":"product_tag-armband","21":"product_tag-armbander-2","22":"product_tag-arnheim","23":"product_tag-artclaysilver-co-uk-cooltools","24":"product_tag-assen","25":"product_tag-aussie","26":"product_tag-beilen","27":"product_tag-belgien","28":"product_tag-billig","29":"product_tag-brabant","30":"product_tag-brachelet","31":"product_tag-breda","32":"product_tag-bronze","33":"product_tag-bronze-ton","34":"product_tag-bronzeclay","35":"product_tag-brucke","36":"product_tag-brussel","37":"product_tag-cernit","38":"product_tag-charme-2","39":"product_tag-charme-4","40":"product_tag-coevorden","41":"product_tag-delft","42":"product_tag-diy","43":"product_tag-drenthe","44":"product_tag-dronten","45":"product_tag-eindhoven","46":"product_tag-emmen","47":"product_tag-epoxid","48":"product_tag-epoxidharz","49":"product_tag-fimo","50":"product_tag-flevoland","51":"product_tag-formbarem-zivlver","52":"product_tag-friesland","53":"product_tag-gelderland","54":"product_tag-gent","55":"product_tag-gold-2","56":"product_tag-groningen","57":"product_tag-halskette","58":"product_tag-harz","59":"product_tag-harz-2","60":"product_tag-heerenveen","61":"product_tag-hobby","62":"product_tag-holland","63":"product_tag-ideen","64":"product_tag-kaufen","65":"product_tag-kette","66":"product_tag-kreativ","67":"product_tag-kupfer-3","68":"product_tag-kupferton-2","69":"product_tag-lager","70":"product_tag-leeuwarden","71":"product_tag-leim","72":"product_tag-lelystad","73":"product_tag-limburg","74":"product_tag-machen","75":"product_tag-materialien","76":"product_tag-meppel","77":"product_tag-metalclay","78":"product_tag-metall","79":"product_tag-metallton","80":"product_tag-middelburg","81":"product_tag-niederlande","82":"product_tag-norden","83":"product_tag-ohrring","84":"product_tag-ohrringe","85":"product_tag-ostende","86":"product_tag-overijssel","87":"product_tag-pfau","88":"product_tag-pfauenfeder","89":"product_tag-pmc","90":"product_tag-polymer-clay","91":"product_tag-rabatt","92":"product_tag-reichweite","93":"product_tag-ring","94":"product_tag-ringe","95":"product_tag-rotterdam","96":"product_tag-schimmel-schimmel","97":"product_tag-schimmelpilz-2","98":"product_tag-schimmelpilz-3","99":"product_tag-schmuck","100":"product_tag-sie-selbst","101":"product_tag-silber","102":"product_tag-silber-3","103":"product_tag-silikon","104":"product_tag-silikon-2","105":"product_tag-silverclay-co-uk","106":"product_tag-sonnenblume","107":"product_tag-sonnenblume-2","108":"product_tag-sud","109":"product_tag-tipps","110":"product_tag-ton-2","111":"product_tag-ton-3","112":"product_tag-tone-2","113":"product_tag-unter-2","114":"product_tag-utrecht","115":"product_tag-uv","116":"product_tag-uv-harz","117":"product_tag-uvresin","118":"product_tag-vorlage-2","119":"product_tag-wobei","120":"product_tag-zeeland","121":"product_tag-zwolle","122":"product_shipping_class-standard","124":"first","125":"instock","126":"taxable","127":"shipping-taxable","128":"purchasable","129":"product-type-simple"},"acf":[],"_links":{"self":[{"href":"https:\/\/esquell.eu\/de\/wp-json\/wp\/v2\/product\/16755","targetHints":{"allow":["GET"]}}],"collection":[{"href":"https:\/\/esquell.eu\/de\/wp-json\/wp\/v2\/product"}],"about":[{"href":"https:\/\/esquell.eu\/de\/wp-json\/wp\/v2\/types\/product"}],"replies":[{"embeddable":true,"href":"https:\/\/esquell.eu\/de\/wp-json\/wp\/v2\/comments?post=16755"}],"wp:featuredmedia":[{"embeddable":true,"href":"https:\/\/esquell.eu\/de\/wp-json\/wp\/v2\/media\/9518"}],"wp:attachment":[{"href":"https:\/\/esquell.eu\/de\/wp-json\/wp\/v2\/media?parent=16755"}],"wp:term":[{"taxonomy":"more","embeddable":true,"href":"https:\/\/esquell.eu\/de\/wp-json\/wp\/v2\/more?post=16755"},{"taxonomy":"product_brand","embeddable":true,"href":"https:\/\/esquell.eu\/de\/wp-json\/wp\/v2\/product_brand?post=16755"},{"taxonomy":"product_cat","embeddable":true,"href":"https:\/\/esquell.eu\/de\/wp-json\/wp\/v2\/product_cat?post=16755"},{"taxonomy":"product_tag","embeddable":true,"href":"https:\/\/esquell.eu\/de\/wp-json\/wp\/v2\/product_tag?post=16755"}],"curies":[{"name":"wp","href":"https:\/\/api.w.org\/{rel}","templated":true}]}}