{"id":16710,"date":"2025-09-11T21:09:55","date_gmt":"2025-09-11T21:09:55","guid":{"rendered":"https:\/\/esquell.eu\/product\/zirkonia-aaaaa-rund-verschiedene-groessen-spinell-hellgruen-hitzebestaendig\/"},"modified":"2025-12-22T10:53:26","modified_gmt":"2025-12-22T10:53:26","slug":"zirkonia-aaaaa-rund-verschiedene-groessen-spinell-hellgruen-hitzebestaendig","status":"publish","type":"product","link":"https:\/\/esquell.eu\/de\/produkt\/zirkonia-aaaaa-rund-verschiedene-groessen-spinell-hellgruen-hitzebestaendig\/","title":{"rendered":"Zirkonia AAAAA rund verschiedene Gr\u00f6\u00dfen Spinell hellgr\u00fcn Hitzebest\u00e4ndig"},"content":{"rendered":"<p><strong>Hinweis: Extra-Rabatt bei Bestellung mehrerer St\u00fccke<\/strong><\/p>\n<p>Zirkonia \/ Cubic Zirconia \/ CZ Stein.<br \/>\nHochwertige 5xA. Hitzebest\u00e4ndig. <\/p>\n<p>Geeignet f\u00fcr das direkte Brennen in Silberton.<\/p>\n<p>Auch zum Mitbrennen in Bronze- oder Kupferton geeignet. In Kupfer- oder Bronzeton kann der Stein 4 Stunden lang in Aktivkohle bei 820 Grad gebrannt werden. <\/p>\n<p>Anstatt mitzubrennen, k\u00f6nnen Sie auch nach dem Brennen Steine hinzuf\u00fcgen. Zum Beispiel durch die Verwendung eines <a href=\"https:\/\/esquell.eu\/de\/produktkategorie\/schmuckteile\/siedlungen-und-chatons\/\">Setzers oder Chatons.<\/a> <\/p>\n<p>Diese Ziegel k\u00f6nnen im Ofen, mit einer Fackel\/einem Handbrenner oder auf dem Gasherd gebacken werden. Die Ziegel wurden f\u00fcr 30 Minuten bei 850\u00b0C getestet. <\/p>\n<p>Hinweis: Nicht im Wasser abk\u00fchlen. Die Kieselsteine bekommen Risse, werden matt und ver\u00e4ndern ihre Farbe durch den gro\u00dfen Temperaturunterschied. <\/p>\n<p>Gr\u00f6\u00dfere Ziegel sollten vorzugsweise in einem Ofen gebacken werden. Stellen Sie sie in einen kalten Ofen und lassen Sie sie nach dem Backen auf Raumtemperatur abk\u00fchlen. <\/p>\n","protected":false},"excerpt":{"rendered":"<p><strong>Hinweis: Extra-Rabatt bei Bestellung mehrerer St\u00fccke<\/strong><\/p>\n<p>Zirkonia \/ Cubic Zirconia \/ CZ Stein. Quadratisch Verschiedene Gr\u00f6\u00dfen.<br \/>\nHohe Qualit\u00e4t 5xA.  Hitzebest\u00e4ndig.<\/p>\n<p>Geeignet f\u00fcr das direkte Brennen in Silberton.<\/p>\n<p>&nbsp;<\/p>\n<p>Auch zum Mitbrennen in Bronze- oder Kupferton geeignet. In Kupfer- oder Bronzeton kann der Stein 4 Stunden lang in Aktivkohle bei 820 Grad gebrannt werden. <\/p>\n<p>Anstatt mitzubrennen, k\u00f6nnen Sie auch nach dem Brennen Steine hinzuf\u00fcgen. Zum Beispiel durch die Verwendung eines<strong> Setzers oder Chatons. <\/strong>  <\/p>\n<p>&nbsp;<\/p>\n<p>Diese Ziegel k\u00f6nnen im Ofen, mit einer Mikrotorche oder auf dem Gasherd gebacken werden. Die Ziegel wurden f\u00fcr 30 Minuten bei 850\u00b0C getestet. <\/p>\n<p>&nbsp;<\/p>\n<p>Hinweis: Nicht im Wasser abk\u00fchlen. Die Kieselsteine werden durch den gro\u00dfen Temperaturunterschied rei\u00dfen. <\/p>\n<p>&nbsp;<\/p>\n<p>Gr\u00f6\u00dfere Ziegel sollten vorzugsweise in einem Ofen gebacken werden. Stellen Sie sie in einen kalten Ofen und lassen Sie sie nach dem Backen auf Raumtemperatur abk\u00fchlen. <\/p>\n","protected":false},"featured_media":16712,"comment_status":"closed","ping_status":"closed","template":"","meta":{"_acf_changed":false,"_seopress_robots_primary_cat":"none","_seopress_titles_title":"","_seopress_titles_desc":"","_seopress_robots_index":""},"more":[],"product_brand":[6365],"product_cat":[15507],"product_tag":[11878,10696,10699,10701,8609,12103,10100,6446,11978,6802,6684,6790,6415,6721,10754,13094,7463,7451,13111,13109,6675,8484,10107,7328,13082,6494,15519,13098,6793,7461,7953,12550,11564,12298,7206,10988,15525,15521,7216,7237,13084,9788,7808,10814,6767,15523,15524,13068,6452,7208,7259,15520,15512,13074,15516,6673,6516,11016,13092,13160,13078,13150,12893,6704,9501,6510,6421,15508,6444,6441,13157,10385,6682,13086,6788,6891,15510,8510,8782,11108,8011,13096,13080,13155,8786,13191,15514,6777,13066,13070,7226,11526,7212,13102,6419,6820,13106,15522,6779,7435,6558,7086,6490,12742,15518,7334,7439,13072,13090,13076,13148,13100,7240,9686,6449,13108,7234,11326,11703,6814,7185,7211,6783,13162,13088,13104,7068,8004],"class_list":{"0":"post-16710","1":"product","2":"type-product","3":"status-publish","4":"has-post-thumbnail","6":"product_brand-l1","7":"product_cat-runder-zirkoniumdioxid","8":"product_tag-11878","9":"product_tag-10696","10":"product_tag-10699","11":"product_tag-10701","12":"product_tag-8609","13":"product_tag-12103","14":"product_tag-aaaaa","15":"product_tag-aida","16":"product_tag-amber","17":"product_tag-angebot","18":"product_tag-anhanger","19":"product_tag-bestellung","20":"product_tag-billig","21":"product_tag-blau","22":"product_tag-braun","23":"product_tag-brillant","24":"product_tag-bruhgruppe","25":"product_tag-chaton","26":"product_tag-collor","27":"product_tag-collors","28":"product_tag-craftlines","29":"product_tag-cz","30":"product_tag-daimond","31":"product_tag-diamant","32":"product_tag-die-2","33":"product_tag-diy","34":"product_tag-dunkelblau","35":"product_tag-edelsteine-4","36":"product_tag-einkaufen","37":"product_tag-einstellbox","38":"product_tag-einstellung","39":"product_tag-facette","40":"product_tag-fallen-lassen-2","41":"product_tag-farbe","42":"product_tag-farben","43":"product_tag-fliederfarben","44":"product_tag-forst","45":"product_tag-fucia","46":"product_tag-gelb","47":"product_tag-gelb-2","48":"product_tag-gem","49":"product_tag-gemacht","50":"product_tag-glas","51":"product_tag-glas-2","52":"product_tag-gold","53":"product_tag-grau-grun","54":"product_tag-graugrun","55":"product_tag-grosartig-2","56":"product_tag-groshandel","57":"product_tag-grun","58":"product_tag-grun-2","59":"product_tag-grun-gelb","60":"product_tag-hellblau","61":"product_tag-hitzebestandig","62":"product_tag-hitzebestandig-2","63":"product_tag-japan","64":"product_tag-kieselsteinchen","65":"product_tag-kubisch","66":"product_tag-kubisch-2","67":"product_tag-kubisch-3","68":"product_tag-labor","69":"product_tag-labor-2","70":"product_tag-lila-2","71":"product_tag-loschen","72":"product_tag-loschen-2","73":"product_tag-lunette","74":"product_tag-machen","75":"product_tag-marineblau","76":"product_tag-metalclay","77":"product_tag-metallton","78":"product_tag-mulit","79":"product_tag-nano","80":"product_tag-ohrringe","81":"product_tag-olive","82":"product_tag-online","83":"product_tag-online-shop","84":"product_tag-orange-2","85":"product_tag-perlenladen","86":"product_tag-platz","87":"product_tag-platz-2","88":"product_tag-poliert","89":"product_tag-poliert-rund","90":"product_tag-pyramide","91":"product_tag-pyramide-2","92":"product_tag-reichweite","93":"product_tag-resistent","94":"product_tag-resistent-3","95":"product_tag-ringe","96":"product_tag-rio","97":"product_tag-riogrande","98":"product_tag-rosa","99":"product_tag-rosa-2","100":"product_tag-rot","101":"product_tag-saphir","102":"product_tag-schmuck","103":"product_tag-schmuck-2","104":"product_tag-schneiden-2","105":"product_tag-seablue","106":"product_tag-selbstgemacht","107":"product_tag-setzen","108":"product_tag-sie-selbst","109":"product_tag-silberschmiede","110":"product_tag-silberton","111":"product_tag-soft-2","112":"product_tag-spinell","113":"product_tag-stein-2","114":"product_tag-stein-3","115":"product_tag-steine","116":"product_tag-swarofski","117":"product_tag-synthetisch-2","118":"product_tag-synthetisch-3","119":"product_tag-temperatur","120":"product_tag-transparent","121":"product_tag-verschiedene-2","122":"product_tag-verteiler","123":"product_tag-viel","124":"product_tag-violett","125":"product_tag-warme","126":"product_tag-warme-2","127":"product_tag-webshop","128":"product_tag-weis-2","129":"product_tag-weis-3","130":"product_tag-wobei","131":"product_tag-x","132":"product_tag-zc","133":"product_tag-zirkon","134":"product_tag-zirkoniumdioxid","135":"product_tag-zirkoniumdioxid-2","136":"product_shipping_class-standard","137":"pa_afmeting-10mm","138":"pa_afmeting-2mm","139":"pa_afmeting-3mm","140":"pa_afmeting-4mm","141":"pa_afmeting-5mm","142":"pa_afmeting-6mm","143":"pa_afmeting-8mm","145":"first","146":"instock","147":"taxable","148":"shipping-taxable","149":"purchasable","150":"product-type-variable"},"acf":[],"_links":{"self":[{"href":"https:\/\/esquell.eu\/de\/wp-json\/wp\/v2\/product\/16710","targetHints":{"allow":["GET"]}}],"collection":[{"href":"https:\/\/esquell.eu\/de\/wp-json\/wp\/v2\/product"}],"about":[{"href":"https:\/\/esquell.eu\/de\/wp-json\/wp\/v2\/types\/product"}],"replies":[{"embeddable":true,"href":"https:\/\/esquell.eu\/de\/wp-json\/wp\/v2\/comments?post=16710"}],"wp:featuredmedia":[{"embeddable":true,"href":"https:\/\/esquell.eu\/de\/wp-json\/wp\/v2\/media\/16712"}],"wp:attachment":[{"href":"https:\/\/esquell.eu\/de\/wp-json\/wp\/v2\/media?parent=16710"}],"wp:term":[{"taxonomy":"more","embeddable":true,"href":"https:\/\/esquell.eu\/de\/wp-json\/wp\/v2\/more?post=16710"},{"taxonomy":"product_brand","embeddable":true,"href":"https:\/\/esquell.eu\/de\/wp-json\/wp\/v2\/product_brand?post=16710"},{"taxonomy":"product_cat","embeddable":true,"href":"https:\/\/esquell.eu\/de\/wp-json\/wp\/v2\/product_cat?post=16710"},{"taxonomy":"product_tag","embeddable":true,"href":"https:\/\/esquell.eu\/de\/wp-json\/wp\/v2\/product_tag?post=16710"}],"curies":[{"name":"wp","href":"https:\/\/api.w.org\/{rel}","templated":true}]}}