{"id":16647,"date":"2025-09-13T10:08:24","date_gmt":"2025-09-13T10:08:24","guid":{"rendered":"https:\/\/esquell.eu\/product\/diy-bausatz-silberblumen-anhaenger-mit-zirkonia-freundlich-fuer-anfaenger\/"},"modified":"2026-03-23T20:00:30","modified_gmt":"2026-03-23T20:00:30","slug":"diy-bausatz-silberblumen-anhaenger-mit-zirkonia-freundlich-fuer-anfaenger","status":"publish","type":"product","link":"https:\/\/esquell.eu\/de\/produkt\/diy-bausatz-silberblumen-anhaenger-mit-zirkonia-freundlich-fuer-anfaenger\/","title":{"rendered":"DIY-Bausatz Silberblumen-Anh\u00e4nger mit Zirkonia. Freundlich f\u00fcr Anf\u00e4nger"},"content":{"rendered":"<p>Paket mit allem, was Sie f\u00fcr die Herstellung dieses trendigen silbernen Blumenanh\u00e4ngers mit gl\u00e4nzenden Zirkonia im Herzen ben\u00f6tigen.<\/p>\n<p>Einschlie\u00dflich:<\/p>\n<ul>\n<li>Werkzeuge<\/li>\n<li>Silberner Ton<\/li>\n<li>Handbuch,<\/li>\n<li>Zirconias<\/li>\n<\/ul>\n<p>Exklusives Bake-off-Material. Sie k\u00f6nnen ein Backset finden <strong><a href=\"https:\/\/esquell.eu\/de\/produkt\/lot-und-bake-off-set-loten-von-schmuck-und-brennen-von-silberton-kopie\/\">hier<\/a><\/strong> <\/p>\n<p>Das Paket wurde von einem zertifizierten Ausbilder entwickelt \/ das Handbuch wurde von einem zertifizierten Ausbilder geschrieben.<\/p>\n","protected":false},"excerpt":{"rendered":"<p>Paket mit allem, was Sie f\u00fcr die Herstellung dieses trendigen silbernen Blumenanh\u00e4ngers mit gl\u00e4nzenden Zirkonia im Herzen ben\u00f6tigen.<\/p>\n<p>Einschlie\u00dflich:<\/p>\n<ul>\n<li>Werkzeuge<\/li>\n<li>Silberner Ton<\/li>\n<li>Handbuch,<\/li>\n<li>Zirconias<\/li>\n<\/ul>\n<p>Das Paket wurde von einem zertifizierten Ausbilder entwickelt \/ das Handbuch wurde von einem zertifizierten Ausbilder geschrieben.<\/p>\n","protected":false},"featured_media":16652,"comment_status":"closed","ping_status":"closed","template":"","meta":{"_acf_changed":false,"_seopress_robots_primary_cat":"none","_seopress_titles_title":"","_seopress_titles_desc":"","_seopress_robots_index":""},"more":[],"product_brand":[10821],"product_cat":[11955,7918,7717],"product_tag":[6488,6506,11907,6924,7058,7700,15566,12794,6494,15563,8905,15562,8907,7747,6895,12819,12823,12796,6897,6421,15565,12792,12818,15564,8092,6777,6899,6779,6558,6417,6671,6812,8022,6490,7507,12821,7511,12825,6893,6429,7068],"class_list":{"0":"post-16647","1":"product","2":"type-product","3":"status-publish","4":"has-post-thumbnail","6":"product_brand-div","7":"product_cat-neu","8":"product_cat-starter-pakete","9":"product_cat-verkauf","10":"product_tag-6488","11":"product_tag-6506","12":"product_tag-alles","13":"product_tag-anhanger-2","14":"product_tag-anhanger-3","15":"product_tag-blume","16":"product_tag-blumen-anhanger","17":"product_tag-dia-pack","18":"product_tag-diy","19":"product_tag-einschlieslich","20":"product_tag-einsteigerpaket","21":"product_tag-einsteigerpaket-2","22":"product_tag-einsteigerpakete","23":"product_tag-einstellen","24":"product_tag-es","25":"product_tag-farbring","26":"product_tag-hip","27":"product_tag-hipp","28":"product_tag-ihr","29":"product_tag-machen","30":"product_tag-machen-sie-es-selbst-2","31":"product_tag-paket","32":"product_tag-paket-2","33":"product_tag-paket-3","34":"product_tag-ring","35":"product_tag-ringe","36":"product_tag-selbst","37":"product_tag-selbstgemacht","38":"product_tag-sie-selbst","39":"product_tag-silber","40":"product_tag-silber-2","41":"product_tag-silber-3","42":"product_tag-silberlehm","43":"product_tag-silberton","44":"product_tag-starterset","45":"product_tag-tonringe","46":"product_tag-tonschmuck","47":"product_tag-trendy","48":"product_tag-tun","49":"product_tag-wirklich","50":"product_tag-zirkoniumdioxid","51":"product_shipping_class-standard","53":"first","54":"instock","55":"sale","56":"taxable","57":"shipping-taxable","58":"purchasable","59":"product-type-simple"},"acf":[],"_links":{"self":[{"href":"https:\/\/esquell.eu\/de\/wp-json\/wp\/v2\/product\/16647","targetHints":{"allow":["GET"]}}],"collection":[{"href":"https:\/\/esquell.eu\/de\/wp-json\/wp\/v2\/product"}],"about":[{"href":"https:\/\/esquell.eu\/de\/wp-json\/wp\/v2\/types\/product"}],"replies":[{"embeddable":true,"href":"https:\/\/esquell.eu\/de\/wp-json\/wp\/v2\/comments?post=16647"}],"wp:featuredmedia":[{"embeddable":true,"href":"https:\/\/esquell.eu\/de\/wp-json\/wp\/v2\/media\/16652"}],"wp:attachment":[{"href":"https:\/\/esquell.eu\/de\/wp-json\/wp\/v2\/media?parent=16647"}],"wp:term":[{"taxonomy":"more","embeddable":true,"href":"https:\/\/esquell.eu\/de\/wp-json\/wp\/v2\/more?post=16647"},{"taxonomy":"product_brand","embeddable":true,"href":"https:\/\/esquell.eu\/de\/wp-json\/wp\/v2\/product_brand?post=16647"},{"taxonomy":"product_cat","embeddable":true,"href":"https:\/\/esquell.eu\/de\/wp-json\/wp\/v2\/product_cat?post=16647"},{"taxonomy":"product_tag","embeddable":true,"href":"https:\/\/esquell.eu\/de\/wp-json\/wp\/v2\/product_tag?post=16647"}],"curies":[{"name":"wp","href":"https:\/\/api.w.org\/{rel}","templated":true}]}}