{"id":16396,"date":"2025-11-06T08:38:13","date_gmt":"2025-11-06T08:38:13","guid":{"rendered":"https:\/\/esquell.eu\/?post_type=product&#038;p=16396"},"modified":"2026-03-23T20:02:04","modified_gmt":"2026-03-23T20:02:04","slug":"ohrhaken-mit-hebelverschluss-und-anhanger-mit-ose-und-kugel-925-silber-1-paar-kopie","status":"publish","type":"product","link":"https:\/\/esquell.eu\/de\/produkt\/ohrhaken-mit-hebelverschluss-und-anhanger-mit-ose-und-kugel-925-silber-1-paar-kopie\/","title":{"rendered":"Ohrhaken mit Hebelverschluss und Anh\u00e4nger\u00f6se. 925 Silber 1 Paar"},"content":{"rendered":"<div class=\"product-addition-content\">\n<div class=\"product-addition-content\">\n<div class=\"product-addition-content\">\n<p>1 Paar<\/p>\n<div class=\"product-addition-content\">Ohrring mit Hebelverschlu\u00df,<\/div>\n<div class=\"product-addition-content\">925 Sterling Silber<br \/>\nFinish gl\u00e4nzend<br \/>\nAbmessung Breite 10mm<br \/>\nL\u00e4nge mit Ring 16mm<\/div>\n<\/div>\n<\/div>\n<\/div>\n","protected":false},"excerpt":{"rendered":"<div class=\"product-addition-content\">\n<div class=\"product-addition-content\">\n<p>1 Paar<\/p>\n<div class=\"product-addition-content\">\n<p>Ohrring mit Hebelverschluss,<br \/>\nBrisuren<br \/>\n925 Sterling Silber<\/p>\n<p>Veredelung gl\u00e4nzend<br \/>\nMit Anh\u00e4nger \u00d6se und Kugel<\/p>\n<p>Extra schwere, luxuri\u00f6se Juweliersqualit\u00e4t<\/p>\n<p>Gr\u00f6\u00dfe Breite 10mm, L\u00e4nge inklusive Ring 16mm<\/p>\n<\/div>\n<\/div>\n<\/div>\n","protected":false},"featured_media":30926,"comment_status":"closed","ping_status":"closed","template":"","meta":{"_acf_changed":false,"_seopress_robots_primary_cat":"none","_seopress_titles_title":"","_seopress_titles_desc":"","_seopress_robots_index":""},"more":[],"product_brand":[6413],"product_cat":[12066],"product_tag":[11878,7078,7966,10696,7080,10699,12116,10701,8609,12103,12113,6488,6942,6948,8375,6817,6799,12130,6797,6944,14339,14397,22374,12230,7812,6458,12137,9618,6790,6415,6929,8514,7810,7804,7807,8471,7128,10748,6494,12095,8502,7799,6793,12080,12238,6895,12237,22372,7017,17559,12091,12234,7349,6822,12073,9663,11312,6452,9678,6946,10401,8487,12150,8516,12078,6897,6786,6885,6804,12083,8504,22369,6932,6950,8498,7801,6421,22371,7800,10628,12168,6455,7797,12122,12233,15472,12236,9288,12118,12131,12228,9199,12240,12087,6682,7931,8637,22373,20838,22266,22370,12231,12232,7959,9200,9291,12099,6788,6891,11175,12169,12239,11421,12070,10486,10506,6928,12125,12165,12235,12128,11059,7998,12120,6899,9692,7509,6901,6417,6671,6812,7354,7352,9677,7445,10492,6920,12107,12170,12229,6781,12315,12067,8379,9672,8547,6893,6784,7811,6795,8483,7963,12136,12134,10767,12076,10715,6814,10105,6783,12110,7796],"class_list":{"0":"post-16396","1":"product","2":"type-product","3":"status-publish","4":"has-post-thumbnail","6":"product_brand-acs","7":"product_cat-ohrring-teile-925","8":"product_tag-11878","9":"product_tag-7078","10":"product_tag-14k","11":"product_tag-10696","12":"product_tag-7080","13":"product_tag-10699","14":"product_tag-30-2","15":"product_tag-10701","16":"product_tag-8609","17":"product_tag-12103","18":"product_tag-12113","19":"product_tag-6488","20":"product_tag-alkmaar","21":"product_tag-almere","22":"product_tag-ameland","23":"product_tag-amsterdam","24":"product_tag-apeldoorn","25":"product_tag-appelscha","26":"product_tag-arnheim","27":"product_tag-assen","28":"product_tag-aufklappbar","29":"product_tag-aufklappbar-2","30":"product_tag-aufklappbar-3","31":"product_tag-backstoppers","32":"product_tag-beilen","33":"product_tag-belgien","34":"product_tag-bellingwolde","35":"product_tag-beste","36":"product_tag-bestellung","37":"product_tag-billig","38":"product_tag-blei","39":"product_tag-blick","40":"product_tag-coevorden","41":"product_tag-delft","42":"product_tag-delftzijl","43":"product_tag-den-bosch","44":"product_tag-den-haag","45":"product_tag-den-helder","46":"product_tag-diy","47":"product_tag-doetichem-2","48":"product_tag-dronten","49":"product_tag-eindhoven","50":"product_tag-einkaufen","51":"product_tag-elburg","52":"product_tag-epoxid-ohrringe","53":"product_tag-es","54":"product_tag-franzosisch","55":"product_tag-fundstucke","56":"product_tag-fur","57":"product_tag-fur-2","58":"product_tag-gestut-2","59":"product_tag-glas-ohrringe","60":"product_tag-goldschmied","61":"product_tag-groningen","62":"product_tag-gros","63":"product_tag-grosartig","64":"product_tag-grose","65":"product_tag-groshandel","66":"product_tag-hardenberg","67":"product_tag-heerenveen","68":"product_tag-herstellung","69":"product_tag-hoogeveen","70":"product_tag-hoogezand","71":"product_tag-horn","72":"product_tag-hypoallergen","73":"product_tag-ihr","74":"product_tag-kaufen","75":"product_tag-kaufen-2","76":"product_tag-kostenlos","77":"product_tag-kostenlos-2","78":"product_tag-lager","79":"product_tag-leberbacke","80":"product_tag-leeuwarden","81":"product_tag-lelystad","82":"product_tag-lemmer","83":"product_tag-maastricht","84":"product_tag-machen","85":"product_tag-makken","86":"product_tag-middelburg","87":"product_tag-mm","88":"product_tag-nes","89":"product_tag-niederlande","90":"product_tag-nijmegen","91":"product_tag-ohr","92":"product_tag-ohrclip","93":"product_tag-ohrclip-2","94":"product_tag-ohrclips","95":"product_tag-ohrhaken","96":"product_tag-ohrhaken-2","97":"product_tag-ohrhaken-3","98":"product_tag-ohrhaken-4","99":"product_tag-ohrring-2","100":"product_tag-ohrring-anstecknadel","101":"product_tag-ohrring-ohrstecker-2","102":"product_tag-ohrringe","103":"product_tag-ohrringe-2","104":"product_tag-ohrringe-3","105":"product_tag-ohrringe-7","106":"product_tag-ohrringhaken-2","107":"product_tag-ohrringhaken-3","108":"product_tag-ohrringhaken-4","109":"product_tag-ohrringruckseiten","110":"product_tag-ohrringteile","111":"product_tag-ohrstecker","112":"product_tag-ohrstecker-3","113":"product_tag-ohrstecker-4","114":"product_tag-ommen-2","115":"product_tag-online","116":"product_tag-online-shop","117":"product_tag-perlenohrringe","118":"product_tag-poucette","119":"product_tag-poucettes","120":"product_tag-rost","121":"product_tag-rostfrei-2","122":"product_tag-rostfreier-stahl-3","123":"product_tag-rostfreier-stahl-4","124":"product_tag-rotterdam","125":"product_tag-ruckseiten","126":"product_tag-sappermeer","127":"product_tag-schimpft","128":"product_tag-schmetterlinge-2","129":"product_tag-schmieden","130":"product_tag-schmuck-4","131":"product_tag-schmuckqualitat","132":"product_tag-selbst","133":"product_tag-selbstgemachte-ohrringe","134":"product_tag-senden","135":"product_tag-sie-selbst-2","136":"product_tag-silber","137":"product_tag-silber-2","138":"product_tag-silber-3","139":"product_tag-silberschmied","140":"product_tag-silberschmiede-2","141":"product_tag-sperren","142":"product_tag-stahl","143":"product_tag-stehlen","144":"product_tag-sterling","145":"product_tag-stift","146":"product_tag-stopsel","147":"product_tag-taste","148":"product_tag-teile","149":"product_tag-teile-3","150":"product_tag-terneuzen","151":"product_tag-texel","152":"product_tag-tiel","153":"product_tag-ton-ohrringe","154":"product_tag-tun","155":"product_tag-unter-2","156":"product_tag-urk","157":"product_tag-utrecht","158":"product_tag-venlo","159":"product_tag-vergoldet","160":"product_tag-vergoldet-2","161":"product_tag-verschliesbar-2","162":"product_tag-versilbert","163":"product_tag-versilbert-2","164":"product_tag-vollenhove","165":"product_tag-webshop","166":"product_tag-winschoten","167":"product_tag-wobei","168":"product_tag-zuruck-2","169":"product_tag-zwolle","170":"product_shipping_class-standard","171":"pa_afmeting-11-5x14-7mm","172":"pa_afmeting-11-5x23mm","174":"first","175":"instock","176":"taxable","177":"shipping-taxable","178":"purchasable","179":"product-type-simple"},"acf":[],"_links":{"self":[{"href":"https:\/\/esquell.eu\/de\/wp-json\/wp\/v2\/product\/16396","targetHints":{"allow":["GET"]}}],"collection":[{"href":"https:\/\/esquell.eu\/de\/wp-json\/wp\/v2\/product"}],"about":[{"href":"https:\/\/esquell.eu\/de\/wp-json\/wp\/v2\/types\/product"}],"replies":[{"embeddable":true,"href":"https:\/\/esquell.eu\/de\/wp-json\/wp\/v2\/comments?post=16396"}],"wp:featuredmedia":[{"embeddable":true,"href":"https:\/\/esquell.eu\/de\/wp-json\/wp\/v2\/media\/30926"}],"wp:attachment":[{"href":"https:\/\/esquell.eu\/de\/wp-json\/wp\/v2\/media?parent=16396"}],"wp:term":[{"taxonomy":"more","embeddable":true,"href":"https:\/\/esquell.eu\/de\/wp-json\/wp\/v2\/more?post=16396"},{"taxonomy":"product_brand","embeddable":true,"href":"https:\/\/esquell.eu\/de\/wp-json\/wp\/v2\/product_brand?post=16396"},{"taxonomy":"product_cat","embeddable":true,"href":"https:\/\/esquell.eu\/de\/wp-json\/wp\/v2\/product_cat?post=16396"},{"taxonomy":"product_tag","embeddable":true,"href":"https:\/\/esquell.eu\/de\/wp-json\/wp\/v2\/product_tag?post=16396"}],"curies":[{"name":"wp","href":"https:\/\/api.w.org\/{rel}","templated":true}]}}