{"id":16138,"date":"2025-10-04T09:48:26","date_gmt":"2025-10-04T09:48:26","guid":{"rendered":"https:\/\/esquell.eu\/product\/schwarzer-achat-cabochon-naturstein-oval-verschiedene-groessen\/"},"modified":"2025-11-09T09:30:40","modified_gmt":"2025-11-09T09:30:40","slug":"schwarzer-achat-cabochon-naturstein-oval-verschiedene-groessen","status":"publish","type":"product","link":"https:\/\/esquell.eu\/de\/produkt\/schwarzer-achat-cabochon-naturstein-oval-verschiedene-groessen\/","title":{"rendered":"Schwarzer Achat Cabochon Naturstein Oval Verschiedene Gr\u00f6\u00dfen"},"content":{"rendered":"<p>Naturstein-Cabochon verschiedene Gr\u00f6\u00dfen<\/p>\n<p>Oval<\/p>\n<p>Flacher Boden<\/p>\n<p>Steinplatte<\/p>\n<p>*Da es sich um einen Naturstein handelt, sind alle Cabochons unterschiedlich.<\/p>\n<p><a href=\"https:\/\/esquell.eu\/de\/produktkategorie\/schmuckteile\/siedlungen-und-chatons\/\"><u>Suchen Sie hier nach passenden silbernen Gedecken und Schr\u00e4nken.<\/u><\/a><\/p>\n<p>Setzk\u00e4sten selbst herstellen?<\/p>\n<p><a href=\"https:\/\/esquell.eu\/?s=zetdraad\"><u>Schauen Sie hier nach Setzdraht<\/u><\/a><\/p>\n<p><u><a href=\"https:\/\/esquell.eu\/de\/produkt\/anti-schrumpf-compound-fuer-metallton-silberton-verschiedene-inhalte\/\">Suchen Sie hier nach Antischrumpfmittel f\u00fcr<\/a><a href=\"https:\/\/esquell.eu\/de\/produkt\/anti-schrumpf-compound-fuer-metallton-silberton-verschiedene-inhalte\/\"> Metallkl<\/a><a href=\"https:\/\/esquell.eu\/de\/produkt\/anti-schrumpf-compound-fuer-metallton-silberton-verschiedene-inhalte\/\">ei<\/a><a href=\"https:\/\/esquell.eu\/de\/produkt\/anti-schrumpf-compound-fuer-metallton-silberton-verschiedene-inhalte\/\"> \/ Silberton<\/a><strong><br \/>\n<\/strong><\/u><\/p>\n<p><a href=\"https:\/\/esquell.eu\/?s=sieradenlijm\">Schmuckkleber<\/a><\/p>\n<p><a href=\"https:\/\/esquell.eu\/?s=zetstaa\"><u>Setzstahl<\/u><\/a><\/p>\n","protected":false},"excerpt":{"rendered":"<p>Naturstein-Cabochon verschiedene Gr\u00f6\u00dfen<\/p>\n<p>Schwarzer Achat<\/p>\n<p>Flacher Boden<\/p>\n<p>&nbsp;<\/p>\n<p>*Da es sich um einen Naturstein handelt, sind alle Cabochons unterschiedlich.<\/p>\n<p><a href=\"https:\/\/esquell.eu\/de\/produktkategorie\/schmuckteile\/siedlungen-und-chatons\/\"><u>Suchen Sie hier nach passenden silbernen Gedecken und Schr\u00e4nken.<\/u><\/a><\/p>\n<p>Setzk\u00e4sten selbst herstellen?<\/p>\n<p><a href=\"https:\/\/esquell.eu\/?s=zetdraad\"><u>Schauen Sie hier nach Setzdraht<\/u><\/a><\/p>\n<p><u><a href=\"https:\/\/esquell.eu\/de\/produkt\/anti-schrumpf-compound-fuer-metallton-silberton-verschiedene-inhalte\/\">Suchen Sie hier nach Antischrumpfmittel f\u00fcr<\/a><a href=\"https:\/\/esquell.eu\/de\/produkt\/anti-schrumpf-compound-fuer-metallton-silberton-verschiedene-inhalte\/\"> Metallkl<\/a><a href=\"https:\/\/esquell.eu\/de\/produkt\/anti-schrumpf-compound-fuer-metallton-silberton-verschiedene-inhalte\/\">ei<\/a><a href=\"https:\/\/esquell.eu\/de\/produkt\/anti-schrumpf-compound-fuer-metallton-silberton-verschiedene-inhalte\/\"> \/ Silberton<\/a><strong><br \/>\n<\/strong><\/u><\/p>\n<p><a href=\"https:\/\/esquell.eu\/?s=sieradenlijm\">Schmuckkleber<\/a><\/p>\n<p><a href=\"https:\/\/esquell.eu\/?s=zetstaa\"><u>Setzstahl<\/u><\/a><\/p>\n","protected":false},"featured_media":10110,"comment_status":"closed","ping_status":"closed","template":"","meta":{"_acf_changed":false,"_seopress_robots_primary_cat":"none","_seopress_titles_title":"","_seopress_titles_desc":"","_seopress_robots_index":""},"more":[],"product_brand":[6365],"product_cat":[12330],"product_tag":[12355,9298,15255,12353,15435,15323,12897,6802,16938,12899,7919,8618,14123,12349,12306,12305,12929,6415,6721,12343,12909,12983,13008,10754,12352,15281,15279,15259,15309,7463,12300,7957,12351,7883,12927,12937,15257,15305,12356,15283,12913,6494,12921,7320,8359,12339,11478,12341,6628,7461,12296,7953,8535,12550,11997,12298,7206,10988,7017,12931,15317,7216,7237,15261,12307,7331,15271,7349,7230,6452,7208,12895,12941,12981,7330,12335,11144,12348,12903,10401,12943,11691,11560,11972,12022,9265,12917,15275,15263,7453,15273,15307,15341,15381,14005,12333,12907,12933,12345,10074,6707,7253,12893,12925,6421,15330,15335,15277,12303,12901,15432,11143,12911,12985,12939,15326,15331,12344,7317,12361,11985,12357,12915,12905,12362,12360,11179,12359,15265,15269,12923,14138,8782,11108,8011,12336,11516,15345,10535,6777,7226,11526,7212,12347,10726,15434,11059,6419,6820,7998,10470,7541,7182,11192,9417,7246,6514,7354,9790,7086,11711,12742,6464,7439,7885,12301,11010,12337,12331,7240,12979,13007,13037,12890,10717,11968,12919,6555,7185,11959,7449,15267,7447,12358,12935],"class_list":{"0":"post-16138","1":"product","2":"type-product","3":"status-publish","4":"has-post-thumbnail","6":"product_brand-l1","7":"product_cat-cabochons-oval","8":"product_tag-23-schmuck","9":"product_tag-achat","10":"product_tag-achat-2","11":"product_tag-achat-steine","12":"product_tag-achate","13":"product_tag-agathe","14":"product_tag-amethyst","15":"product_tag-angebot","16":"product_tag-arc-en-ciel","17":"product_tag-arizona","18":"product_tag-armbander-2","19":"product_tag-artclay-silber-2","20":"product_tag-auge","21":"product_tag-bedeutung","22":"product_tag-bijou-modern","23":"product_tag-bijoumodern","24":"product_tag-bijoumoederne","25":"product_tag-billig","26":"product_tag-blau","27":"product_tag-blau-3","28":"product_tag-blau-grun","29":"product_tag-blaulich","30":"product_tag-blaulich-2","31":"product_tag-braun","32":"product_tag-braun-2","33":"product_tag-braun-3","34":"product_tag-braunlich","35":"product_tag-bronzit","36":"product_tag-bronzit-2","37":"product_tag-bruhgruppe","38":"product_tag-bunt","39":"product_tag-cabochon","40":"product_tag-cabochon-kleber","41":"product_tag-cabochons","42":"product_tag-cabouchon","43":"product_tag-chrysopras","44":"product_tag-citrin","45":"product_tag-citrin-2","46":"product_tag-crownsetting","47":"product_tag-dendritisch","48":"product_tag-denim","49":"product_tag-diy","50":"product_tag-dunkelrot","51":"product_tag-edelstein","52":"product_tag-edelsteine","53":"product_tag-edelsteine-3","54":"product_tag-edelsteinkleber","55":"product_tag-eigenschaften","56":"product_tag-einfugen","57":"product_tag-einstellbox","58":"product_tag-einstelldraht","59":"product_tag-einstellung","60":"product_tag-einstellung-2","61":"product_tag-facette","62":"product_tag-facettiert","63":"product_tag-farbe","64":"product_tag-farben","65":"product_tag-fliederfarben","66":"product_tag-fur","67":"product_tag-fur-manner-2","68":"product_tag-gegen-3","69":"product_tag-gelb","70":"product_tag-gelb-2","71":"product_tag-gelb-3","72":"product_tag-giethoorn","73":"product_tag-gold-3","74":"product_tag-golden","75":"product_tag-goldschmied","76":"product_tag-grau-2","77":"product_tag-groshandel","78":"product_tag-grun","79":"product_tag-grun-3","80":"product_tag-grunlich","81":"product_tag-grunlich-2","82":"product_tag-halb","83":"product_tag-halbedelstein","84":"product_tag-halbedelsteine","85":"product_tag-heilung","86":"product_tag-hell","87":"product_tag-herstellung","88":"product_tag-holle","89":"product_tag-holz","90":"product_tag-jade","91":"product_tag-jaspis","92":"product_tag-jaspis-2","93":"product_tag-juwelier","94":"product_tag-karneol","95":"product_tag-kissen","96":"product_tag-kork","97":"product_tag-kralleneinstellung","98":"product_tag-kyanit","99":"product_tag-kyanit-2","100":"product_tag-kyanit-3","101":"product_tag-labra","102":"product_tag-labradorit","103":"product_tag-lapis","104":"product_tag-lapislazuli","105":"product_tag-laval","106":"product_tag-lazuli","107":"product_tag-leim","108":"product_tag-licht","109":"product_tag-lila","110":"product_tag-lila-2","111":"product_tag-lolite","112":"product_tag-machen","113":"product_tag-malachit","114":"product_tag-malachit-2","115":"product_tag-marmor","116":"product_tag-meine-damen-und-herren","117":"product_tag-messe","118":"product_tag-metallschmied-2","119":"product_tag-metallschmied","120":"product_tag-mineralien","121":"product_tag-mineralienmesse","122":"product_tag-minze","123":"product_tag-mondstein","124":"product_tag-mondstein-2","125":"product_tag-mtn","126":"product_tag-naturstein","127":"product_tag-naturstein-anhanger","128":"product_tag-naturstein-cabochon","129":"product_tag-naturstein-cabochon-2","130":"product_tag-naturstein-cabochons","131":"product_tag-naturstein-ohrringe-2","132":"product_tag-naturstein-ohrringe","133":"product_tag-naturstein-ring","134":"product_tag-naturstein-schmuck","135":"product_tag-naturstein-schmuck-2","136":"product_tag-ocker","137":"product_tag-pastellfarben","138":"product_tag-plattiert","139":"product_tag-platz-4","140":"product_tag-platz","141":"product_tag-platz-2","142":"product_tag-poliert","143":"product_tag-poliert-2","144":"product_tag-quarz","145":"product_tag-regenbogen-2","146":"product_tag-rijswijk","147":"product_tag-ringe","148":"product_tag-rosa","149":"product_tag-rosa-2","150":"product_tag-rot","151":"product_tag-rot-3","152":"product_tag-rund","153":"product_tag-schmiedekunst","154":"product_tag-schmieden","155":"product_tag-schmuck","156":"product_tag-schmuck-2","157":"product_tag-schmuck-4","158":"product_tag-schmuckherstellung-2","159":"product_tag-schmuckzubehor","160":"product_tag-schwarz","161":"product_tag-schwarz-2","162":"product_tag-selbstgemachter-schmuck","163":"product_tag-semi","164":"product_tag-setzkasten","165":"product_tag-silberschmied","166":"product_tag-silberschmied-2","167":"product_tag-silberschmiede","168":"product_tag-soft","169":"product_tag-soft-2","170":"product_tag-stein","171":"product_tag-stein-3","172":"product_tag-steinsetzung","173":"product_tag-stellen-sie-ihren-eigenen-schmuck-her","174":"product_tag-strassstein-2","175":"product_tag-strasssteine-3","176":"product_tag-tigerauge","177":"product_tag-transparent","178":"product_tag-turkis-2","179":"product_tag-turkis-3","180":"product_tag-turkis-4","181":"product_tag-turkis","182":"product_tag-um","183":"product_tag-unten","184":"product_tag-weinrot","185":"product_tag-weis","186":"product_tag-weis-2","187":"product_tag-wohnung-2","188":"product_tag-zackenfassung","189":"product_tag-zartes-rosa","190":"product_tag-zinken","191":"product_tag-zinken-2","192":"product_tag-zubehor-fur-die-schmuckherstellung","193":"pa_afmeting-1014-mm","194":"pa_afmeting-1318-mm","195":"pa_afmeting-1520mm","196":"pa_afmeting-1825-mm","197":"pa_afmeting-2030-mm","198":"pa_afmeting-2230mm","199":"pa_afmeting-3040mm","200":"pa_afmeting-46-mm","201":"pa_afmeting-4mm","202":"pa_afmeting-5mm","203":"pa_afmeting-68-mm","204":"pa_afmeting-6mm","205":"pa_afmeting-79-mm","206":"pa_afmeting-810-mm","207":"pa_afmeting-8mm","209":"first","210":"instock","211":"taxable","212":"shipping-taxable","213":"purchasable","214":"product-type-variable"},"acf":[],"_links":{"self":[{"href":"https:\/\/esquell.eu\/de\/wp-json\/wp\/v2\/product\/16138","targetHints":{"allow":["GET"]}}],"collection":[{"href":"https:\/\/esquell.eu\/de\/wp-json\/wp\/v2\/product"}],"about":[{"href":"https:\/\/esquell.eu\/de\/wp-json\/wp\/v2\/types\/product"}],"replies":[{"embeddable":true,"href":"https:\/\/esquell.eu\/de\/wp-json\/wp\/v2\/comments?post=16138"}],"wp:featuredmedia":[{"embeddable":true,"href":"https:\/\/esquell.eu\/de\/wp-json\/wp\/v2\/media\/10110"}],"wp:attachment":[{"href":"https:\/\/esquell.eu\/de\/wp-json\/wp\/v2\/media?parent=16138"}],"wp:term":[{"taxonomy":"more","embeddable":true,"href":"https:\/\/esquell.eu\/de\/wp-json\/wp\/v2\/more?post=16138"},{"taxonomy":"product_brand","embeddable":true,"href":"https:\/\/esquell.eu\/de\/wp-json\/wp\/v2\/product_brand?post=16138"},{"taxonomy":"product_cat","embeddable":true,"href":"https:\/\/esquell.eu\/de\/wp-json\/wp\/v2\/product_cat?post=16138"},{"taxonomy":"product_tag","embeddable":true,"href":"https:\/\/esquell.eu\/de\/wp-json\/wp\/v2\/product_tag?post=16138"}],"curies":[{"name":"wp","href":"https:\/\/api.w.org\/{rel}","templated":true}]}}