{"id":16077,"date":"2025-10-05T21:12:12","date_gmt":"2025-10-05T21:12:12","guid":{"rendered":"https:\/\/esquell.eu\/product\/gruener-achat-cabochon-naturstein-oval-verschiedene-groessen\/"},"modified":"2025-11-09T09:42:10","modified_gmt":"2025-11-09T09:42:10","slug":"gruener-achat-cabochon-naturstein-oval-verschiedene-groessen","status":"publish","type":"product","link":"https:\/\/esquell.eu\/de\/produkt\/gruener-achat-cabochon-naturstein-oval-verschiedene-groessen\/","title":{"rendered":"Gr\u00fcner Achat Cabochon Naturstein. Oval Verschiedene Gr\u00f6\u00dfen"},"content":{"rendered":"<p>Naturstein Cabochon rund<\/p>\n<p>Flacher Boden<\/p>\n<p>Steinplatte<\/p>\n<p>*Da es sich um einen Naturstein handelt, sind alle Cabochons unterschiedlich.<\/p>\n<p><a href=\"https:\/\/esquell.eu\/de\/produktkategorie\/schmuckteile\/siedlungen-und-chatons\/\"><u>Suchen Sie hier nach passenden silbernen Gedecken und Schr\u00e4nken.<\/u><\/a><\/p>\n<p>Setzk\u00e4sten selbst herstellen?<\/p>\n<p><a href=\"https:\/\/esquell.eu\/?s=zetdraad\"><u>Schauen Sie hier nach Setzdraht<\/u><\/a><\/p>\n<p><u><a href=\"https:\/\/esquell.eu\/de\/produkt\/anti-schrumpf-compound-fuer-metallton-silberton-verschiedene-inhalte\/\">Suchen Sie hier nach Antischrumpfmittel f\u00fcr<\/a><a href=\"https:\/\/esquell.eu\/de\/produkt\/anti-schrumpf-compound-fuer-metallton-silberton-verschiedene-inhalte\/\"> Metallkl<\/a><a href=\"https:\/\/esquell.eu\/de\/produkt\/anti-schrumpf-compound-fuer-metallton-silberton-verschiedene-inhalte\/\">ei<\/a><a href=\"https:\/\/esquell.eu\/de\/produkt\/anti-schrumpf-compound-fuer-metallton-silberton-verschiedene-inhalte\/\"> \/ Silberton<\/a><strong><br \/>\n<\/strong><\/u><\/p>\n<p><a href=\"https:\/\/esquell.eu\/?s=sieradenlijm\">Schmuckkleber<\/a><\/p>\n<p><a href=\"https:\/\/esquell.eu\/?s=zetstaa\"><u>Setzstahl<\/u><\/a><\/p>\n","protected":false},"excerpt":{"rendered":"<p class=\"product-info-title\">Gr\u00fcner Achat Cabochon Naturstein. Oval <\/p>\n<p>Verschiedene Gr\u00f6\u00dfen<\/p>\n","protected":false},"featured_media":10195,"comment_status":"closed","ping_status":"closed","template":"","meta":{"_acf_changed":false,"_seopress_robots_primary_cat":"none","_seopress_titles_title":"","_seopress_titles_desc":"","_seopress_robots_index":""},"more":[],"product_brand":[12223],"product_cat":[12330],"product_tag":[11978,12017,11975,7957,7883,11993,6628,7953,11997,7752,7680,7017,9609,11972,12022,6421,6444,6441,7955,7317,11985,11108,6419,11957,7435,7086,12163,12175,12166,6464,7885,11010,6781,10717,11968,11989,11959],"class_list":{"0":"post-16077","1":"product","2":"type-product","3":"status-publish","4":"has-post-thumbnail","6":"product_brand-mtn","7":"product_cat-cabochons-oval","8":"product_tag-amber","9":"product_tag-amber-2","10":"product_tag-bernstein","11":"product_tag-cabochon","12":"product_tag-cabochons","13":"product_tag-cabocon","14":"product_tag-einfugen","15":"product_tag-einstellung","16":"product_tag-facettiert","17":"product_tag-formular","18":"product_tag-formulare","19":"product_tag-fur","20":"product_tag-harz","21":"product_tag-jaspis","22":"product_tag-jaspis-2","23":"product_tag-machen","24":"product_tag-metalclay","25":"product_tag-metallton","26":"product_tag-naturlich","27":"product_tag-naturstein","28":"product_tag-naturstein-cabochon","29":"product_tag-platz-2","30":"product_tag-schmuck","31":"product_tag-schmuckzubehor-4","32":"product_tag-setzen","33":"product_tag-silberschmiede","34":"product_tag-sodalith","35":"product_tag-sodalith-2","36":"product_tag-sodlalith","37":"product_tag-stein","38":"product_tag-steinsetzung","39":"product_tag-strassstein-2","40":"product_tag-teile","41":"product_tag-um","42":"product_tag-unten","43":"product_tag-wieber","44":"product_tag-wohnung-2","45":"pa_afmeting-1014mm","46":"pa_afmeting-1813-mm","47":"pa_afmeting-2230mm","48":"pa_afmeting-2518mm","49":"pa_afmeting-3040mm","50":"pa_afmeting-68-mm","51":"pa_afmeting-810mm","53":"first","54":"instock","55":"taxable","56":"shipping-taxable","57":"purchasable","58":"product-type-variable"},"acf":[],"_links":{"self":[{"href":"https:\/\/esquell.eu\/de\/wp-json\/wp\/v2\/product\/16077","targetHints":{"allow":["GET"]}}],"collection":[{"href":"https:\/\/esquell.eu\/de\/wp-json\/wp\/v2\/product"}],"about":[{"href":"https:\/\/esquell.eu\/de\/wp-json\/wp\/v2\/types\/product"}],"replies":[{"embeddable":true,"href":"https:\/\/esquell.eu\/de\/wp-json\/wp\/v2\/comments?post=16077"}],"wp:featuredmedia":[{"embeddable":true,"href":"https:\/\/esquell.eu\/de\/wp-json\/wp\/v2\/media\/10195"}],"wp:attachment":[{"href":"https:\/\/esquell.eu\/de\/wp-json\/wp\/v2\/media?parent=16077"}],"wp:term":[{"taxonomy":"more","embeddable":true,"href":"https:\/\/esquell.eu\/de\/wp-json\/wp\/v2\/more?post=16077"},{"taxonomy":"product_brand","embeddable":true,"href":"https:\/\/esquell.eu\/de\/wp-json\/wp\/v2\/product_brand?post=16077"},{"taxonomy":"product_cat","embeddable":true,"href":"https:\/\/esquell.eu\/de\/wp-json\/wp\/v2\/product_cat?post=16077"},{"taxonomy":"product_tag","embeddable":true,"href":"https:\/\/esquell.eu\/de\/wp-json\/wp\/v2\/product_tag?post=16077"}],"curies":[{"name":"wp","href":"https:\/\/api.w.org\/{rel}","templated":true}]}}