{"id":15788,"date":"2025-04-03T09:21:38","date_gmt":"2025-04-03T09:21:38","guid":{"rendered":"https:\/\/esquell.eu\/product\/latten-set-von-pam-east-zum-ausrollen-von-ton-7-verschiedene-dicken-von-kunststofflatten-pe3001\/"},"modified":"2026-03-05T16:32:21","modified_gmt":"2026-03-05T16:32:21","slug":"latten-set-von-pam-east-zum-ausrollen-von-ton-7-verschiedene-dicken-von-kunststofflatten-pe3001","status":"publish","type":"product","link":"https:\/\/esquell.eu\/de\/produkt\/latten-set-von-pam-east-zum-ausrollen-von-ton-7-verschiedene-dicken-von-kunststofflatten-pe3001\/","title":{"rendered":"Latten-Set von Pam East . Zum Ausrollen von Ton 7 verschiedene Dicken von Kunststofflatten PE3001"},"content":{"rendered":"<p>Dieses von Pam East entworfene Leistenset wurde entwickelt, um Ihre Knete auf unbestimmte Zeit gleichm\u00e4\u00dfig in der gew\u00fcnschten Dicke auszurollen. Dieses Set enth\u00e4lt ein Paar von sieben unterschiedlich dicken Kunststoffleisten. Die Dicke der Leisten ist ( siehe auch Foto 20<br \/>\nKlar &#8211; 0.125mm (.5 Karte)<br \/>\nSchwarz &#8211; 0.25mm (1 Karte)<br \/>\nGelb &#8211; 0.50mm (2 Karten)<br \/>\nGr\u00fcn &#8211; 0.75mm (3 Karten)<br \/>\nBlau &#8211; 1mm (4 Karten)<br \/>\nRot &#8211; 1.5mm (6 Karten)<br \/>\nLila &#8211; 2mm (8 Karten)  <\/p>\n","protected":false},"excerpt":{"rendered":"<p>Dieses von Pam East entworfene Leistenset wurde entwickelt, um Ihre Knete auf unbestimmte Zeit gleichm\u00e4\u00dfig in der gew\u00fcnschten Dicke auszurollen. Dieses Set enth\u00e4lt ein Paar von sieben unterschiedlich dicken Kunststoffleisten. Die Dicke der Leisten ist ( siehe auch Foto 20<br \/>\nKlar &#8211; 0.125mm (.5 Karte)<br \/>\nSchwarz &#8211; 0.25mm (1 Karte)<br \/>\nGelb &#8211; 0.50mm (2 Karten)<br \/>\nGr\u00fcn &#8211; 0.75mm (3 Karten)<br \/>\nBlau &#8211; 1mm (4 Karten)<br \/>\nRot &#8211; 1.5mm (6 Karten)<br \/>\nLila &#8211; 2mm (8 Karten)  <\/p>\n","protected":false},"featured_media":15793,"comment_status":"closed","ping_status":"closed","template":"","meta":{"_acf_changed":false,"_seopress_robots_primary_cat":"none","_seopress_titles_title":"","_seopress_titles_desc":"","_seopress_robots_index":""},"more":[],"product_brand":[10712],"product_cat":[6596],"product_tag":[15107,15173,7747,15169,15171,10628,11187,10721,10792,6556,9686],"class_list":{"0":"post-15788","1":"product","2":"type-product","3":"status-publish","4":"has-post-thumbnail","6":"product_brand-pameast","7":"product_cat-grundlegende-werkzeuge","8":"product_tag-ausrollen","9":"product_tag-dicken","10":"product_tag-einstellen","11":"product_tag-lamellen","12":"product_tag-lattenrost","13":"product_tag-mm","14":"product_tag-osten","15":"product_tag-pam","16":"product_tag-pameast","17":"product_tag-ton-3","18":"product_tag-verschiedene-2","19":"product_shipping_class-standard","21":"first","22":"outofstock","23":"taxable","24":"shipping-taxable","25":"purchasable","26":"product-type-simple"},"acf":[],"_links":{"self":[{"href":"https:\/\/esquell.eu\/de\/wp-json\/wp\/v2\/product\/15788","targetHints":{"allow":["GET"]}}],"collection":[{"href":"https:\/\/esquell.eu\/de\/wp-json\/wp\/v2\/product"}],"about":[{"href":"https:\/\/esquell.eu\/de\/wp-json\/wp\/v2\/types\/product"}],"replies":[{"embeddable":true,"href":"https:\/\/esquell.eu\/de\/wp-json\/wp\/v2\/comments?post=15788"}],"wp:featuredmedia":[{"embeddable":true,"href":"https:\/\/esquell.eu\/de\/wp-json\/wp\/v2\/media\/15793"}],"wp:attachment":[{"href":"https:\/\/esquell.eu\/de\/wp-json\/wp\/v2\/media?parent=15788"}],"wp:term":[{"taxonomy":"more","embeddable":true,"href":"https:\/\/esquell.eu\/de\/wp-json\/wp\/v2\/more?post=15788"},{"taxonomy":"product_brand","embeddable":true,"href":"https:\/\/esquell.eu\/de\/wp-json\/wp\/v2\/product_brand?post=15788"},{"taxonomy":"product_cat","embeddable":true,"href":"https:\/\/esquell.eu\/de\/wp-json\/wp\/v2\/product_cat?post=15788"},{"taxonomy":"product_tag","embeddable":true,"href":"https:\/\/esquell.eu\/de\/wp-json\/wp\/v2\/product_tag?post=15788"}],"curies":[{"name":"wp","href":"https:\/\/api.w.org\/{rel}","templated":true}]}}