{"id":15755,"date":"2025-04-03T09:21:38","date_gmt":"2025-04-03T09:21:38","guid":{"rendered":"https:\/\/esquell.eu\/product\/rollbare-rahmen-mini-speziell-fuer-die-gummistrukturmatten-entwickelt\/"},"modified":"2026-02-14T10:29:18","modified_gmt":"2026-02-14T10:29:18","slug":"rollbare-rahmen-mini-speziell-fuer-die-gummistrukturmatten-entwickelt","status":"publish","type":"product","link":"https:\/\/esquell.eu\/de\/produkt\/rollbare-rahmen-mini-speziell-fuer-die-gummistrukturmatten-entwickelt\/","title":{"rendered":"Rollbare Rahmen mini. Speziell f\u00fcr die Gummistrukturmatten entwickelt."},"content":{"rendered":"<p>Set mit 6 Mini-Ton-Rollrahmen, speziell geeignet f\u00fcr die Gummistrukturmatten<\/p>\n<p>Zum regelm\u00e4\u00dfigen Ausrollen der Knete auf die gew\u00fcnschte Dicke<\/p>\n<p>Die \u00e4u\u00dfere Gr\u00f6\u00dfe des Rahmens betr\u00e4gt 10*5 cm Die innere Gr\u00f6\u00dfe des Rahmens betr\u00e4gt 9*4 cm<\/p>\n<p>Die Zahlen auf den Rahmen entsprechen den Kartenst\u00e4rken. Nr. 2 ist also 2 Karten dick =2 x0,2 mm = 4mm <\/p>\n<p>Nr. 3 ist 3 Karten dick = 3 x 0,2 mm = 6 mm usw. Die Rahmen sind auch stapelbar, um andere Dicken zu erhalten. <\/p>\n<p>Die Rollrahmen sind gro\u00df genug, um eine Vielzahl von Schmuckst\u00fccken herzustellen.<\/p>\n","protected":false},"excerpt":{"rendered":"<p>Set mit 6 Mini-Ton-Rollrahmen, speziell geeignet f\u00fcr die Gummistrukturmatten<\/p>\n<p>Zum regelm\u00e4\u00dfigen Ausrollen der Knete auf die gew\u00fcnschte Dicke<\/p>\n<p>Die \u00e4u\u00dfere Gr\u00f6\u00dfe des Rahmens betr\u00e4gt 10*5 cm Die innere Gr\u00f6\u00dfe des Rahmens betr\u00e4gt 9*4 cm<\/p>\n<p>Die Zahlen auf den Rahmen entsprechen den Kartenst\u00e4rken. Nr. 2 ist also 2 Karten dick =2 x0,2 mm = 4mm <\/p>\n<p>Nr. 3 ist 3 Karten dick = 3 x 0,2 mm = 6 mm usw. Die Rahmen sind auch stapelbar, um andere Dicken zu erhalten. <\/p>\n<p>&nbsp;<\/p>\n<p>Die Rollrahmen sind gro\u00df genug, um eine Vielzahl von Schmuckst\u00fccken herzustellen.<\/p>\n","protected":false},"featured_media":15757,"comment_status":"closed","ping_status":"closed","template":"","meta":{"_acf_changed":false,"_seopress_robots_primary_cat":"none","_seopress_titles_title":"","_seopress_titles_desc":"","_seopress_robots_index":""},"more":[],"product_brand":[],"product_cat":[6367,6596,8215],"product_tag":[12103,6446,6438,15107,6603,8559,9756,7747,15115,6673,7019,6441,15105,7674,15111,15113,6419,15128,15109,6556,7511,6605],"class_list":{"0":"post-15755","1":"product","2":"type-product","3":"status-publish","4":"has-post-thumbnail","6":"product_cat-erganzende-materialien","7":"product_cat-grundlegende-werkzeuge","8":"product_cat-lehm","9":"product_tag-12103","10":"product_tag-aida","11":"product_tag-artclaysilver","12":"product_tag-ausrollen","13":"product_tag-cool","14":"product_tag-cooltools","15":"product_tag-dicke","16":"product_tag-einstellen","17":"product_tag-gewunschte","18":"product_tag-japan","19":"product_tag-liefert","20":"product_tag-metallton","21":"product_tag-ohne-2","22":"product_tag-polymer-clay","23":"product_tag-rahmen","24":"product_tag-rollen","25":"product_tag-schmuck","26":"product_tag-sogar-2","27":"product_tag-sogar","28":"product_tag-ton-3","29":"product_tag-tonschmuck","30":"product_tag-werkzeuge","31":"product_shipping_class-standard","33":"first","34":"instock","35":"taxable","36":"shipping-taxable","37":"purchasable","38":"product-type-simple"},"acf":[],"_links":{"self":[{"href":"https:\/\/esquell.eu\/de\/wp-json\/wp\/v2\/product\/15755","targetHints":{"allow":["GET"]}}],"collection":[{"href":"https:\/\/esquell.eu\/de\/wp-json\/wp\/v2\/product"}],"about":[{"href":"https:\/\/esquell.eu\/de\/wp-json\/wp\/v2\/types\/product"}],"replies":[{"embeddable":true,"href":"https:\/\/esquell.eu\/de\/wp-json\/wp\/v2\/comments?post=15755"}],"wp:featuredmedia":[{"embeddable":true,"href":"https:\/\/esquell.eu\/de\/wp-json\/wp\/v2\/media\/15757"}],"wp:attachment":[{"href":"https:\/\/esquell.eu\/de\/wp-json\/wp\/v2\/media?parent=15755"}],"wp:term":[{"taxonomy":"more","embeddable":true,"href":"https:\/\/esquell.eu\/de\/wp-json\/wp\/v2\/more?post=15755"},{"taxonomy":"product_brand","embeddable":true,"href":"https:\/\/esquell.eu\/de\/wp-json\/wp\/v2\/product_brand?post=15755"},{"taxonomy":"product_cat","embeddable":true,"href":"https:\/\/esquell.eu\/de\/wp-json\/wp\/v2\/product_cat?post=15755"},{"taxonomy":"product_tag","embeddable":true,"href":"https:\/\/esquell.eu\/de\/wp-json\/wp\/v2\/product_tag?post=15755"}],"curies":[{"name":"wp","href":"https:\/\/api.w.org\/{rel}","templated":true}]}}