{"id":15751,"date":"2025-04-03T09:21:38","date_gmt":"2025-04-03T09:21:38","guid":{"rendered":"https:\/\/esquell.eu\/product\/trockenform-fuer-armbaender-aus-metallton\/"},"modified":"2025-04-03T09:21:38","modified_gmt":"2025-04-03T09:21:38","slug":"trockenform-fuer-armbaender-aus-metallton","status":"publish","type":"product","link":"https:\/\/esquell.eu\/de\/produkt\/trockenform-fuer-armbaender-aus-metallton\/","title":{"rendered":"Trockenform f\u00fcr Armb\u00e4nder aus Metallton"},"content":{"rendered":"<p>Trockenform zur Herstellung von offenen Armb\u00e4ndern aus Silberton und anderen Metalltonen, zum Trocknen von Teilen von Armb\u00e4ndern oder anderen Objekten, die halbrund getrocknet werden m\u00fcssen.<\/p>\n<p>Legen Sie die trockene Form auf Ihr Handgelenk und bringen Sie sie in Form. Nicht zu eng, da der Ton schrumpft. Decken Sie dann die trocknende Form mit Frischhaltefolie ab. Dies verhindert, dass der Ton von der Form rutscht. Sie k\u00f6nnen die Form auch auf ein Trockentuch legen, um das Trocknen zu beschleunigen. Die Form kann wieder und wieder verwendet werden.     <\/p>\n","protected":false},"excerpt":{"rendered":"<p>Trockenform zur Herstellung von offenen Armb\u00e4ndern aus Silberton und anderen Metalltonen, zum Trocknen von Teilen von Armb\u00e4ndern oder anderen Objekten, die halbrund getrocknet werden m\u00fcssen.<\/p>\n<p>&nbsp;<\/p>\n<p>Legen Sie die trockene Form auf Ihr Handgelenk und bringen Sie sie in Form. Nicht zu eng, da der Ton schrumpft. Decken Sie dann die trocknende Form mit Frischhaltefolie ab. Dies verhindert, dass der Ton von der Form rutscht. Sie k\u00f6nnen die Form auch auf ein Trockentuch legen, um das Trocknen zu beschleunigen. Die Form kann wieder und wieder verwendet werden.     <\/p>\n<p>&nbsp;<\/p>\n<p>&nbsp;<\/p>\n","protected":false},"featured_media":7521,"comment_status":"closed","ping_status":"closed","template":"","meta":{"_acf_changed":false,"_seopress_robots_primary_cat":"none","_seopress_titles_title":"","_seopress_titles_desc":"","_seopress_robots_index":""},"more":[],"product_brand":[6595],"product_cat":[6367,6596,8215],"product_tag":[15099,6689,6492,6438,7752,6673,6421,11376,8952,6444,6441,6490,6556,10290,10421],"class_list":{"0":"post-15751","1":"product","2":"type-product","3":"status-publish","4":"has-post-thumbnail","6":"product_brand-coole-tools","7":"product_cat-erganzende-materialien","8":"product_cat-grundlegende-werkzeuge","9":"product_cat-lehm","10":"product_tag-armands","11":"product_tag-armband","12":"product_tag-artclay","13":"product_tag-artclaysilver","14":"product_tag-formular","15":"product_tag-japan","16":"product_tag-machen","17":"product_tag-mandrel","18":"product_tag-manschette","19":"product_tag-metalclay","20":"product_tag-metallton","21":"product_tag-silberton","22":"product_tag-ton-3","23":"product_tag-trockene-form","24":"product_tag-trocknungsvorlage","25":"product_shipping_class-standard","27":"first","28":"instock","29":"taxable","30":"shipping-taxable","31":"purchasable","32":"product-type-simple"},"acf":[],"_links":{"self":[{"href":"https:\/\/esquell.eu\/de\/wp-json\/wp\/v2\/product\/15751","targetHints":{"allow":["GET"]}}],"collection":[{"href":"https:\/\/esquell.eu\/de\/wp-json\/wp\/v2\/product"}],"about":[{"href":"https:\/\/esquell.eu\/de\/wp-json\/wp\/v2\/types\/product"}],"replies":[{"embeddable":true,"href":"https:\/\/esquell.eu\/de\/wp-json\/wp\/v2\/comments?post=15751"}],"wp:featuredmedia":[{"embeddable":true,"href":"https:\/\/esquell.eu\/de\/wp-json\/wp\/v2\/media\/7521"}],"wp:attachment":[{"href":"https:\/\/esquell.eu\/de\/wp-json\/wp\/v2\/media?parent=15751"}],"wp:term":[{"taxonomy":"more","embeddable":true,"href":"https:\/\/esquell.eu\/de\/wp-json\/wp\/v2\/more?post=15751"},{"taxonomy":"product_brand","embeddable":true,"href":"https:\/\/esquell.eu\/de\/wp-json\/wp\/v2\/product_brand?post=15751"},{"taxonomy":"product_cat","embeddable":true,"href":"https:\/\/esquell.eu\/de\/wp-json\/wp\/v2\/product_cat?post=15751"},{"taxonomy":"product_tag","embeddable":true,"href":"https:\/\/esquell.eu\/de\/wp-json\/wp\/v2\/product_tag?post=15751"}],"curies":[{"name":"wp","href":"https:\/\/api.w.org\/{rel}","templated":true}]}}