{"id":15702,"date":"2025-04-03T09:21:38","date_gmt":"2025-04-03T09:21:38","guid":{"rendered":"https:\/\/esquell.eu\/product\/3-teiliges-wasserpinsel-set-inklusive-kappe\/"},"modified":"2026-02-01T13:59:52","modified_gmt":"2026-02-01T13:59:52","slug":"3-teiliges-wasserpinsel-set-inklusive-kappe","status":"publish","type":"product","link":"https:\/\/esquell.eu\/de\/produkt\/3-teiliges-wasserpinsel-set-inklusive-kappe\/","title":{"rendered":"3-teiliges Wasserpinsel-Set inklusive Kappe"},"content":{"rendered":"<p>Mit diesen Wasserstiften geben Sie dosiert Wasser in Ihr (Metall-)Tonprojekt. Eine Schale mit Wasser auf dem Tisch ist nicht mehr n\u00f6tig. Praktisch f\u00fcr Ihren eigenen Gebrauch und wenn Sie einen Workshop oder Kurs geben.  <\/p>\n<p>Die Pinsel in diesem 6-teiligen Set mit unterschiedlichen Pinselspitzen k\u00f6nnen ganz einfach mit Wasser bef\u00fcllt werden. Wenn Sie die Pinsel leicht zusammendr\u00fccken, flie\u00dft jedes Mal eine kleine Menge Wasser in die Pinselspitze. Ein praktisches Werkzeug beim Modellieren von weichem (Metall-)Ton.  <\/p>\n","protected":false},"excerpt":{"rendered":"<p>Mit diesen Wasserstiften geben Sie dosiert Wasser in Ihr (Metall-)Tonprojekt. Eine Schale mit Wasser auf dem Tisch ist nicht mehr n\u00f6tig. Praktisch f\u00fcr Ihren eigenen Gebrauch und wenn Sie einen Workshop oder Kurs geben.  <\/p>\n<p>&nbsp;<\/p>\n<p>Die Pinsel in diesem 6-teiligen Set mit unterschiedlichen Pinselspitzen k\u00f6nnen ganz einfach mit Wasser bef\u00fcllt werden. Wenn Sie die Pinsel leicht zusammendr\u00fccken, flie\u00dft jedes Mal eine kleine Menge Wasser in die Pinselspitze. Ein praktisches Werkzeug beim Modellieren von weichem (Metall-)Ton.  <\/p>\n<p>&nbsp;<\/p>\n","protected":false},"featured_media":15704,"comment_status":"closed","ping_status":"closed","template":"","meta":{"_acf_changed":false,"_seopress_robots_primary_cat":"none","_seopress_titles_title":"","_seopress_titles_desc":"","_seopress_robots_index":""},"more":[],"product_brand":[6365],"product_cat":[6367,6596,8215],"product_tag":[7078,7080,8610,6993,7066,6948,6817,6773,6438,9798,6458,14963,6790,6887,6840,6903,7123,6936,14957,18145,21277,9868,7676,14955,14969,14971,6883,6826,6793,8512,8681,7672,6842,6824,6830,6934,6769,6800,6822,14974,14965,8544,6836,6696,8640,6786,6885,8105,6905,8504,6950,7019,6844,8554,6444,6441,7552,7553,8696,10024,14980,14989,8106,6455,6832,7134,6788,6938,14992,12081,7674,6928,7342,6812,6490,7129,7340,6913,14986,13470,6834,6435,6556,9918,6784,6795,9914,14961,14959,21278,21854,14977,7373,7441,14967,6818,6783,6838,14983,13340,7735,13134,7796],"class_list":{"0":"post-15702","1":"product","2":"type-product","3":"status-publish","4":"has-post-thumbnail","6":"product_brand-l1","7":"product_cat-erganzende-materialien","8":"product_cat-grundlegende-werkzeuge","9":"product_cat-lehm","10":"product_tag-7078","11":"product_tag-7080","12":"product_tag-8610","13":"product_tag-6993","14":"product_tag-7066","15":"product_tag-almere","16":"product_tag-amsterdam","17":"product_tag-antwerpen","18":"product_tag-artclaysilver","19":"product_tag-austrocknen","20":"product_tag-belgien","21":"product_tag-benetzung","22":"product_tag-bestellung","23":"product_tag-biegsames-silber","24":"product_tag-brabant","25":"product_tag-bronze-ton","26":"product_tag-brucke","27":"product_tag-brussel","28":"product_tag-burste-2","29":"product_tag-burste-3","30":"product_tag-burste-4","31":"product_tag-bursten","32":"product_tag-cernit","33":"product_tag-corona","34":"product_tag-covid","35":"product_tag-covid19","36":"product_tag-deutschland","37":"product_tag-drenthe","38":"product_tag-einkaufen","39":"product_tag-emmeloord","40":"product_tag-fallen-lassen","41":"product_tag-fimo","42":"product_tag-flevoland","43":"product_tag-friesland","44":"product_tag-gelderland","45":"product_tag-gent","46":"product_tag-goldton","47":"product_tag-gramm","48":"product_tag-groningen","49":"product_tag-handlettering","50":"product_tag-hinzufugen","51":"product_tag-hobby","52":"product_tag-holland","53":"product_tag-ideen","54":"product_tag-inspiration","55":"product_tag-kaufen","56":"product_tag-kaufen-2","57":"product_tag-kreativ","58":"product_tag-kupferton","59":"product_tag-lager","60":"product_tag-lelystad","61":"product_tag-liefert","62":"product_tag-limburg","63":"product_tag-malerei","64":"product_tag-metalclay","65":"product_tag-metallton","66":"product_tag-mit","67":"product_tag-modellierung","68":"product_tag-modellierung-2","69":"product_tag-nachfullbar","70":"product_tag-nachfullbar-3","71":"product_tag-nass","72":"product_tag-neu-2","73":"product_tag-niederlande","74":"product_tag-norden","75":"product_tag-nudeln","76":"product_tag-online","77":"product_tag-ostende","78":"product_tag-pipos","79":"product_tag-polymer","80":"product_tag-polymer-clay","81":"product_tag-rotterdam","82":"product_tag-sandsturm","83":"product_tag-silber-3","84":"product_tag-silberton","85":"product_tag-silbertonpaste","86":"product_tag-silverclay-co-uk","87":"product_tag-silveribelgie","88":"product_tag-soft-3","89":"product_tag-stift-2","90":"product_tag-sud","91":"product_tag-ton","92":"product_tag-ton-3","93":"product_tag-tropfen-3","94":"product_tag-unter-2","95":"product_tag-utrecht","96":"product_tag-wasser","97":"product_tag-wasserfeder","98":"product_tag-wasserpinsel","99":"product_tag-wasserpinsel-2","100":"product_tag-wasserpinsel-3","101":"product_tag-wassertank","102":"product_tag-werkzeug","103":"product_tag-werkzeug-2","104":"product_tag-werkzeug-3","105":"product_tag-werkzeuge-2","106":"product_tag-wobei","107":"product_tag-zeeland","108":"product_tag-zeichnen","109":"product_tag-zilverkleinderland","110":"product_tag-zu-verkaufen","111":"product_tag-zu-verkaufen-3","112":"product_tag-zwolle","113":"product_shipping_class-standard","115":"first","116":"instock","117":"taxable","118":"shipping-taxable","119":"purchasable","120":"product-type-simple"},"acf":[],"_links":{"self":[{"href":"https:\/\/esquell.eu\/de\/wp-json\/wp\/v2\/product\/15702","targetHints":{"allow":["GET"]}}],"collection":[{"href":"https:\/\/esquell.eu\/de\/wp-json\/wp\/v2\/product"}],"about":[{"href":"https:\/\/esquell.eu\/de\/wp-json\/wp\/v2\/types\/product"}],"replies":[{"embeddable":true,"href":"https:\/\/esquell.eu\/de\/wp-json\/wp\/v2\/comments?post=15702"}],"wp:featuredmedia":[{"embeddable":true,"href":"https:\/\/esquell.eu\/de\/wp-json\/wp\/v2\/media\/15704"}],"wp:attachment":[{"href":"https:\/\/esquell.eu\/de\/wp-json\/wp\/v2\/media?parent=15702"}],"wp:term":[{"taxonomy":"more","embeddable":true,"href":"https:\/\/esquell.eu\/de\/wp-json\/wp\/v2\/more?post=15702"},{"taxonomy":"product_brand","embeddable":true,"href":"https:\/\/esquell.eu\/de\/wp-json\/wp\/v2\/product_brand?post=15702"},{"taxonomy":"product_cat","embeddable":true,"href":"https:\/\/esquell.eu\/de\/wp-json\/wp\/v2\/product_cat?post=15702"},{"taxonomy":"product_tag","embeddable":true,"href":"https:\/\/esquell.eu\/de\/wp-json\/wp\/v2\/product_tag?post=15702"}],"curies":[{"name":"wp","href":"https:\/\/api.w.org\/{rel}","templated":true}]}}