{"id":15694,"date":"2025-04-03T09:21:38","date_gmt":"2025-04-03T09:21:38","guid":{"rendered":"https:\/\/esquell.eu\/product\/modellierstifte-5er-set-mit-kugelschreibern-aus-edelstahl-und-holzgriff\/"},"modified":"2025-11-08T20:01:22","modified_gmt":"2025-11-08T20:01:22","slug":"modellierstifte-5er-set-mit-kugelschreibern-aus-edelstahl-und-holzgriff","status":"publish","type":"product","link":"https:\/\/esquell.eu\/de\/produkt\/modellierstifte-5er-set-mit-kugelschreibern-aus-edelstahl-und-holzgriff\/","title":{"rendered":"Modellierstifte 5er Set mit Kugelschreibern aus Edelstahl und Holzgriff"},"content":{"rendered":"<p>Set mit 5 doppelseitigen Kugelschreibern. Sie k\u00f6nnen die Stifte zum Modellieren von Metal Clay, Polymer Clay oder anderen Arten von Ton verwenden. Au\u00dferdem eignen sich die Stifte auch sehr gut als Polierstifte zum Polieren von Metallton.<br \/>\nNach dem Brennen k\u00f6nnen Sie diese Polierstifte verwenden, um schwer zug\u00e4ngliche Oberfl\u00e4chen zu polieren. Das Set enth\u00e4lt insgesamt 10 verschiedene Kugelgr\u00f6\u00dfen. Die Kugeln sind aus rostfreiem Stahl, der Halter ist aus Holz.<br \/>\nMit den Kugeln k\u00f6nnen Sie Formen und Motive in den noch weichen Ton einbringen.    <\/p>\n","protected":false},"excerpt":{"rendered":"<p>Set mit 5 doppelseitigen Kugelschreibern. Sie k\u00f6nnen die Stifte zum Modellieren von Metal Clay, Polymer Clay oder anderen Arten von Ton verwenden. Au\u00dferdem eignen sich die Stifte auch sehr gut als Polierstifte zum Polieren von Metallton.<br \/>\nNach dem Brennen k\u00f6nnen Sie diese Polierstifte verwenden, um schwer zug\u00e4ngliche Oberfl\u00e4chen zu polieren. Das Set enth\u00e4lt insgesamt 10 verschiedene Kugelgr\u00f6\u00dfen. Die Kugeln sind aus rostfreiem Stahl, der Halter ist aus Holz.<br \/>\nMit den Kugeln k\u00f6nnen Sie Formen und Motive in den noch weichen Ton einbringen.    <\/p>\n","protected":false},"featured_media":7534,"comment_status":"closed","ping_status":"closed","template":"","meta":{"_acf_changed":false,"_seopress_robots_primary_cat":"none","_seopress_titles_title":"","_seopress_titles_desc":"","_seopress_robots_index":""},"more":[],"product_brand":[],"product_cat":[6596,8215,10426,7361],"product_tag":[9197,14939,14940,14941,21506,10696,21507,10703,6492,7387,6903,7676,7672,14934,14932,14933,14937,14938,6498,7131,8394,7557,8137,14935,7553,14936,6490,6435,6500,8790],"class_list":{"0":"post-15694","1":"product","2":"type-product","3":"status-publish","4":"has-post-thumbnail","6":"product_cat-grundlegende-werkzeuge","7":"product_cat-lehm","8":"product_cat-metall","9":"product_cat-schleifen-feilen-und-polieren","10":"product_tag-9197","11":"product_tag-03-mm","12":"product_tag-05-mm","13":"product_tag-10-mm","14":"product_tag-1-5mm","15":"product_tag-10696","16":"product_tag-20-mm","17":"product_tag-5-mm","18":"product_tag-artclay","19":"product_tag-bronze","20":"product_tag-bronze-ton","21":"product_tag-cernit","22":"product_tag-fimo","23":"product_tag-garving","24":"product_tag-gravieren","25":"product_tag-griffel","26":"product_tag-kugel","27":"product_tag-kugelschreiber","28":"product_tag-kunst","29":"product_tag-kupfer","30":"product_tag-kupfer-3","31":"product_tag-metall","32":"product_tag-metall-3","33":"product_tag-modellierstift","34":"product_tag-modellierung","35":"product_tag-polierstift","36":"product_tag-silberton","37":"product_tag-ton","38":"product_tag-ton-2","39":"product_tag-topferei","40":"product_shipping_class-standard","42":"first","43":"instock","44":"taxable","45":"shipping-taxable","46":"purchasable","47":"product-type-simple"},"acf":[],"_links":{"self":[{"href":"https:\/\/esquell.eu\/de\/wp-json\/wp\/v2\/product\/15694","targetHints":{"allow":["GET"]}}],"collection":[{"href":"https:\/\/esquell.eu\/de\/wp-json\/wp\/v2\/product"}],"about":[{"href":"https:\/\/esquell.eu\/de\/wp-json\/wp\/v2\/types\/product"}],"replies":[{"embeddable":true,"href":"https:\/\/esquell.eu\/de\/wp-json\/wp\/v2\/comments?post=15694"}],"wp:featuredmedia":[{"embeddable":true,"href":"https:\/\/esquell.eu\/de\/wp-json\/wp\/v2\/media\/7534"}],"wp:attachment":[{"href":"https:\/\/esquell.eu\/de\/wp-json\/wp\/v2\/media?parent=15694"}],"wp:term":[{"taxonomy":"more","embeddable":true,"href":"https:\/\/esquell.eu\/de\/wp-json\/wp\/v2\/more?post=15694"},{"taxonomy":"product_brand","embeddable":true,"href":"https:\/\/esquell.eu\/de\/wp-json\/wp\/v2\/product_brand?post=15694"},{"taxonomy":"product_cat","embeddable":true,"href":"https:\/\/esquell.eu\/de\/wp-json\/wp\/v2\/product_cat?post=15694"},{"taxonomy":"product_tag","embeddable":true,"href":"https:\/\/esquell.eu\/de\/wp-json\/wp\/v2\/product_tag?post=15694"}],"curies":[{"name":"wp","href":"https:\/\/api.w.org\/{rel}","templated":true}]}}