{"id":15643,"date":"2025-04-03T09:21:48","date_gmt":"2025-04-03T09:21:48","guid":{"rendered":"https:\/\/esquell.eu\/product\/holz-ring-stick-tribulet-2-teilig-f-0026a\/"},"modified":"2026-03-05T16:32:11","modified_gmt":"2026-03-05T16:32:11","slug":"holz-ring-stick-tribulet-2-teilig-f-0026a","status":"publish","type":"product","link":"https:\/\/esquell.eu\/de\/produkt\/holz-ring-stick-tribulet-2-teilig-f-0026a\/","title":{"rendered":"Holz Ring Stick Tribulet 2-teilig F-0026A"},"content":{"rendered":"<p>Zeichnen Sie auf diesen Ringstab die gew\u00fcnschte Ringgr\u00f6\u00dfe und verwenden Sie den Stab als Grundlage f\u00fcr die Herstellung und Modellierung des Rings. Befestigen Sie immer ein St\u00fcck Papier an dem St\u00e4bchen, bevor Sie den Ring aus Silberton modellieren, sonst k\u00f6nnen Sie den Ring nach dem Trocknen nicht mehr abnehmen. <\/p>\n<p>Da der Stick aus 2 Teilen besteht, ist der Gr\u00f6\u00dfenbereich besonders gro\u00df.<\/p>\n<p>Machen Sie oft besonders breite Ringe? Dann ist dieser Stock die beste Wahl. <\/p>\n","protected":false},"excerpt":{"rendered":"<p>Zeichnen Sie auf diesen Ringstab die gew\u00fcnschte Ringgr\u00f6\u00dfe und verwenden Sie den Stab als Grundlage f\u00fcr die Herstellung und Modellierung des Rings. Befestigen Sie immer ein St\u00fcck Papier an dem St\u00e4bchen, bevor Sie den Ring aus Silberton modellieren, sonst k\u00f6nnen Sie den Ring nach dem Trocknen nicht mehr abnehmen. <\/p>\n<p>&nbsp;<\/p>\n<p>Da der Stick aus 2 Teilen besteht, ist der Gr\u00f6\u00dfenbereich besonders gro\u00df.<\/p>\n<p>Machen Sie oft besonders breite Ringe? Dann ist dieser Stock die beste Wahl. <\/p>\n","protected":false},"featured_media":15647,"comment_status":"closed","ping_status":"closed","template":"","meta":{"_acf_changed":false,"_seopress_robots_primary_cat":"none","_seopress_titles_title":"","_seopress_titles_desc":"","_seopress_robots_index":""},"more":[],"product_brand":[6413],"product_cat":[6596,8215,7882],"product_tag":[10696,6446,6492,6438,6458,6887,6903,6494,6680,7547,9663,11380,6673,6786,6498,6905,6679,7545,6421,11376,6444,6441,7553,6455,11375,14878,11382,6777,11339,11378,6419,7086,6490,9192,6500,7511,11341,6784,6449,6783],"class_list":{"0":"post-15643","1":"product","2":"type-product","3":"status-publish","4":"has-post-thumbnail","6":"product_brand-acs","7":"product_cat-grundlegende-werkzeuge","8":"product_cat-lehm","9":"product_cat-werkzeuge-fur-ringe","10":"product_tag-10696","11":"product_tag-aida","12":"product_tag-artclay","13":"product_tag-artclaysilver","14":"product_tag-belgien","15":"product_tag-biegsames-silber","16":"product_tag-bronze-ton","17":"product_tag-diy","18":"product_tag-frankreich","19":"product_tag-frankreich-2","20":"product_tag-grosartig","21":"product_tag-grosenbereich","22":"product_tag-japan","23":"product_tag-kaufen","24":"product_tag-kunst","25":"product_tag-kupferton","26":"product_tag-luxemburg","27":"product_tag-luxemburg-2","28":"product_tag-machen","29":"product_tag-mandrel","30":"product_tag-metalclay","31":"product_tag-metallton","32":"product_tag-modellierung","33":"product_tag-niederlande","34":"product_tag-porzellan-3","35":"product_tag-porzellan-4","36":"product_tag-proselein","37":"product_tag-ringe","38":"product_tag-ringstock","39":"product_tag-ringwerkzeuge","40":"product_tag-schmuck","41":"product_tag-silberschmiede","42":"product_tag-silberton","43":"product_tag-teil","44":"product_tag-ton-2","45":"product_tag-tonschmuck","46":"product_tag-tribulett","47":"product_tag-unter-2","48":"product_tag-verteiler","49":"product_tag-wobei","50":"product_shipping_class-standard","52":"first","53":"instock","54":"taxable","55":"shipping-taxable","56":"purchasable","57":"product-type-simple"},"acf":[],"_links":{"self":[{"href":"https:\/\/esquell.eu\/de\/wp-json\/wp\/v2\/product\/15643","targetHints":{"allow":["GET"]}}],"collection":[{"href":"https:\/\/esquell.eu\/de\/wp-json\/wp\/v2\/product"}],"about":[{"href":"https:\/\/esquell.eu\/de\/wp-json\/wp\/v2\/types\/product"}],"replies":[{"embeddable":true,"href":"https:\/\/esquell.eu\/de\/wp-json\/wp\/v2\/comments?post=15643"}],"wp:featuredmedia":[{"embeddable":true,"href":"https:\/\/esquell.eu\/de\/wp-json\/wp\/v2\/media\/15647"}],"wp:attachment":[{"href":"https:\/\/esquell.eu\/de\/wp-json\/wp\/v2\/media?parent=15643"}],"wp:term":[{"taxonomy":"more","embeddable":true,"href":"https:\/\/esquell.eu\/de\/wp-json\/wp\/v2\/more?post=15643"},{"taxonomy":"product_brand","embeddable":true,"href":"https:\/\/esquell.eu\/de\/wp-json\/wp\/v2\/product_brand?post=15643"},{"taxonomy":"product_cat","embeddable":true,"href":"https:\/\/esquell.eu\/de\/wp-json\/wp\/v2\/product_cat?post=15643"},{"taxonomy":"product_tag","embeddable":true,"href":"https:\/\/esquell.eu\/de\/wp-json\/wp\/v2\/product_tag?post=15643"}],"curies":[{"name":"wp","href":"https:\/\/api.w.org\/{rel}","templated":true}]}}