{"id":15641,"date":"2025-04-03T09:21:48","date_gmt":"2025-04-03T09:21:48","guid":{"rendered":"https:\/\/esquell.eu\/product\/ringgroessenblatt-ringgroessenpapier-acs-r-0200\/"},"modified":"2026-03-24T15:10:05","modified_gmt":"2026-03-24T15:10:05","slug":"ringgroessenblatt-ringgroessenpapier-acs-r-0200","status":"publish","type":"product","link":"https:\/\/esquell.eu\/de\/produkt\/ringgroessenblatt-ringgroessenpapier-acs-r-0200\/","title":{"rendered":"Ringgr\u00f6\u00dfenblatt &#8211; Ringgr\u00f6\u00dfenpapier ACS R-0200"},"content":{"rendered":"<p>Schneiden Sie den Streifen in der richtigen Gr\u00f6\u00dfe \u00fcber die Linien, kleben Sie ihn um und schieben Sie ihn \u00fcber den Ringstab.<\/p>\n<p>An der Stelle des Streifens k\u00f6nnen Sie den Ring um den Ringstab formen.<\/p>\n<p>So haben Sie die richtige Gr\u00f6\u00dfe und verhindern, dass der Ton am Stab kleben bleibt.<\/p>\n","protected":false},"excerpt":{"rendered":"<p>Schneiden Sie den Streifen auf die richtige Gr\u00f6\u00dfe \u00fcber den Linien zu, kleben Sie ihn um und schieben Sie ihn \u00fcber den Ringstab.<\/p>\n<p>An der Stelle des Streifens k\u00f6nnen Sie den Ring um den Ringstab formen. Auf diese Weise erhalten Sie die richtige Gr\u00f6\u00dfe und verhindern, dass der Ton am Stab kleben bleibt. <\/p>\n<p>&nbsp;<\/p>\n","protected":false},"featured_media":15645,"comment_status":"closed","ping_status":"closed","template":"","meta":{"_acf_changed":false,"_seopress_robots_primary_cat":"none","_seopress_titles_title":"","_seopress_titles_desc":"","_seopress_robots_index":""},"more":[],"product_brand":[6413],"product_cat":[7717,7882],"product_tag":[6446,6492,6438,7551,8543,6458,8599,6790,6415,6903,6675,7733,8574,10209,11312,6452,6673,7336,6885,6498,6905,6679,7545,6421,6444,6441,7553,6455,6788,6504,6686,8001,6806,8092,6777,10653,6820,14874,9085,6812,6490,6500,6449,6694,6814,14876,7410],"class_list":{"0":"post-15641","1":"product","2":"type-product","3":"status-publish","4":"has-post-thumbnail","6":"product_brand-acs","7":"product_cat-verkauf","8":"product_cat-werkzeuge-fur-ringe","9":"product_tag-aida","10":"product_tag-artclay","11":"product_tag-artclaysilver","12":"product_tag-artclayworld","13":"product_tag-aussie","14":"product_tag-belgien","15":"product_tag-benelux","16":"product_tag-bestellung","17":"product_tag-billig","18":"product_tag-bronze-ton","19":"product_tag-craftlines","20":"product_tag-deutschland-2","21":"product_tag-europa","22":"product_tag-europa-2","23":"product_tag-grose","24":"product_tag-groshandel","25":"product_tag-japan","26":"product_tag-japanisch-3","27":"product_tag-kaufen-2","28":"product_tag-kunst","29":"product_tag-kupferton","30":"product_tag-luxemburg","31":"product_tag-luxemburg-2","32":"product_tag-machen","33":"product_tag-metalclay","34":"product_tag-metallton","35":"product_tag-modellierung","36":"product_tag-niederlande","37":"product_tag-online","38":"product_tag-papier","39":"product_tag-papier-2","40":"product_tag-pmc","41":"product_tag-rabatt","42":"product_tag-ring","43":"product_tag-ringe","44":"product_tag-ringgrose","45":"product_tag-schmuck-2","46":"product_tag-schrumpfen","47":"product_tag-schrumpfung","48":"product_tag-silber-3","49":"product_tag-silberton","50":"product_tag-ton-2","51":"product_tag-verteiler","52":"product_tag-von","53":"product_tag-webshop","54":"product_tag-wie-viele","55":"product_tag-zertifiziert","56":"product_shipping_class-standard","58":"first","59":"instock","60":"sale","61":"taxable","62":"shipping-taxable","63":"purchasable","64":"product-type-simple"},"acf":[],"_links":{"self":[{"href":"https:\/\/esquell.eu\/de\/wp-json\/wp\/v2\/product\/15641","targetHints":{"allow":["GET"]}}],"collection":[{"href":"https:\/\/esquell.eu\/de\/wp-json\/wp\/v2\/product"}],"about":[{"href":"https:\/\/esquell.eu\/de\/wp-json\/wp\/v2\/types\/product"}],"replies":[{"embeddable":true,"href":"https:\/\/esquell.eu\/de\/wp-json\/wp\/v2\/comments?post=15641"}],"wp:featuredmedia":[{"embeddable":true,"href":"https:\/\/esquell.eu\/de\/wp-json\/wp\/v2\/media\/15645"}],"wp:attachment":[{"href":"https:\/\/esquell.eu\/de\/wp-json\/wp\/v2\/media?parent=15641"}],"wp:term":[{"taxonomy":"more","embeddable":true,"href":"https:\/\/esquell.eu\/de\/wp-json\/wp\/v2\/more?post=15641"},{"taxonomy":"product_brand","embeddable":true,"href":"https:\/\/esquell.eu\/de\/wp-json\/wp\/v2\/product_brand?post=15641"},{"taxonomy":"product_cat","embeddable":true,"href":"https:\/\/esquell.eu\/de\/wp-json\/wp\/v2\/product_cat?post=15641"},{"taxonomy":"product_tag","embeddable":true,"href":"https:\/\/esquell.eu\/de\/wp-json\/wp\/v2\/product_tag?post=15641"}],"curies":[{"name":"wp","href":"https:\/\/api.w.org\/{rel}","templated":true}]}}