{"id":15634,"date":"2025-04-03T09:21:48","date_gmt":"2025-04-03T09:21:48","guid":{"rendered":"https:\/\/esquell.eu\/product\/metall-ring-stick-tribulet-japanische-groessen-acs-f-0027\/"},"modified":"2025-04-03T09:21:48","modified_gmt":"2025-04-03T09:21:48","slug":"metall-ring-stick-tribulet-japanische-groessen-acs-f-0027","status":"publish","type":"product","link":"https:\/\/esquell.eu\/de\/produkt\/metall-ring-stick-tribulet-japanische-groessen-acs-f-0027\/","title":{"rendered":"Metall Ring Stick Tribulet japanische Gr\u00f6\u00dfen ACS (F-0027)"},"content":{"rendered":"<p>Dieser Metallringstab kann zum Messen der Ringgr\u00f6\u00dfe verwendet werden (japanische Gr\u00f6\u00dfenbestimmung).<br \/>\nSie k\u00f6nnen auch einen Ring auf diesem Dorn rund schlagen, wenn er seine runde Form verloren hat, oder den Ring gr\u00f6\u00dfer machen, wenn er zu klein geworden ist.<\/p>\n","protected":false},"excerpt":{"rendered":"<p>Dieser Metallringdorn kann zum Messen der Ringgr\u00f6\u00dfe (japanische Gr\u00f6\u00dfenbestimmung) verwendet werden. Sie k\u00f6nnen auch einen Ring auf diesem Dorn rund klopfen, wenn er seine runde Form verloren hat oder den Ring gr\u00f6\u00dfer machen, wenn er zu klein geworden ist. <\/p>\n","protected":false},"featured_media":15648,"comment_status":"closed","ping_status":"closed","template":"","meta":{"_acf_changed":false,"_seopress_robots_primary_cat":"none","_seopress_titles_title":"","_seopress_titles_desc":"","_seopress_robots_index":""},"more":[],"product_brand":[6413],"product_cat":[7882],"product_tag":[6446,6492,6699,6438,8126,6695,8543,6458,6677,6887,7387,7392,14866,14872,6494,8217,7680,6680,7547,7017,6767,7109,14783,14868,6673,7222,7336,14812,6498,7131,8394,6905,7137,6679,7545,6421,6444,8137,6441,8696,6455,8001,8005,11375,7133,6806,8092,6777,14870,13863,11339,7342,6671,6812,7086,6490,14877,14871,6556,6500,7511,11341,6449,14875,14873],"class_list":{"0":"post-15634","1":"product","2":"type-product","3":"status-publish","4":"has-post-thumbnail","6":"product_brand-acs","7":"product_cat-werkzeuge-fur-ringe","8":"product_tag-aida","9":"product_tag-artclay","10":"product_tag-artclayacademy","11":"product_tag-artclaysilver","12":"product_tag-artclaysilvershop","13":"product_tag-ausbildung","14":"product_tag-aussie","15":"product_tag-belgien","16":"product_tag-belgien-2","17":"product_tag-biegsames-silber","18":"product_tag-bronze","19":"product_tag-bronzeclay","20":"product_tag-craflines","21":"product_tag-crafltines","22":"product_tag-diy","23":"product_tag-flex","24":"product_tag-formulare","25":"product_tag-frankreich","26":"product_tag-frankreich-2","27":"product_tag-fur","28":"product_tag-gold","29":"product_tag-goldclay","30":"product_tag-grose-3","31":"product_tag-grosen-2","32":"product_tag-japan","33":"product_tag-japanisch-2","34":"product_tag-japanisch-3","35":"product_tag-klingelton","36":"product_tag-kunst","37":"product_tag-kupfer","38":"product_tag-kupfer-3","39":"product_tag-kupferton","40":"product_tag-kupferton-2","41":"product_tag-luxemburg","42":"product_tag-luxemburg-2","43":"product_tag-machen","44":"product_tag-metalclay","45":"product_tag-metall-3","46":"product_tag-metallton","47":"product_tag-modellierung-2","48":"product_tag-niederlande","49":"product_tag-pmc","50":"product_tag-porzellan-2","51":"product_tag-porzellan-3","52":"product_tag-prometheus","53":"product_tag-rabatt","54":"product_tag-ring","55":"product_tag-ringe","56":"product_tag-ringe-4","57":"product_tag-ringgrosen","58":"product_tag-ringstock","59":"product_tag-sandsturm","60":"product_tag-silber-2","61":"product_tag-silber-3","62":"product_tag-silberschmiede","63":"product_tag-silberton","64":"product_tag-sizer","65":"product_tag-sizing","66":"product_tag-ton-3","67":"product_tag-ton-2","68":"product_tag-tonschmuck","69":"product_tag-tribulett","70":"product_tag-verteiler","71":"product_tag-wortgottesdienste","72":"product_tag-zivlerklei-co-uk","73":"product_shipping_class-standard","75":"first","76":"instock","77":"taxable","78":"shipping-taxable","79":"purchasable","80":"product-type-simple"},"acf":[],"_links":{"self":[{"href":"https:\/\/esquell.eu\/de\/wp-json\/wp\/v2\/product\/15634","targetHints":{"allow":["GET"]}}],"collection":[{"href":"https:\/\/esquell.eu\/de\/wp-json\/wp\/v2\/product"}],"about":[{"href":"https:\/\/esquell.eu\/de\/wp-json\/wp\/v2\/types\/product"}],"replies":[{"embeddable":true,"href":"https:\/\/esquell.eu\/de\/wp-json\/wp\/v2\/comments?post=15634"}],"wp:featuredmedia":[{"embeddable":true,"href":"https:\/\/esquell.eu\/de\/wp-json\/wp\/v2\/media\/15648"}],"wp:attachment":[{"href":"https:\/\/esquell.eu\/de\/wp-json\/wp\/v2\/media?parent=15634"}],"wp:term":[{"taxonomy":"more","embeddable":true,"href":"https:\/\/esquell.eu\/de\/wp-json\/wp\/v2\/more?post=15634"},{"taxonomy":"product_brand","embeddable":true,"href":"https:\/\/esquell.eu\/de\/wp-json\/wp\/v2\/product_brand?post=15634"},{"taxonomy":"product_cat","embeddable":true,"href":"https:\/\/esquell.eu\/de\/wp-json\/wp\/v2\/product_cat?post=15634"},{"taxonomy":"product_tag","embeddable":true,"href":"https:\/\/esquell.eu\/de\/wp-json\/wp\/v2\/product_tag?post=15634"}],"curies":[{"name":"wp","href":"https:\/\/api.w.org\/{rel}","templated":true}]}}