{"id":15621,"date":"2025-04-03T09:21:48","date_gmt":"2025-04-03T09:21:48","guid":{"rendered":"https:\/\/esquell.eu\/product\/ring-stick-tribulet-grosse-groesse-bereich-holz\/"},"modified":"2026-02-14T10:32:21","modified_gmt":"2026-02-14T10:32:21","slug":"ring-stick-tribulet-grosse-groesse-bereich-holz","status":"publish","type":"product","link":"https:\/\/esquell.eu\/de\/produkt\/ring-stick-tribulet-grosse-groesse-bereich-holz\/","title":{"rendered":"Ring Stick Tribulet gro\u00dfe Gr\u00f6\u00dfe Bereich Holz."},"content":{"rendered":"<p>Holzringst\u00e4bchen, tribulet, mit einem gro\u00dfen Gr\u00f6\u00dfenbereich.<\/p>\n<p>Das St\u00e4bchen ist 25 cm lang, hat einen Durchmesser unter 13 mm und vergr\u00f6\u00dfert sich auf einen Durchmesser von \u00fcber 25 mm<\/p>\n<p>Dieses St\u00e4bchen eignet sich sehr gut zum Modellieren von Ringen aus Metallton.<\/p>\n<p>Bestimmen Sie zun\u00e4chst die gew\u00fcnschte Ringgr\u00f6\u00dfe mithilfe eines Ringb\u00fcndels.<br \/>\nBefestigen Sie dann einen gelben (Notizblock) um das h\u00f6lzerne Ringst\u00e4bchen und markieren Sie den Ring darauf.<br \/>\nGelb verhindert, dass die Knete am St\u00e4bchen kleben bleibt.<br \/>\nFormen Sie dann den Ring an dieser Stelle um das St\u00e4bchen herum.<\/p>\n","protected":false},"excerpt":{"rendered":"<p>Holzringst\u00e4bchen, tribulet, mit einem gro\u00dfen Gr\u00f6\u00dfenbereich.<\/p>\n<p>Das St\u00e4bchen ist 25 cm lang, hat einen Durchmesser unter 13 mm und vergr\u00f6\u00dfert sich auf einen Durchmesser von \u00fcber 25 mm<\/p>\n<p>Dieses St\u00e4bchen eignet sich sehr gut zum Modellieren von Ringen aus Metallton.<\/p>\n<p>Bestimmen Sie zun\u00e4chst die gew\u00fcnschte Ringgr\u00f6\u00dfe mithilfe eines Ringb\u00fcndels.<br \/>\nBefestigen Sie dann einen gelben (Notizblock) um das h\u00f6lzerne Ringst\u00e4bchen und markieren Sie den Ring darauf.<br \/>\nGelb verhindert, dass die Knete am St\u00e4bchen kleben bleibt.<br \/>\nFormen Sie dann den Ring an dieser Stelle um das St\u00e4bchen herum.<\/p>\n<p>&nbsp;<\/p>\n<p>&nbsp;<\/p>\n","protected":false},"featured_media":15625,"comment_status":"closed","ping_status":"closed","template":"","meta":{"_acf_changed":false,"_seopress_robots_primary_cat":"none","_seopress_titles_title":"","_seopress_titles_desc":"","_seopress_robots_index":""},"more":[],"product_brand":[6413],"product_cat":[7882],"product_tag":[6488,6508,6506,6492,11258,8330,13761,7676,10323,6494,9979,13220,6895,7672,9788,9982,9980,8544,6897,8105,7131,8394,6905,6421,11376,6444,7557,7553,14769,8001,7674,8092,6777,10653,13856,6419,6899,6558,6417,6812,6490,6920,6435,6500,6556,14843,11341,6893,9818],"class_list":{"0":"post-15621","1":"product","2":"type-product","3":"status-publish","4":"has-post-thumbnail","6":"product_brand-acs","7":"product_cat-werkzeuge-fur-ringe","8":"product_tag-6488","9":"product_tag-6508","10":"product_tag-6506","11":"product_tag-artclay","12":"product_tag-besuchen-sie","13":"product_tag-biegsames-silber-2","14":"product_tag-bundel-ringe","15":"product_tag-cernit","16":"product_tag-die","17":"product_tag-diy","18":"product_tag-einzigartig","19":"product_tag-einzigartig-2","20":"product_tag-es","21":"product_tag-fimo","22":"product_tag-gemacht","23":"product_tag-hand","24":"product_tag-handgefertigt","25":"product_tag-hobby","26":"product_tag-ihr","27":"product_tag-kreativ","28":"product_tag-kupfer","29":"product_tag-kupfer-3","30":"product_tag-kupferton","31":"product_tag-machen","32":"product_tag-mandrel","33":"product_tag-metalclay","34":"product_tag-metall","35":"product_tag-modellierung","36":"product_tag-munzen","37":"product_tag-pmc","38":"product_tag-polymer-clay","39":"product_tag-ring","40":"product_tag-ringe","41":"product_tag-ringgrose","42":"product_tag-ringwald","43":"product_tag-schmuck","44":"product_tag-selbst","45":"product_tag-sie-selbst","46":"product_tag-silber","47":"product_tag-silber-3","48":"product_tag-silberton","49":"product_tag-sterling","50":"product_tag-ton","51":"product_tag-ton-2","52":"product_tag-ton-3","53":"product_tag-triboulet","54":"product_tag-tribulett","55":"product_tag-tun","56":"product_tag-wertvoll","57":"product_shipping_class-standard","59":"first","60":"instock","61":"taxable","62":"shipping-taxable","63":"purchasable","64":"product-type-simple"},"acf":[],"_links":{"self":[{"href":"https:\/\/esquell.eu\/de\/wp-json\/wp\/v2\/product\/15621","targetHints":{"allow":["GET"]}}],"collection":[{"href":"https:\/\/esquell.eu\/de\/wp-json\/wp\/v2\/product"}],"about":[{"href":"https:\/\/esquell.eu\/de\/wp-json\/wp\/v2\/types\/product"}],"replies":[{"embeddable":true,"href":"https:\/\/esquell.eu\/de\/wp-json\/wp\/v2\/comments?post=15621"}],"wp:featuredmedia":[{"embeddable":true,"href":"https:\/\/esquell.eu\/de\/wp-json\/wp\/v2\/media\/15625"}],"wp:attachment":[{"href":"https:\/\/esquell.eu\/de\/wp-json\/wp\/v2\/media?parent=15621"}],"wp:term":[{"taxonomy":"more","embeddable":true,"href":"https:\/\/esquell.eu\/de\/wp-json\/wp\/v2\/more?post=15621"},{"taxonomy":"product_brand","embeddable":true,"href":"https:\/\/esquell.eu\/de\/wp-json\/wp\/v2\/product_brand?post=15621"},{"taxonomy":"product_cat","embeddable":true,"href":"https:\/\/esquell.eu\/de\/wp-json\/wp\/v2\/product_cat?post=15621"},{"taxonomy":"product_tag","embeddable":true,"href":"https:\/\/esquell.eu\/de\/wp-json\/wp\/v2\/product_tag?post=15621"}],"curies":[{"name":"wp","href":"https:\/\/api.w.org\/{rel}","templated":true}]}}