{"id":15620,"date":"2025-04-03T09:21:48","date_gmt":"2025-04-03T09:21:48","guid":{"rendered":"https:\/\/esquell.eu\/product\/ringe-massband-kunststoff-einstellbar\/"},"modified":"2025-04-03T09:21:48","modified_gmt":"2025-04-03T09:21:48","slug":"ringe-massband-kunststoff-einstellbar","status":"publish","type":"product","link":"https:\/\/esquell.eu\/de\/produkt\/ringe-massband-kunststoff-einstellbar\/","title":{"rendered":"Ringe Ma\u00dfband Kunststoff einstellbar"},"content":{"rendered":"<p>Ma\u00dfband zur Bestimmung der richtigen Ringgr\u00f6\u00dfe. Einstellbar. Kunststoff.  <\/p>\n","protected":false},"excerpt":{"rendered":"<p>Ma\u00dfband zur Bestimmung der richtigen Ringgr\u00f6\u00dfe. Einstellbar. Kunststoff.  <\/p>\n","protected":false},"featured_media":4337,"comment_status":"closed","ping_status":"closed","template":"","meta":{"_acf_changed":false,"_seopress_robots_primary_cat":"none","_seopress_titles_title":"","_seopress_titles_desc":"","_seopress_robots_index":""},"more":[],"product_brand":[6365],"product_cat":[7882],"product_tag":[8259,6492,13357,7387,10323,6494,9979,13220,10034,6895,7555,9788,7808,6767,11312,9982,9980,9609,9865,8544,6897,8007,6498,7131,8394,6421,6444,7557,8137,7553,7524,9428,12081,7674,8005,8092,6777,10653,14840,6419,6899,6558,6417,6490,6435,6500,6556,6893,10391,7064],"class_list":{"0":"post-15620","1":"product","2":"type-product","3":"status-publish","4":"has-post-thumbnail","6":"product_brand-l1","7":"product_cat-werkzeuge-fur-ringe","8":"product_tag-acryl","9":"product_tag-artclay","10":"product_tag-bestimmen","11":"product_tag-bronze","12":"product_tag-die","13":"product_tag-diy","14":"product_tag-einzigartig","15":"product_tag-einzigartig-2","16":"product_tag-epoxid","17":"product_tag-es","18":"product_tag-formbare","19":"product_tag-gemacht","20":"product_tag-glas","21":"product_tag-gold","22":"product_tag-grose","23":"product_tag-hand","24":"product_tag-handgefertigt","25":"product_tag-harz","26":"product_tag-harz-2","27":"product_tag-hobby","28":"product_tag-ihr","29":"product_tag-keramik","30":"product_tag-kunst","31":"product_tag-kupfer","32":"product_tag-kupfer-3","33":"product_tag-machen","34":"product_tag-metalclay","35":"product_tag-metall","36":"product_tag-metall-3","37":"product_tag-modellierung","38":"product_tag-perlen-2","39":"product_tag-perlen-4","40":"product_tag-polymer","41":"product_tag-polymer-clay","42":"product_tag-porzellan-2","43":"product_tag-ring","44":"product_tag-ringe","45":"product_tag-ringgrose","46":"product_tag-ringgrose-2","47":"product_tag-schmuck","48":"product_tag-selbst","49":"product_tag-sie-selbst","50":"product_tag-silber","51":"product_tag-silberton","52":"product_tag-ton","53":"product_tag-ton-2","54":"product_tag-ton-3","55":"product_tag-tun","56":"product_tag-uv","57":"product_tag-workshop","58":"product_shipping_class-standard","60":"first","61":"instock","62":"taxable","63":"shipping-taxable","64":"purchasable","65":"product-type-simple"},"acf":[],"_links":{"self":[{"href":"https:\/\/esquell.eu\/de\/wp-json\/wp\/v2\/product\/15620","targetHints":{"allow":["GET"]}}],"collection":[{"href":"https:\/\/esquell.eu\/de\/wp-json\/wp\/v2\/product"}],"about":[{"href":"https:\/\/esquell.eu\/de\/wp-json\/wp\/v2\/types\/product"}],"replies":[{"embeddable":true,"href":"https:\/\/esquell.eu\/de\/wp-json\/wp\/v2\/comments?post=15620"}],"wp:featuredmedia":[{"embeddable":true,"href":"https:\/\/esquell.eu\/de\/wp-json\/wp\/v2\/media\/4337"}],"wp:attachment":[{"href":"https:\/\/esquell.eu\/de\/wp-json\/wp\/v2\/media?parent=15620"}],"wp:term":[{"taxonomy":"more","embeddable":true,"href":"https:\/\/esquell.eu\/de\/wp-json\/wp\/v2\/more?post=15620"},{"taxonomy":"product_brand","embeddable":true,"href":"https:\/\/esquell.eu\/de\/wp-json\/wp\/v2\/product_brand?post=15620"},{"taxonomy":"product_cat","embeddable":true,"href":"https:\/\/esquell.eu\/de\/wp-json\/wp\/v2\/product_cat?post=15620"},{"taxonomy":"product_tag","embeddable":true,"href":"https:\/\/esquell.eu\/de\/wp-json\/wp\/v2\/product_tag?post=15620"}],"curies":[{"name":"wp","href":"https:\/\/api.w.org\/{rel}","templated":true}]}}