{"id":15604,"date":"2025-04-03T09:21:48","date_gmt":"2025-04-03T09:21:48","guid":{"rendered":"https:\/\/esquell.eu\/product\/ringe-mit-riffelblech-und-stahldreifuss\/"},"modified":"2025-11-08T20:02:33","modified_gmt":"2025-11-08T20:02:33","slug":"ringe-mit-riffelblech-und-stahldreifuss","status":"publish","type":"product","link":"https:\/\/esquell.eu\/de\/produkt\/ringe-mit-riffelblech-und-stahldreifuss\/","title":{"rendered":"Ringe mit Riffelblech und Stahldreifu\u00df."},"content":{"rendered":"<p>ANGEBOT<\/p>\n<p>Sch\u00f6nes komplettes Set zum Herstellen und Modellieren von Ringen.<\/p>\n<ul>\n<li>Dreibeinig, Dorn. Gesamtl\u00e4nge 27 cm. Durchmesser unter 2,4 cm Durchmesser \u00fcber 1,1 cm Massiver Stahl. Ohne Gr\u00f6\u00dfenangabe, zum Vergr\u00f6\u00dfern, Kalibrieren und Modellieren von Ringen.   <\/li>\n<li>Juwelierhammer mit 1x Gummikopf und 1x Kunststoffkopf<\/li>\n<li>H\u00f6lzerner Ringstab (z.B. zum Modellieren von Ringen aus Metallton).<\/li>\n<li>Ringb\u00fcndel zur Bestimmung der Ringgr\u00f6\u00dfe. Sie haben die Wahl zwischen einem Ringbund mit europ\u00e4ischen oder japanischen Ma\u00dfen. (f\u00fcr die Verwendung mit Silver Clay \/ Art Clay Silber empfehlen wir das japanische B\u00fcndel, da die Arbeitsbeschreibungen oft auch mit diesen Ma\u00dfen funktionieren) <\/li>\n<\/ul>\n","protected":false},"excerpt":{"rendered":"<p>Sch\u00f6nes komplettes Set zum Herstellen und Modellieren von Ringen.<\/p>\n<ul>\n<li>Dreibeinig, Dorn. Gesamtl\u00e4nge 27 cm. Durchmesser unter 2,4 cm Durchmesser \u00fcber 1,1 cm Massiver Stahl. Ohne Gr\u00f6\u00dfenangabe, zum Vergr\u00f6\u00dfern, Kalibrieren und Modellieren von Ringen.   <\/li>\n<li>Juwelierhammer mit 1x Gummikopf und 1x Kunststoffkopf<\/li>\n<li>H\u00f6lzerner Ringstab (z.B. zum Modellieren von Ringen aus Metallton).<\/li>\n<li>Ringb\u00fcndel zur Bestimmung der Ringgr\u00f6\u00dfe. Sie haben die Wahl zwischen einem Ringbund mit europ\u00e4ischen oder japanischen Ma\u00dfen. (f\u00fcr die Verwendung mit Silver Clay \/ Art Clay Silber empfehlen wir das japanische B\u00fcndel, da die Arbeitsbeschreibungen oft auch mit diesen Ma\u00dfen funktionieren) <\/li>\n<\/ul>\n<p>&nbsp;<\/p>\n","protected":false},"featured_media":7502,"comment_status":"closed","ping_status":"closed","template":"","meta":{"_acf_changed":false,"_seopress_robots_primary_cat":"none","_seopress_titles_title":"","_seopress_titles_desc":"","_seopress_robots_index":""},"more":[],"product_brand":[6595],"product_cat":[7918,7882],"product_tag":[7803,6948,7798,6817,6802,6944,7812,6458,6790,6887,6415,6929,6840,7084,13761,7804,7128,12865,6826,8502,8905,8512,7802,14819,17222,6842,6824,6830,12875,6822,11312,13861,14818,10865,14814,13252,14810,9678,11644,6946,6836,8487,7336,6786,6885,14812,6932,6950,8498,6844,7801,6421,11376,6441,7800,8696,14769,14820,13392,6455,6832,12099,6788,12869,6828,6806,14807,14816,6777,10653,11339,14173,6928,6940,6419,13225,6558,7086,6490,9383,14176,7445,13250,7507,6834,11341,6784,6795,8483,8673,6814,6783,14808,6838,14806,7796],"class_list":{"0":"post-15604","1":"product","2":"type-product","3":"status-publish","4":"has-post-thumbnail","6":"product_brand-coole-tools","7":"product_cat-starter-pakete","8":"product_cat-werkzeuge-fur-ringe","9":"product_tag-almelo","10":"product_tag-almere","11":"product_tag-amersfoort","12":"product_tag-amsterdam","13":"product_tag-angebot","14":"product_tag-assen","15":"product_tag-beilen","16":"product_tag-belgien","17":"product_tag-bestellung","18":"product_tag-biegsames-silber","19":"product_tag-billig","20":"product_tag-blei","21":"product_tag-brabant","22":"product_tag-breda","23":"product_tag-bundel-ringe","24":"product_tag-delft","25":"product_tag-den-haag","26":"product_tag-domburg","27":"product_tag-drenthe","28":"product_tag-dronten","29":"product_tag-einsteigerpaket","30":"product_tag-emmeloord","31":"product_tag-enschede","32":"product_tag-euro","33":"product_tag-euro-2","34":"product_tag-flevoland","35":"product_tag-friesland","36":"product_tag-gelderland","37":"product_tag-gouda","38":"product_tag-groningen","39":"product_tag-grose","40":"product_tag-grose-2","41":"product_tag-gulden","42":"product_tag-gummi","43":"product_tag-gummihammer","44":"product_tag-hammer-2","45":"product_tag-hammer-3","46":"product_tag-hardenberg","47":"product_tag-harlingen","48":"product_tag-heerenveen","49":"product_tag-holland","50":"product_tag-hoogeveen","51":"product_tag-japanisch-3","52":"product_tag-kaufen","53":"product_tag-kaufen-2","54":"product_tag-klingelton","55":"product_tag-leeuwarden","56":"product_tag-lelystad","57":"product_tag-lemmer","58":"product_tag-limburg","59":"product_tag-maastricht","60":"product_tag-machen","61":"product_tag-mandrel","62":"product_tag-metallton","63":"product_tag-middelburg","64":"product_tag-modellierung-2","65":"product_tag-munzen","66":"product_tag-munzen-2","67":"product_tag-nehmen-sie","68":"product_tag-niederlande","69":"product_tag-norden","70":"product_tag-ommen-2","71":"product_tag-online","72":"product_tag-ouddorp","73":"product_tag-overijssel","74":"product_tag-rabatt","75":"product_tag-renesse","76":"product_tag-ring-der","77":"product_tag-ringe","78":"product_tag-ringgrose","79":"product_tag-ringstock","80":"product_tag-roosendaal","81":"product_tag-rotterdam","82":"product_tag-scheveningen","83":"product_tag-schmuck","84":"product_tag-schmuckhammer","85":"product_tag-sie-selbst","86":"product_tag-silberschmiede","87":"product_tag-silberton","88":"product_tag-solide","89":"product_tag-spijkenisse","90":"product_tag-stahl","91":"product_tag-stahl-3","92":"product_tag-starterset","93":"product_tag-sud","94":"product_tag-tribulett","95":"product_tag-unter-2","96":"product_tag-utrecht","97":"product_tag-venlo","98":"product_tag-watteninseln","99":"product_tag-webshop","100":"product_tag-wobei","101":"product_tag-woerden","102":"product_tag-zeeland","103":"product_tag-zierikzee","104":"product_tag-zwolle","105":"product_shipping_class-standard","107":"first","108":"instock","109":"taxable","110":"shipping-taxable","111":"purchasable","112":"product-type-simple"},"acf":[],"_links":{"self":[{"href":"https:\/\/esquell.eu\/de\/wp-json\/wp\/v2\/product\/15604","targetHints":{"allow":["GET"]}}],"collection":[{"href":"https:\/\/esquell.eu\/de\/wp-json\/wp\/v2\/product"}],"about":[{"href":"https:\/\/esquell.eu\/de\/wp-json\/wp\/v2\/types\/product"}],"replies":[{"embeddable":true,"href":"https:\/\/esquell.eu\/de\/wp-json\/wp\/v2\/comments?post=15604"}],"wp:featuredmedia":[{"embeddable":true,"href":"https:\/\/esquell.eu\/de\/wp-json\/wp\/v2\/media\/7502"}],"wp:attachment":[{"href":"https:\/\/esquell.eu\/de\/wp-json\/wp\/v2\/media?parent=15604"}],"wp:term":[{"taxonomy":"more","embeddable":true,"href":"https:\/\/esquell.eu\/de\/wp-json\/wp\/v2\/more?post=15604"},{"taxonomy":"product_brand","embeddable":true,"href":"https:\/\/esquell.eu\/de\/wp-json\/wp\/v2\/product_brand?post=15604"},{"taxonomy":"product_cat","embeddable":true,"href":"https:\/\/esquell.eu\/de\/wp-json\/wp\/v2\/product_cat?post=15604"},{"taxonomy":"product_tag","embeddable":true,"href":"https:\/\/esquell.eu\/de\/wp-json\/wp\/v2\/product_tag?post=15604"}],"curies":[{"name":"wp","href":"https:\/\/api.w.org\/{rel}","templated":true}]}}