{"id":15590,"date":"2025-04-03T09:21:48","date_gmt":"2025-04-03T09:21:48","guid":{"rendered":"https:\/\/esquell.eu\/product\/ringbund-aus-edelstahl-in-japanischer-groesse-budget-version-acs\/"},"modified":"2025-04-03T09:21:48","modified_gmt":"2025-04-03T09:21:48","slug":"ringbund-aus-edelstahl-in-japanischer-groesse-budget-version-acs","status":"publish","type":"product","link":"https:\/\/esquell.eu\/de\/produkt\/ringbund-aus-edelstahl-in-japanischer-groesse-budget-version-acs\/","title":{"rendered":"Ringbund aus Edelstahl in japanischer Gr\u00f6\u00dfe. Budget-Version ACS"},"content":{"rendered":"<p>Ringb\u00fcndel zur Bestimmung der Ringgr\u00f6\u00dfe.<\/p>\n<p>Die japanische Gr\u00f6\u00dfenbestimmung eignet sich sehr gut f\u00fcr die Arbeit mit Silver Clay.<br \/>\nGr\u00f6\u00dfenbestimmung 1-28<\/p>\n<p>Bei der Herstellung von Ringen aus Metal Clay muss die Schrumpfung des Metal Clay ber\u00fccksichtigt werden.<\/p>\n<p>Da Art Clay Silver \/ Silver Clay ein japanisches Produkt ist, sind viele Anleitungen auf der Grundlage japanischer Ringgr\u00f6\u00dfen geschrieben.<\/p>\n","protected":false},"excerpt":{"rendered":"<p>Ringb\u00fcndel zur Bestimmung der Ringgr\u00f6\u00dfe.<\/p>\n<p>Die japanische Gr\u00f6\u00dfenbestimmung eignet sich sehr gut f\u00fcr die Arbeit mit Silberton.<br \/>\nGr\u00f6\u00dfenbestimmung von 1-33<\/p>\n<p>Bei der Herstellung von Ringen aus Metallton muss die Schrumpfung des Metalltons ber\u00fccksichtigt werden.<\/p>\n<p>&nbsp;<\/p>\n<p>&nbsp;<\/p>\n","protected":false},"featured_media":7508,"comment_status":"closed","ping_status":"closed","template":"","meta":{"_acf_changed":false,"_seopress_robots_primary_cat":"none","_seopress_titles_title":"","_seopress_titles_desc":"","_seopress_robots_index":""},"more":[],"product_brand":[6365],"product_cat":[6596,7882],"product_tag":[9197,6488,6508,6506,6492,13388,11258,7387,13761,10323,6494,13220,6895,7555,6767,13861,9980,6897,7336,6498,7131,14734,6421,6444,7557,7756,8137,6441,8001,6496,6777,13863,13856,6419,9085,6899,6558,6417,6812,6490,6920,14733,6500,6556,6893],"class_list":{"0":"post-15590","1":"product","2":"type-product","3":"status-publish","4":"has-post-thumbnail","6":"product_brand-l1","7":"product_cat-grundlegende-werkzeuge","8":"product_cat-werkzeuge-fur-ringe","9":"product_tag-9197","10":"product_tag-6488","11":"product_tag-6508","12":"product_tag-6506","13":"product_tag-artclay","14":"product_tag-berechnen","15":"product_tag-besuchen-sie","16":"product_tag-bronze","17":"product_tag-bundel-ringe","18":"product_tag-die","19":"product_tag-diy","20":"product_tag-einzigartig-2","21":"product_tag-es","22":"product_tag-formbare","23":"product_tag-gold","24":"product_tag-grose-2","25":"product_tag-handgefertigt","26":"product_tag-ihr","27":"product_tag-japanisch-3","28":"product_tag-kunst","29":"product_tag-kupfer","30":"product_tag-lehrringtabelle","31":"product_tag-machen","32":"product_tag-metalclay","33":"product_tag-metall","34":"product_tag-metall-2","35":"product_tag-metall-3","36":"product_tag-metallton","37":"product_tag-pmc","38":"product_tag-recycelt","39":"product_tag-ringe","40":"product_tag-ringgrosen","41":"product_tag-ringwald","42":"product_tag-schmuck","43":"product_tag-schrumpfung","44":"product_tag-selbst","45":"product_tag-sie-selbst","46":"product_tag-silber","47":"product_tag-silber-3","48":"product_tag-silberton","49":"product_tag-sterling","50":"product_tag-tabelle","51":"product_tag-ton-2","52":"product_tag-ton-3","53":"product_tag-tun","54":"product_shipping_class-standard","56":"first","57":"instock","58":"taxable","59":"shipping-taxable","60":"purchasable","61":"product-type-simple"},"acf":[],"_links":{"self":[{"href":"https:\/\/esquell.eu\/de\/wp-json\/wp\/v2\/product\/15590","targetHints":{"allow":["GET"]}}],"collection":[{"href":"https:\/\/esquell.eu\/de\/wp-json\/wp\/v2\/product"}],"about":[{"href":"https:\/\/esquell.eu\/de\/wp-json\/wp\/v2\/types\/product"}],"replies":[{"embeddable":true,"href":"https:\/\/esquell.eu\/de\/wp-json\/wp\/v2\/comments?post=15590"}],"wp:featuredmedia":[{"embeddable":true,"href":"https:\/\/esquell.eu\/de\/wp-json\/wp\/v2\/media\/7508"}],"wp:attachment":[{"href":"https:\/\/esquell.eu\/de\/wp-json\/wp\/v2\/media?parent=15590"}],"wp:term":[{"taxonomy":"more","embeddable":true,"href":"https:\/\/esquell.eu\/de\/wp-json\/wp\/v2\/more?post=15590"},{"taxonomy":"product_brand","embeddable":true,"href":"https:\/\/esquell.eu\/de\/wp-json\/wp\/v2\/product_brand?post=15590"},{"taxonomy":"product_cat","embeddable":true,"href":"https:\/\/esquell.eu\/de\/wp-json\/wp\/v2\/product_cat?post=15590"},{"taxonomy":"product_tag","embeddable":true,"href":"https:\/\/esquell.eu\/de\/wp-json\/wp\/v2\/product_tag?post=15590"}],"curies":[{"name":"wp","href":"https:\/\/api.w.org\/{rel}","templated":true}]}}