{"id":15572,"date":"2025-04-03T09:21:48","date_gmt":"2025-04-03T09:21:48","guid":{"rendered":"https:\/\/esquell.eu\/product\/ringbuendel-aus-rostfreiem-stahl-europaeische-groesse-ausfuehrung-des-haushaltsplans\/"},"modified":"2025-04-03T09:21:48","modified_gmt":"2025-04-03T09:21:48","slug":"ringbuendel-aus-rostfreiem-stahl-europaeische-groesse-ausfuehrung-des-haushaltsplans","status":"publish","type":"product","link":"https:\/\/esquell.eu\/de\/produkt\/ringbuendel-aus-rostfreiem-stahl-europaeische-groesse-ausfuehrung-des-haushaltsplans\/","title":{"rendered":"Ringb\u00fcndel aus rostfreiem Stahl Europ\u00e4ische Gr\u00f6\u00dfe. Ausf\u00fchrung des Haushaltsplans"},"content":{"rendered":"<p>Ringb\u00fcndel zur Bestimmung der Ringgr\u00f6\u00dfe.<\/p>\n<p>EU-Gr\u00f6\u00dfe \u00c4u\u00dferer Umfang. Umrechnungstabelle verf\u00fcgbar. <\/p>\n<p>M\u00f6chten Sie das Ringb\u00fcndel f\u00fcr die Arbeit mit Silberton verwenden? Dann nehmen Sie das Ringb\u00fcndel mit japanischer K\u00f6rnung. Art Clay Silver \/ Silberton ist ein japanisches Produkt. Viele Anleitungen sind auf der Grundlage japanischer Ringgr\u00f6\u00dfen geschrieben.   <\/p>\n","protected":false},"excerpt":{"rendered":"<p>Ringb\u00fcndel zur Bestimmung der Ringgr\u00f6\u00dfe.<\/p>\n<p>EU-Gr\u00f6\u00dfe<br \/>\nGr\u00f6\u00dfen von 41-76<\/p>\n<p>&nbsp;<\/p>\n<p>Arbeiten Sie mit Metallton? Dann empfehlen wir Ihnen, die japanische Ringgr\u00f6\u00dfe zu verwenden. In den Arbeitsbeschreibungen f\u00fcr die Herstellung von Ringen aus Metallton werden h\u00e4ufig die japanischen Ringgr\u00f6\u00dfen verwendet.<strong><a href=\"https:\/\/www.esquell.nl\/p\/ringenbos-metaal-japanse-maatvoering-budget-uitvoering-acs\"><u> Japanische Ringgr\u00f6\u00dfen<\/u><\/a><\/strong>.  <\/p>\n<p>&nbsp;<\/p>\n","protected":false},"featured_media":7509,"comment_status":"closed","ping_status":"closed","template":"","meta":{"_acf_changed":false,"_seopress_robots_primary_cat":"none","_seopress_titles_title":"","_seopress_titles_desc":"","_seopress_robots_index":""},"more":[],"product_brand":[6365],"product_cat":[7882],"product_tag":[9197,6488,6508,6506,14768,13388,11258,7387,13761,7012,10323,6494,14527,13220,6895,8577,14763,6767,11312,13861,11308,9980,6897,14771,14766,7131,14734,6421,7756,8137,6441,10628,14770,8001,6496,6777,13863,13856,6419,9085,6899,6558,6417,6812,6920,14733,6556,6893,14764],"class_list":{"0":"post-15572","1":"product","2":"type-product","3":"status-publish","4":"has-post-thumbnail","6":"product_brand-l1","7":"product_cat-werkzeuge-fur-ringe","8":"product_tag-9197","9":"product_tag-6488","10":"product_tag-6508","11":"product_tag-6506","12":"product_tag-ausere-grose","13":"product_tag-berechnen","14":"product_tag-besuchen-sie","15":"product_tag-bronze","16":"product_tag-bundel-ringe","17":"product_tag-cm","18":"product_tag-die","19":"product_tag-diy","20":"product_tag-durchmesser","21":"product_tag-einzigartig-2","22":"product_tag-es","23":"product_tag-eu","24":"product_tag-europaisch","25":"product_tag-gold","26":"product_tag-grose","27":"product_tag-grose-2","28":"product_tag-grosen","29":"product_tag-handgefertigt","30":"product_tag-ihr","31":"product_tag-innendurchmesser","32":"product_tag-konvertieren","33":"product_tag-kupfer","34":"product_tag-lehrringtabelle","35":"product_tag-machen","36":"product_tag-metall-2","37":"product_tag-metall-3","38":"product_tag-metallton","39":"product_tag-mm","40":"product_tag-perimeter","41":"product_tag-pmc","42":"product_tag-recycelt","43":"product_tag-ringe","44":"product_tag-ringgrosen","45":"product_tag-ringwald","46":"product_tag-schmuck","47":"product_tag-schrumpfung","48":"product_tag-selbst","49":"product_tag-sie-selbst","50":"product_tag-silber","51":"product_tag-silber-3","52":"product_tag-sterling","53":"product_tag-tabelle","54":"product_tag-ton-3","55":"product_tag-tun","56":"product_tag-umrechnungstabelle","57":"product_shipping_class-standard","59":"first","60":"instock","61":"taxable","62":"shipping-taxable","63":"purchasable","64":"product-type-simple"},"acf":[],"_links":{"self":[{"href":"https:\/\/esquell.eu\/de\/wp-json\/wp\/v2\/product\/15572","targetHints":{"allow":["GET"]}}],"collection":[{"href":"https:\/\/esquell.eu\/de\/wp-json\/wp\/v2\/product"}],"about":[{"href":"https:\/\/esquell.eu\/de\/wp-json\/wp\/v2\/types\/product"}],"replies":[{"embeddable":true,"href":"https:\/\/esquell.eu\/de\/wp-json\/wp\/v2\/comments?post=15572"}],"wp:featuredmedia":[{"embeddable":true,"href":"https:\/\/esquell.eu\/de\/wp-json\/wp\/v2\/media\/7509"}],"wp:attachment":[{"href":"https:\/\/esquell.eu\/de\/wp-json\/wp\/v2\/media?parent=15572"}],"wp:term":[{"taxonomy":"more","embeddable":true,"href":"https:\/\/esquell.eu\/de\/wp-json\/wp\/v2\/more?post=15572"},{"taxonomy":"product_brand","embeddable":true,"href":"https:\/\/esquell.eu\/de\/wp-json\/wp\/v2\/product_brand?post=15572"},{"taxonomy":"product_cat","embeddable":true,"href":"https:\/\/esquell.eu\/de\/wp-json\/wp\/v2\/product_cat?post=15572"},{"taxonomy":"product_tag","embeddable":true,"href":"https:\/\/esquell.eu\/de\/wp-json\/wp\/v2\/product_tag?post=15572"}],"curies":[{"name":"wp","href":"https:\/\/api.w.org\/{rel}","templated":true}]}}