{"id":15551,"date":"2025-04-03T09:22:03","date_gmt":"2025-04-03T09:22:03","guid":{"rendered":"https:\/\/esquell.eu\/product\/ringbuendel-aus-edelstahl-in-japanischer-groesse-breite-ringe\/"},"modified":"2025-04-03T09:22:03","modified_gmt":"2025-04-03T09:22:03","slug":"ringbuendel-aus-edelstahl-in-japanischer-groesse-breite-ringe","status":"publish","type":"product","link":"https:\/\/esquell.eu\/de\/produkt\/ringbuendel-aus-edelstahl-in-japanischer-groesse-breite-ringe\/","title":{"rendered":"Ringb\u00fcndel aus Edelstahl in japanischer Gr\u00f6\u00dfe. Breite Ringe."},"content":{"rendered":"<p>Ringb\u00fcndel zur Bestimmung der Ringgr\u00f6\u00dfe.<\/p>\n<p>Breite Ringe f\u00fcr eine bessere Gr\u00f6\u00dfenbestimmung bei der Herstellung breiterer Ringe.<\/p>\n<p>Die japanische Gr\u00f6\u00dfenbestimmung ist sehr gut f\u00fcr die Arbeit mit Silberton geeignet.<br \/>\nGr\u00f6\u00dfenbestimmung von 1-33<\/p>\n<p>Bei der Herstellung von Ringen aus Metallton muss die Schrumpfung des Metalltons ber\u00fccksichtigt werden.<\/p>\n","protected":false},"excerpt":{"rendered":"<p>Ringb\u00fcndel zur Bestimmung der Ringgr\u00f6\u00dfe.<\/p>\n<p>Breite Ringe f\u00fcr eine bessere Gr\u00f6\u00dfenbestimmung bei der Herstellung breiterer Ringe.<\/p>\n<p>Die japanische Gr\u00f6\u00dfenbestimmung ist sehr gut f\u00fcr die Arbeit mit Silberton geeignet.<br \/>\nGr\u00f6\u00dfenbestimmung von 1-33<\/p>\n<p>Bei der Herstellung von Ringen aus Metallton muss die Schrumpfung des Metalltons ber\u00fccksichtigt werden.<\/p>\n<p>&nbsp;<\/p>\n<p>&nbsp;<\/p>\n","protected":false},"featured_media":7460,"comment_status":"closed","ping_status":"closed","template":"","meta":{"_acf_changed":false,"_seopress_robots_primary_cat":"none","_seopress_titles_title":"","_seopress_titles_desc":"","_seopress_robots_index":""},"more":[],"product_brand":[6365],"product_cat":[7882],"product_tag":[9197,6488,6508,6506,6492,13388,11258,7387,13761,10323,6494,13220,6895,7555,6767,13861,9980,6897,7336,6498,7131,14734,6421,6444,7557,7756,8137,6441,8001,6496,6777,13863,13856,6419,9085,6899,6558,6417,6812,6490,6920,14733,6500,6556,6893],"class_list":{"0":"post-15551","1":"product","2":"type-product","3":"status-publish","4":"has-post-thumbnail","6":"product_brand-l1","7":"product_cat-werkzeuge-fur-ringe","8":"product_tag-9197","9":"product_tag-6488","10":"product_tag-6508","11":"product_tag-6506","12":"product_tag-artclay","13":"product_tag-berechnen","14":"product_tag-besuchen-sie","15":"product_tag-bronze","16":"product_tag-bundel-ringe","17":"product_tag-die","18":"product_tag-diy","19":"product_tag-einzigartig-2","20":"product_tag-es","21":"product_tag-formbare","22":"product_tag-gold","23":"product_tag-grose-2","24":"product_tag-handgefertigt","25":"product_tag-ihr","26":"product_tag-japanisch-3","27":"product_tag-kunst","28":"product_tag-kupfer","29":"product_tag-lehrringtabelle","30":"product_tag-machen","31":"product_tag-metalclay","32":"product_tag-metall","33":"product_tag-metall-2","34":"product_tag-metall-3","35":"product_tag-metallton","36":"product_tag-pmc","37":"product_tag-recycelt","38":"product_tag-ringe","39":"product_tag-ringgrosen","40":"product_tag-ringwald","41":"product_tag-schmuck","42":"product_tag-schrumpfung","43":"product_tag-selbst","44":"product_tag-sie-selbst","45":"product_tag-silber","46":"product_tag-silber-3","47":"product_tag-silberton","48":"product_tag-sterling","49":"product_tag-tabelle","50":"product_tag-ton-2","51":"product_tag-ton-3","52":"product_tag-tun","53":"product_shipping_class-standard","55":"first","56":"instock","57":"taxable","58":"shipping-taxable","59":"purchasable","60":"product-type-simple"},"acf":[],"_links":{"self":[{"href":"https:\/\/esquell.eu\/de\/wp-json\/wp\/v2\/product\/15551","targetHints":{"allow":["GET"]}}],"collection":[{"href":"https:\/\/esquell.eu\/de\/wp-json\/wp\/v2\/product"}],"about":[{"href":"https:\/\/esquell.eu\/de\/wp-json\/wp\/v2\/types\/product"}],"replies":[{"embeddable":true,"href":"https:\/\/esquell.eu\/de\/wp-json\/wp\/v2\/comments?post=15551"}],"wp:featuredmedia":[{"embeddable":true,"href":"https:\/\/esquell.eu\/de\/wp-json\/wp\/v2\/media\/7460"}],"wp:attachment":[{"href":"https:\/\/esquell.eu\/de\/wp-json\/wp\/v2\/media?parent=15551"}],"wp:term":[{"taxonomy":"more","embeddable":true,"href":"https:\/\/esquell.eu\/de\/wp-json\/wp\/v2\/more?post=15551"},{"taxonomy":"product_brand","embeddable":true,"href":"https:\/\/esquell.eu\/de\/wp-json\/wp\/v2\/product_brand?post=15551"},{"taxonomy":"product_cat","embeddable":true,"href":"https:\/\/esquell.eu\/de\/wp-json\/wp\/v2\/product_cat?post=15551"},{"taxonomy":"product_tag","embeddable":true,"href":"https:\/\/esquell.eu\/de\/wp-json\/wp\/v2\/product_tag?post=15551"}],"curies":[{"name":"wp","href":"https:\/\/api.w.org\/{rel}","templated":true}]}}