{"id":15549,"date":"2025-04-03T09:22:03","date_gmt":"2025-04-03T09:22:03","guid":{"rendered":"https:\/\/esquell.eu\/product\/whetstone-points-schleif-und-polierset-5-stueck-f-1226\/"},"modified":"2025-04-03T09:22:03","modified_gmt":"2025-04-03T09:22:03","slug":"whetstone-points-schleif-und-polierset-5-stueck-f-1226","status":"publish","type":"product","link":"https:\/\/esquell.eu\/de\/produkt\/whetstone-points-schleif-und-polierset-5-stueck-f-1226\/","title":{"rendered":"Whetstone Points Schleif- und Polierset. 5 St\u00fcck F-1226"},"content":{"rendered":"<p>Whetstone Points Schleif- und Polierset. 5 St\u00fccke <\/p>\n<p>Schleifscheiben in verschiedenen K\u00f6rnungen, geeignet f\u00fcr Dremel oder \u00e4hnliche Multi- und Rotationswerkzeuge<\/p>\n<p>120 bis 1500 Grit + eine Hochglanzpolierspitze.<\/p>\n<p>Welle 2,35 mm<\/p>\n<p>Ideal z.B. f\u00fcr die Bearbeitung der Innenseite eines Rings und flacher Oberfl\u00e4chen<\/p>\n","protected":false},"excerpt":{"rendered":"<p>Whetstone Points Schleif- und Polierset. 5 St\u00fccke <\/p>\n<p>Schleifscheiben in verschiedenen K\u00f6rnungen, geeignet f\u00fcr Dremel oder \u00e4hnliche Multi- und Rotationswerkzeuge<\/p>\n<p>120 bis 1500 Grit + eine Hochglanzpolierspitze.<\/p>\n<p>&nbsp;<\/p>\n<p>Welle 2,35 mm<\/p>\n<p>&nbsp;<\/p>\n<p>Ideal z.B. f\u00fcr die Bearbeitung der Innenseite eines Rings und flacher Oberfl\u00e4chen<\/p>\n","protected":false},"featured_media":7464,"comment_status":"closed","ping_status":"closed","template":"","meta":{"_acf_changed":false,"_seopress_robots_primary_cat":"none","_seopress_titles_title":"","_seopress_titles_desc":"","_seopress_robots_index":""},"more":[],"product_brand":[6413],"product_cat":[7361],"product_tag":[10744,10633,7747,7017,10520,10514,10518,14731,14477,9262,13899,6777,9202,14732,7021,14646,7373,7441,6605,14728,14730],"class_list":{"0":"post-15549","1":"product","2":"type-product","3":"status-publish","4":"has-post-thumbnail","6":"product_brand-acs","7":"product_cat-schleifen-feilen-und-polieren","8":"product_tag-dateien","9":"product_tag-drehbar","10":"product_tag-einstellen","11":"product_tag-fur","12":"product_tag-glanz","13":"product_tag-hochglanz","14":"product_tag-hochglanzpolitur","15":"product_tag-innerhalb-3","16":"product_tag-korn-2","17":"product_tag-polieren","18":"product_tag-polieren-3","19":"product_tag-ringe","20":"product_tag-schleifen-2","21":"product_tag-schleifstein-2","22":"product_tag-schmuck-3","23":"product_tag-tipp-2","24":"product_tag-werkzeug","25":"product_tag-werkzeug-2","26":"product_tag-werkzeuge","27":"product_tag-whetstone","28":"product_tag-whetstones","29":"product_shipping_class-standard","31":"first","32":"instock","33":"taxable","34":"shipping-taxable","35":"purchasable","36":"product-type-simple"},"acf":[],"_links":{"self":[{"href":"https:\/\/esquell.eu\/de\/wp-json\/wp\/v2\/product\/15549","targetHints":{"allow":["GET"]}}],"collection":[{"href":"https:\/\/esquell.eu\/de\/wp-json\/wp\/v2\/product"}],"about":[{"href":"https:\/\/esquell.eu\/de\/wp-json\/wp\/v2\/types\/product"}],"replies":[{"embeddable":true,"href":"https:\/\/esquell.eu\/de\/wp-json\/wp\/v2\/comments?post=15549"}],"wp:featuredmedia":[{"embeddable":true,"href":"https:\/\/esquell.eu\/de\/wp-json\/wp\/v2\/media\/7464"}],"wp:attachment":[{"href":"https:\/\/esquell.eu\/de\/wp-json\/wp\/v2\/media?parent=15549"}],"wp:term":[{"taxonomy":"more","embeddable":true,"href":"https:\/\/esquell.eu\/de\/wp-json\/wp\/v2\/more?post=15549"},{"taxonomy":"product_brand","embeddable":true,"href":"https:\/\/esquell.eu\/de\/wp-json\/wp\/v2\/product_brand?post=15549"},{"taxonomy":"product_cat","embeddable":true,"href":"https:\/\/esquell.eu\/de\/wp-json\/wp\/v2\/product_cat?post=15549"},{"taxonomy":"product_tag","embeddable":true,"href":"https:\/\/esquell.eu\/de\/wp-json\/wp\/v2\/product_tag?post=15549"}],"curies":[{"name":"wp","href":"https:\/\/api.w.org\/{rel}","templated":true}]}}