{"id":15538,"date":"2025-04-03T09:22:03","date_gmt":"2025-04-03T09:22:03","guid":{"rendered":"https:\/\/esquell.eu\/product\/silikonringdorne-metallstaender-cooltools-10-verschiedene-ringgroessen\/"},"modified":"2026-03-08T06:37:36","modified_gmt":"2026-03-08T06:37:36","slug":"silikonringdorne-metallstaender-cooltools-10-verschiedene-ringgroessen","status":"publish","type":"product","link":"https:\/\/esquell.eu\/de\/produkt\/silikonringdorne-metallstaender-cooltools-10-verschiedene-ringgroessen\/","title":{"rendered":"Ringdorne aus Silikon + Metallst\u00e4nder Cooltools. 10 verschiedene Ringgr\u00f6\u00dfen"},"content":{"rendered":"<p>Silikonringdorne + Metallst\u00e4nder Cooltools.<\/p>\n<p>Diese antihaftbeschichteten Silikonringe sind das perfekte Werkzeug f\u00fcr die Herstellung von Ringen oder Zylindern aus Metallton. Auf dem St\u00e4nder platziert, sind diese Silikonringe das perfekte Werkzeug, um Metal Clay m\u00fchelos zu jedem runden Objekt zu formen.  . Hervorragend zum Formen von nassem Ton und auch zum Verfeinern oder Vergr\u00f6\u00dfern von Ton im Rohzustand. Leicht vom Silikondorn mit Antihaftbeschichtung zu entfernen. Langlebig und wiederverwendbar. US-Gr\u00f6\u00dfen: Halbe und ganze Gr\u00f6\u00dfen sind 8-12 und 8.5-12.5. ( Europ\u00e4ische Gr\u00f6\u00dfen von 56 bis 68 Umfang )    <\/p>\n","protected":false},"excerpt":{"rendered":"<p>Silikonringdorne + Metallst\u00e4nder Cooltools.<\/p>\n<p>&nbsp;<\/p>\n<p>Diese antihaftbeschichteten Silikonringe sind das perfekte Werkzeug f\u00fcr die Herstellung von Ringen oder Zylindern aus Metallton. Auf dem St\u00e4nder platziert, sind diese Silikonringe das perfekte Werkzeug, um Metal Clay m\u00fchelos zu jedem runden Objekt zu formen.  . Hervorragend zum Formen von nassem Ton und auch zum Verfeinern oder Vergr\u00f6\u00dfern von Ton im Rohzustand. Leicht vom Silikondorn mit Antihaftbeschichtung zu entfernen. Langlebig und wiederverwendbar. US-Gr\u00f6\u00dfen: Halbe und ganze Gr\u00f6\u00dfen sind 8-12 und 8.5-12.5. ( Europ\u00e4ische Gr\u00f6\u00dfen von 56 bis 68 Umfang )    <\/p>\n<p>&nbsp;<\/p>\n","protected":false},"featured_media":15542,"comment_status":"closed","ping_status":"closed","template":"","meta":{"_acf_changed":false,"_seopress_robots_primary_cat":"none","_seopress_titles_title":"","_seopress_titles_desc":"","_seopress_robots_index":""},"more":[],"product_brand":[6595],"product_cat":[7882],"product_tag":[6492,6438,6903,14712,8559,6494,12819,6769,6905,6421,11376,14720,6444,8137,6441,7553,10048,14715,6777,14707,8267,6435],"class_list":{"0":"post-15538","1":"product","2":"type-product","3":"status-publish","4":"has-post-thumbnail","6":"product_brand-coole-tools","7":"product_cat-werkzeuge-fur-ringe","8":"product_tag-artclay","9":"product_tag-artclaysilver","10":"product_tag-bronze-ton","11":"product_tag-cool-werkzeuge-ringe","12":"product_tag-cooltools","13":"product_tag-diy","14":"product_tag-farbring","15":"product_tag-goldton","16":"product_tag-kupferton","17":"product_tag-machen","18":"product_tag-mandrel","19":"product_tag-mandresl","20":"product_tag-metalclay","21":"product_tag-metall-3","22":"product_tag-metallton","23":"product_tag-modellierung","24":"product_tag-nicht-klebend","25":"product_tag-ringdorn","26":"product_tag-ringe","27":"product_tag-silikon","28":"product_tag-standard","29":"product_tag-ton","30":"product_shipping_class-standard","32":"first","33":"instock","34":"taxable","35":"shipping-taxable","36":"purchasable","37":"product-type-simple"},"acf":[],"_links":{"self":[{"href":"https:\/\/esquell.eu\/de\/wp-json\/wp\/v2\/product\/15538","targetHints":{"allow":["GET"]}}],"collection":[{"href":"https:\/\/esquell.eu\/de\/wp-json\/wp\/v2\/product"}],"about":[{"href":"https:\/\/esquell.eu\/de\/wp-json\/wp\/v2\/types\/product"}],"replies":[{"embeddable":true,"href":"https:\/\/esquell.eu\/de\/wp-json\/wp\/v2\/comments?post=15538"}],"wp:featuredmedia":[{"embeddable":true,"href":"https:\/\/esquell.eu\/de\/wp-json\/wp\/v2\/media\/15542"}],"wp:attachment":[{"href":"https:\/\/esquell.eu\/de\/wp-json\/wp\/v2\/media?parent=15538"}],"wp:term":[{"taxonomy":"more","embeddable":true,"href":"https:\/\/esquell.eu\/de\/wp-json\/wp\/v2\/more?post=15538"},{"taxonomy":"product_brand","embeddable":true,"href":"https:\/\/esquell.eu\/de\/wp-json\/wp\/v2\/product_brand?post=15538"},{"taxonomy":"product_cat","embeddable":true,"href":"https:\/\/esquell.eu\/de\/wp-json\/wp\/v2\/product_cat?post=15538"},{"taxonomy":"product_tag","embeddable":true,"href":"https:\/\/esquell.eu\/de\/wp-json\/wp\/v2\/product_tag?post=15538"}],"curies":[{"name":"wp","href":"https:\/\/api.w.org\/{rel}","templated":true}]}}