{"id":15508,"date":"2025-04-03T09:22:03","date_gmt":"2025-04-03T09:22:03","guid":{"rendered":"https:\/\/esquell.eu\/product\/mikro-fraeser-16-mm\/"},"modified":"2025-04-03T09:22:03","modified_gmt":"2025-04-03T09:22:03","slug":"mikro-fraeser-16-mm","status":"publish","type":"product","link":"https:\/\/esquell.eu\/de\/produkt\/mikro-fraeser-16-mm\/","title":{"rendered":"Mikro-Fr\u00e4ser 1,6 mm"},"content":{"rendered":"<p>Mikrofr\u00e4ser 1,6 mm<\/p>\n<p>Professionelle HSS-Mikrofr\u00e4ser.<\/p>\n<p>Schaft 2,35 mm<\/p>\n<p>Qualit\u00e4tsfr\u00e4ser f\u00fcr akribisches Gravieren, Schnitzen und Fr\u00e4sen in Ton, Holz, Kunststoff und weichen Metallen wie Silber.<\/p>\n<p>Geeignet f\u00fcr Bohrfutter, Handbohrer oder rotierende Werkzeuge wie Dremel oder andere Marken von Multi-Tools.<\/p>\n<p>&nbsp;<\/p>\n","protected":false},"excerpt":{"rendered":"<p>Mikrofr\u00e4ser 1,6 mm<\/p>\n<p>Professionelle HSS-Mikrofr\u00e4ser.<\/p>\n<p>Schaft 2,35 mm<\/p>\n<p>Qualit\u00e4tsfr\u00e4ser f\u00fcr sorgf\u00e4ltiges Gravieren, Schnitzen und Fr\u00e4sen in Ton, Holz, Kunststoff und weichen Metallen wie Silber.<\/p>\n<p>Geeignet f\u00fcr Bohrfutter, Handbohrer oder rotierende Werkzeuge wie Dremel oder andere Marken von Multitools.<\/p>\n<p>Dorndurchmesser 2,35mm<\/p>\n<p>&nbsp;<\/p>\n<p>&nbsp;<\/p>\n","protected":false},"featured_media":4321,"comment_status":"closed","ping_status":"closed","template":"","meta":{"_acf_changed":false,"_seopress_robots_primary_cat":"none","_seopress_titles_title":"","_seopress_titles_desc":"","_seopress_robots_index":""},"more":[],"product_brand":[6365],"product_cat":[8215,10426,7361],"product_tag":[10696,7568,6446,13334,6458,6677,6675,6494,10209,6680,7547,14614,6452,14616,6673,6786,14615,7019,6679,6421,8137,6441,9198,6373,10628,6455,6891,6419,6889,6784,6449,6814,14525,6818,6783],"class_list":{"0":"post-15508","1":"product","2":"type-product","3":"status-publish","4":"has-post-thumbnail","6":"product_brand-l1","7":"product_cat-lehm","8":"product_cat-metall","9":"product_cat-schleifen-feilen-und-polieren","10":"product_tag-10696","11":"product_tag-7568","12":"product_tag-aida","13":"product_tag-bearbeiten","14":"product_tag-belgien","15":"product_tag-belgien-2","16":"product_tag-craftlines","17":"product_tag-diy","18":"product_tag-europa-2","19":"product_tag-frankreich","20":"product_tag-frankreich-2","21":"product_tag-frasen","22":"product_tag-groshandel","23":"product_tag-hss","24":"product_tag-japan","25":"product_tag-kaufen","26":"product_tag-kutter-6","27":"product_tag-liefert","28":"product_tag-luxemburg","29":"product_tag-machen","30":"product_tag-metall-3","31":"product_tag-metallton","32":"product_tag-mikro","33":"product_tag-mini","34":"product_tag-mm","35":"product_tag-niederlande","36":"product_tag-online-shop","37":"product_tag-schmuck","38":"product_tag-shop","39":"product_tag-unter-2","40":"product_tag-verteiler","41":"product_tag-webshop","42":"product_tag-welle","43":"product_tag-werkzeuge-2","44":"product_tag-wobei","45":"product_shipping_class-standard","47":"first","48":"instock","49":"taxable","50":"shipping-taxable","51":"purchasable","52":"product-type-simple"},"acf":[],"_links":{"self":[{"href":"https:\/\/esquell.eu\/de\/wp-json\/wp\/v2\/product\/15508","targetHints":{"allow":["GET"]}}],"collection":[{"href":"https:\/\/esquell.eu\/de\/wp-json\/wp\/v2\/product"}],"about":[{"href":"https:\/\/esquell.eu\/de\/wp-json\/wp\/v2\/types\/product"}],"replies":[{"embeddable":true,"href":"https:\/\/esquell.eu\/de\/wp-json\/wp\/v2\/comments?post=15508"}],"wp:featuredmedia":[{"embeddable":true,"href":"https:\/\/esquell.eu\/de\/wp-json\/wp\/v2\/media\/4321"}],"wp:attachment":[{"href":"https:\/\/esquell.eu\/de\/wp-json\/wp\/v2\/media?parent=15508"}],"wp:term":[{"taxonomy":"more","embeddable":true,"href":"https:\/\/esquell.eu\/de\/wp-json\/wp\/v2\/more?post=15508"},{"taxonomy":"product_brand","embeddable":true,"href":"https:\/\/esquell.eu\/de\/wp-json\/wp\/v2\/product_brand?post=15508"},{"taxonomy":"product_cat","embeddable":true,"href":"https:\/\/esquell.eu\/de\/wp-json\/wp\/v2\/product_cat?post=15508"},{"taxonomy":"product_tag","embeddable":true,"href":"https:\/\/esquell.eu\/de\/wp-json\/wp\/v2\/product_tag?post=15508"}],"curies":[{"name":"wp","href":"https:\/\/api.w.org\/{rel}","templated":true}]}}