{"id":15503,"date":"2025-04-03T09:22:03","date_gmt":"2025-04-03T09:22:03","guid":{"rendered":"https:\/\/esquell.eu\/product\/messingbuerste-fuer-rotationswerkzeug-stahlbuerste\/"},"modified":"2026-02-14T10:34:53","modified_gmt":"2026-02-14T10:34:53","slug":"messingbuerste-fuer-rotationswerkzeug-stahlbuerste","status":"publish","type":"product","link":"https:\/\/esquell.eu\/de\/produkt\/messingbuerste-fuer-rotationswerkzeug-stahlbuerste\/","title":{"rendered":"Messingb\u00fcrste f\u00fcr Rotationswerkzeug. Stahlb\u00fcrste."},"content":{"rendered":"<p>Messingb\u00fcrste f\u00fcr Rotationswerkzeug. Stahlb\u00fcrste. <\/p>\n<p>Welle 3mm<\/p>\n","protected":false},"excerpt":{"rendered":"<p>Messingb\u00fcrste f\u00fcr Rotationswerkzeug. Stahlb\u00fcrste. <\/p>\n<p>Welle 3mm<\/p>\n","protected":false},"featured_media":15505,"comment_status":"closed","ping_status":"closed","template":"","meta":{"_acf_changed":false,"_seopress_robots_primary_cat":"none","_seopress_titles_title":"","_seopress_titles_desc":"","_seopress_robots_index":""},"more":[],"product_brand":[10821],"product_cat":[7361],"product_tag":[14605,14604,12088,6375,14516,10633,14478,9982,14200,10053,14578,14606,14603,7373,7441],"class_list":{"0":"post-15503","1":"product","2":"type-product","3":"status-publish","4":"has-post-thumbnail","6":"product_brand-div","7":"product_cat-schleifen-feilen-und-polieren","8":"product_tag-asseccoire","9":"product_tag-asseccoiries","10":"product_tag-bohren","11":"product_tag-burste","12":"product_tag-drahtlos","13":"product_tag-drehbar","14":"product_tag-dremel","15":"product_tag-hand","16":"product_tag-multi","17":"product_tag-multitool","18":"product_tag-polierburste-2","19":"product_tag-rotierend","20":"product_tag-stahlburste-messing","21":"product_tag-werkzeug","22":"product_tag-werkzeug-2","23":"product_shipping_class-standard","25":"first","26":"instock","27":"taxable","28":"shipping-taxable","29":"purchasable","30":"product-type-simple"},"acf":[],"_links":{"self":[{"href":"https:\/\/esquell.eu\/de\/wp-json\/wp\/v2\/product\/15503","targetHints":{"allow":["GET"]}}],"collection":[{"href":"https:\/\/esquell.eu\/de\/wp-json\/wp\/v2\/product"}],"about":[{"href":"https:\/\/esquell.eu\/de\/wp-json\/wp\/v2\/types\/product"}],"replies":[{"embeddable":true,"href":"https:\/\/esquell.eu\/de\/wp-json\/wp\/v2\/comments?post=15503"}],"wp:featuredmedia":[{"embeddable":true,"href":"https:\/\/esquell.eu\/de\/wp-json\/wp\/v2\/media\/15505"}],"wp:attachment":[{"href":"https:\/\/esquell.eu\/de\/wp-json\/wp\/v2\/media?parent=15503"}],"wp:term":[{"taxonomy":"more","embeddable":true,"href":"https:\/\/esquell.eu\/de\/wp-json\/wp\/v2\/more?post=15503"},{"taxonomy":"product_brand","embeddable":true,"href":"https:\/\/esquell.eu\/de\/wp-json\/wp\/v2\/product_brand?post=15503"},{"taxonomy":"product_cat","embeddable":true,"href":"https:\/\/esquell.eu\/de\/wp-json\/wp\/v2\/product_cat?post=15503"},{"taxonomy":"product_tag","embeddable":true,"href":"https:\/\/esquell.eu\/de\/wp-json\/wp\/v2\/product_tag?post=15503"}],"curies":[{"name":"wp","href":"https:\/\/api.w.org\/{rel}","templated":true}]}}